{"id":11950,"date":"2019-02-19T11:22:03","date_gmt":"2019-02-19T10:22:03","guid":{"rendered":"https:\/\/www.landskronafoto.org\/?page_id=11950"},"modified":"2026-01-14T11:34:00","modified_gmt":"2026-01-14T10:34:00","slug":"residens","status":"publish","type":"page","link":"https:\/\/www.landskronafoto.org\/en\/residens\/","title":{"rendered":"RESIDENCY"},"content":{"rendered":"\n<p>Twice a year Landskrona Foto Residency welcomes an early to mid-career photographer or artist working with photography and\/or lens-based media, who wishes to further and challenge their practice, to Landskrona, to engage in a project related to the city. <\/p>\n\n\n\n<h2 class=\"wp-block-heading\">PRACTICAL INFO<\/h2>\n\n\n\n<p>Our residency program is an opportunity for a non-Swedish photographer or artist working with photography and\/or lens based media to have time and space away from their usual environment and obligations. The residency takes place for 6 weeks during the spring and in the autumn. The residency photographer receives a grant of 15000 SEK (approx. 1500 EUR), travel expenses to and from the home country (economy only), an apartment in Landskrona, and an office space with Landskrona Foto crew. Landskrona Foto connects the photographer in residency with regional-based photographers, artists and other art professionals through meetings, mentoring, exhibition openings and other networking opportunities.<\/p>\n\n\n\n<h2 class=\"wp-block-heading\">HOW TO APPLY<\/h2>\n\n\n\n<p>The next residency period will be in the fall of 2026.<\/p>\n\n\n\n<p><br>If you have questions about the residency, contact ingalinn.hardelin@landskrona.se.<\/p>\n\n\n\n<p><\/p>\n\n\n\n<hr class=\"wp-block-separator has-alpha-channel-opacity\"\/>\n\n\n\n<figure class=\"wp-block-gallery alignright has-nested-images columns-default is-cropped wp-block-gallery-1 is-layout-flex wp-block-gallery-is-layout-flex\"><\/figure>\n\n\n\n<hr class=\"wp-block-separator has-alpha-channel-opacity\"\/>\n\n\n\n<p><\/p>\n\n\n\n<h2 class=\"wp-block-heading\">FORMER RESIDENCY HOLDERS<\/h2>\n\n\n\n<ul class=\"wp-block-list\">\n<li>2025: <a href=\"https:\/\/www.francescolevy.com\">Francesco Levy<\/a> and <a href=\"https:\/\/zexuanzeng.com\">Zexuan Zeng<\/a><\/li>\n\n\n\n<li>2024: <a href=\"https:\/\/www.martadjourina.com\" data-type=\"link\" data-id=\"https:\/\/www.martadjourina.com\">Marta Djourina<\/a> and <a href=\"https:\/\/www.emiliamartin.com\" data-type=\"link\" data-id=\"https:\/\/www.emiliamartin.com\">Emilia Martin<\/a><\/li>\n\n\n\n<li>2023: <a rel=\"noreferrer noopener\" href=\"https:\/\/www.roisinwhite.com\/gmrt8ybd9siujd16a7a4wvgfpxfadm\" target=\"_blank\">R\u00f3is\u00edn White<\/a>, <a href=\"https:\/\/www.hideyukiishibashi.com\/\" data-type=\"link\" data-id=\"https:\/\/www.hideyukiishibashi.com\/\">Hideyuki Ishibashi <\/a>and <a href=\"https:\/\/mashawysocka.eu\/\" data-type=\"link\" data-id=\"https:\/\/mashawysocka.eu\/\">Masha Wysocka<\/a><\/li>\n\n\n\n<li>2022: <a href=\"https:\/\/cargocollective.com\/sharoncastellanos\">Sharon Castellanos<\/a> and J<a href=\"http:\/\/johannhusser.com\/\">ohann Husser<\/a><\/li>\n\n\n\n<li>2021: <a rel=\"noreferrer noopener\" href=\"https:\/\/crystalbennes.com\/\" target=\"_blank\">Crystal Bennes<\/a> and <a rel=\"noreferrer noopener\" href=\"https:\/\/www.deannapizzitelli.com\/\" target=\"_blank\">Deanna Pizzitelli<\/a><\/li>\n\n\n\n<li>2020 <a rel=\"noreferrer noopener\" href=\"http:\/\/martabogdanska.com\/\" target=\"_blank\">Marta Bogdanska <\/a><\/li>\n\n\n\n<li>2019 <a href=\"http:\/\/www.vivekmariappan.com\/\">Vivek Mariappan<\/a> and  <a href=\"http:\/\/mariajudova.net\/\">M\u00e1ria J\u00fadov\u00e1<\/a>   <\/li>\n\n\n\n<li>2018: <a rel=\"noreferrer noopener\" aria-label=\"Manuel Castillo Jimenez (\u00f6ppnas i en ny flik)\" href=\"https:\/\/cargocollective.com\/manuelcastillo\" target=\"_blank\">Manuel Castillo Jimenez<\/a> and <a rel=\"noreferrer noopener\" aria-label=\"Anastasia Mityukova  (\u00f6ppnas i en ny flik)\" href=\"https:\/\/anastasiamityukova.ch\/\" target=\"_blank\">Anastasia Mityukova <\/a><\/li>\n\n\n\n<li>2017: <a rel=\"noreferrer noopener\" aria-label=\"Carlos Alba (\u00f6ppnas i en ny flik)\" href=\"http:\/\/www.carlosalba.com\/web\/index.html\" target=\"_blank\">Carlos Alba<\/a> and <a rel=\"noreferrer noopener\" aria-label=\"Karolina Gembara (\u00f6ppnas i en ny flik)\" href=\"http:\/\/cargocollective.com\/karolinagembara\" target=\"_blank\">Karolina Gembara<\/a> <\/li>\n\n\n\n<li>2016: <a rel=\"noreferrer noopener\" aria-label=\"Elva Lai (\u00f6ppnas i en ny flik)\" href=\"http:\/\/www.thisiselva.com\/\" target=\"_blank\">Elva Lai<\/a><\/li>\n\n\n\n<li>2014: Co\u015fkun Aral<\/li>\n<\/ul>\n\n\n\n<figure class=\"wp-block-gallery has-nested-images columns-default is-cropped wp-block-gallery-2 is-layout-flex wp-block-gallery-is-layout-flex\">\n<figure class=\"wp-block-image size-large\"><a  href=\"https:\/\/www.landskronafoto.org\/wp-content\/uploads\/2019\/03\/Carlos-Alba-Landskrona-Foto-Residency-2017.-1.jpg\" data-rel=\"lightbox-gallery-0\" data-rl_title=\"Carlos Alba Landskrona Foto Residency 2017.\" data-rl_caption=\"\" title=\"Carlos Alba Landskrona Foto Residency 2017.\"><img loading=\"lazy\" decoding=\"async\" width=\"2048\" height=\"1356\" data-id=\"12600\" src=\"https:\/\/www.landskronafoto.org\/wp-content\/uploads\/2019\/03\/Carlos-Alba-Landskrona-Foto-Residency-2017.-1-2048x1356.jpg\" alt=\"\" class=\"wp-image-12600\" srcset=\"https:\/\/www.landskronafoto.org\/wp-content\/uploads\/2019\/03\/Carlos-Alba-Landskrona-Foto-Residency-2017.-1.jpg 2048w, https:\/\/www.landskronafoto.org\/wp-content\/uploads\/2019\/03\/Carlos-Alba-Landskrona-Foto-Residency-2017.-1-1024x678.jpg 1024w\" sizes=\"auto, (max-width: 2048px) 100vw, 2048px\" \/><\/a><\/figure>\n\n\n\n<figure class=\"wp-block-image size-large\"><a  href=\"https:\/\/www.landskronafoto.org\/wp-content\/uploads\/2019\/03\/Carlos-Alba-Landskrona-Foto-Residency-2017-1.jpg\" data-rel=\"lightbox-gallery-0\" data-rl_title=\"Carlos Alba Landskrona Foto Residency 2017\" data-rl_caption=\"\" title=\"Carlos Alba Landskrona Foto Residency 2017\"><img loading=\"lazy\" decoding=\"async\" width=\"2048\" height=\"1395\" data-id=\"12602\" src=\"https:\/\/www.landskronafoto.org\/wp-content\/uploads\/2019\/03\/Carlos-Alba-Landskrona-Foto-Residency-2017-1-2048x1395.jpg\" alt=\"\" class=\"wp-image-12602\" srcset=\"https:\/\/www.landskronafoto.org\/wp-content\/uploads\/2019\/03\/Carlos-Alba-Landskrona-Foto-Residency-2017-1.jpg 2048w, https:\/\/www.landskronafoto.org\/wp-content\/uploads\/2019\/03\/Carlos-Alba-Landskrona-Foto-Residency-2017-1-1024x698.jpg 1024w\" sizes=\"auto, (max-width: 2048px) 100vw, 2048px\" \/><\/a><\/figure>\n\n\n\n<figure class=\"wp-block-image size-large\"><a  href=\"https:\/\/www.landskronafoto.org\/wp-content\/uploads\/2019\/03\/Carlos-Alba-Landskrona-Foto-Residency_2017.-1.jpg\" data-rel=\"lightbox-gallery-0\" data-rl_title=\"Carlos Alba Landskrona Foto Residency_2017.\" data-rl_caption=\"\" title=\"Carlos Alba Landskrona Foto Residency_2017.\"><img loading=\"lazy\" decoding=\"async\" width=\"2048\" height=\"1255\" data-id=\"12604\" src=\"https:\/\/www.landskronafoto.org\/wp-content\/uploads\/2019\/03\/Carlos-Alba-Landskrona-Foto-Residency_2017.-1-2048x1255.jpg\" alt=\"\" class=\"wp-image-12604\" srcset=\"https:\/\/www.landskronafoto.org\/wp-content\/uploads\/2019\/03\/Carlos-Alba-Landskrona-Foto-Residency_2017.-1.jpg 2048w, https:\/\/www.landskronafoto.org\/wp-content\/uploads\/2019\/03\/Carlos-Alba-Landskrona-Foto-Residency_2017.-1-1024x628.jpg 1024w\" sizes=\"auto, (max-width: 2048px) 100vw, 2048px\" \/><\/a><\/figure>\n\n\n\n<figure class=\"wp-block-image size-large\"><a  href=\"https:\/\/www.landskronafoto.org\/wp-content\/uploads\/2019\/03\/Carlos-Alba-Landskrona-Foto-Residency_2017-1.jpg\" data-rel=\"lightbox-gallery-0\" data-rl_title=\"Carlos Alba Landskrona Foto Residency_2017\" data-rl_caption=\"\" title=\"Carlos Alba Landskrona Foto Residency_2017\"><img loading=\"lazy\" decoding=\"async\" width=\"2048\" height=\"1356\" data-id=\"12606\" src=\"https:\/\/www.landskronafoto.org\/wp-content\/uploads\/2019\/03\/Carlos-Alba-Landskrona-Foto-Residency_2017-1-2048x1356.jpg\" alt=\"\" class=\"wp-image-12606\" srcset=\"https:\/\/www.landskronafoto.org\/wp-content\/uploads\/2019\/03\/Carlos-Alba-Landskrona-Foto-Residency_2017-1.jpg 2048w, https:\/\/www.landskronafoto.org\/wp-content\/uploads\/2019\/03\/Carlos-Alba-Landskrona-Foto-Residency_2017-1-1024x678.jpg 1024w\" sizes=\"auto, (max-width: 2048px) 100vw, 2048px\" \/><\/a><\/figure>\n\n\n\n<figure class=\"wp-block-image size-large\"><a  href=\"https:\/\/www.landskronafoto.org\/wp-content\/uploads\/2019\/03\/Carolina-Gembara-at-landskrona-Foto-Festival-2018-1.jpg\" data-rel=\"lightbox-gallery-0\" data-rl_title=\"Karolina Gembara at Landskrona Foto Festival 2018\" data-rl_caption=\"\" title=\"Karolina Gembara at Landskrona Foto Festival 2018\"><img loading=\"lazy\" decoding=\"async\" width=\"2048\" height=\"1356\" data-id=\"12608\" src=\"https:\/\/www.landskronafoto.org\/wp-content\/uploads\/2019\/03\/Carolina-Gembara-at-landskrona-Foto-Festival-2018-1-2048x1356.jpg\" alt=\"\" class=\"wp-image-12608\" srcset=\"https:\/\/www.landskronafoto.org\/wp-content\/uploads\/2019\/03\/Carolina-Gembara-at-landskrona-Foto-Festival-2018-1.jpg 2048w, https:\/\/www.landskronafoto.org\/wp-content\/uploads\/2019\/03\/Carolina-Gembara-at-landskrona-Foto-Festival-2018-1-1024x678.jpg 1024w\" sizes=\"auto, (max-width: 2048px) 100vw, 2048px\" \/><\/a><\/figure>\n\n\n\n<figure class=\"wp-block-image size-large\"><a  href=\"https:\/\/www.landskronafoto.org\/wp-content\/uploads\/2019\/03\/Elva-Lai-at-Landskrona-Foto-Festival-2017.-1.jpg\" data-rel=\"lightbox-gallery-0\" data-rl_title=\"Elva Lai at Landskrona Foto Festival 2017.\" data-rl_caption=\"\" title=\"Elva Lai at Landskrona Foto Festival 2017.\"><img loading=\"lazy\" decoding=\"async\" width=\"2048\" height=\"1365\" data-id=\"12610\" src=\"https:\/\/www.landskronafoto.org\/wp-content\/uploads\/2019\/03\/Elva-Lai-at-Landskrona-Foto-Festival-2017.-1-2048x1365.jpg\" alt=\"\" class=\"wp-image-12610\" srcset=\"https:\/\/www.landskronafoto.org\/wp-content\/uploads\/2019\/03\/Elva-Lai-at-Landskrona-Foto-Festival-2017.-1.jpg 2048w, https:\/\/www.landskronafoto.org\/wp-content\/uploads\/2019\/03\/Elva-Lai-at-Landskrona-Foto-Festival-2017.-1-1024x683.jpg 1024w\" sizes=\"auto, (max-width: 2048px) 100vw, 2048px\" \/><\/a><\/figure>\n\n\n\n<figure class=\"wp-block-image size-large\"><a  href=\"https:\/\/www.landskronafoto.org\/wp-content\/uploads\/2022\/01\/Marta-Bogdanska_Studio.jpg\" data-rel=\"lightbox-gallery-0\" data-rl_title=\"Marta-Bogdanska_Studio\" data-rl_caption=\"\" title=\"Marta-Bogdanska_Studio\"><img loading=\"lazy\" decoding=\"async\" width=\"2048\" height=\"1368\" data-id=\"20611\" src=\"https:\/\/www.landskronafoto.org\/wp-content\/uploads\/2022\/01\/Marta-Bogdanska_Studio-2048x1368.jpg\" alt=\"\" class=\"wp-image-20611\" srcset=\"https:\/\/www.landskronafoto.org\/wp-content\/uploads\/2022\/01\/Marta-Bogdanska_Studio-2048x1368.jpg 2048w, https:\/\/www.landskronafoto.org\/wp-content\/uploads\/2022\/01\/Marta-Bogdanska_Studio-1024x684.jpg 1024w, https:\/\/www.landskronafoto.org\/wp-content\/uploads\/2022\/01\/Marta-Bogdanska_Studio-1536x1026.jpg 1536w\" sizes=\"auto, (max-width: 2048px) 100vw, 2048px\" \/><\/a><\/figure>\n\n\n\n<figure class=\"wp-block-image size-large\"><a  href=\"https:\/\/www.landskronafoto.org\/wp-content\/uploads\/2022\/01\/Maria-Judova_Artist-Talk_VR.jpg\" data-rel=\"lightbox-gallery-0\" data-rl_title=\"Maria-Judova_Artist-Talk_VR\" data-rl_caption=\"\" title=\"Maria-Judova_Artist-Talk_VR\"><img loading=\"lazy\" decoding=\"async\" width=\"2048\" height=\"1365\" data-id=\"20609\" src=\"https:\/\/www.landskronafoto.org\/wp-content\/uploads\/2022\/01\/Maria-Judova_Artist-Talk_VR-2048x1365.jpg\" alt=\"\" class=\"wp-image-20609\" srcset=\"https:\/\/www.landskronafoto.org\/wp-content\/uploads\/2022\/01\/Maria-Judova_Artist-Talk_VR-2048x1365.jpg 2048w, https:\/\/www.landskronafoto.org\/wp-content\/uploads\/2022\/01\/Maria-Judova_Artist-Talk_VR-1024x683.jpg 1024w, https:\/\/www.landskronafoto.org\/wp-content\/uploads\/2022\/01\/Maria-Judova_Artist-Talk_VR-1536x1024.jpg 1536w\" sizes=\"auto, (max-width: 2048px) 100vw, 2048px\" \/><\/a><\/figure>\n\n\n\n<figure class=\"wp-block-image size-large\"><a  href=\"https:\/\/www.landskronafoto.org\/wp-content\/uploads\/2022\/01\/residency-page2.jpg\" data-rel=\"lightbox-gallery-0\" data-rl_title=\"residency-page2\" data-rl_caption=\"\" title=\"residency-page2\"><img loading=\"lazy\" decoding=\"async\" width=\"2048\" height=\"1365\" data-id=\"20606\" src=\"https:\/\/www.landskronafoto.org\/wp-content\/uploads\/2022\/01\/residency-page2-2048x1365.jpg\" alt=\"\" class=\"wp-image-20606\" srcset=\"https:\/\/www.landskronafoto.org\/wp-content\/uploads\/2022\/01\/residency-page2-2048x1365.jpg 2048w, https:\/\/www.landskronafoto.org\/wp-content\/uploads\/2022\/01\/residency-page2-1024x683.jpg 1024w, https:\/\/www.landskronafoto.org\/wp-content\/uploads\/2022\/01\/residency-page2-1536x1024.jpg 1536w\" sizes=\"auto, (max-width: 2048px) 100vw, 2048px\" \/><\/a><\/figure>\n<\/figure>\n\n\n\n<p>This project is made possible by financial support from Kultur Sk\u00e5ne<\/p>\n","protected":false},"excerpt":{"rendered":"<p>Twice a year Landskrona Foto Residency welcomes an early to mid-career photographer or artist working with photography and\/or lens-based media, who wishes to further and [&#8230;]<\/p>\n","protected":false},"author":13,"featured_media":22937,"parent":0,"menu_order":75,"comment_status":"closed","ping_status":"closed","template":"","meta":{"_acf_changed":false,"footnotes":""},"class_list":["post-11950","page","type-page","status-publish","has-post-thumbnail","hentry","excerpt","full-without-featured","even","excerpt-0"],"acf":[],"_links":{"self":[{"href":"https:\/\/www.landskronafoto.org\/en\/wp-json\/wp\/v2\/pages\/11950","targetHints":{"allow":["GET"]}}],"collection":[{"href":"https:\/\/www.landskronafoto.org\/en\/wp-json\/wp\/v2\/pages"}],"about":[{"href":"https:\/\/www.landskronafoto.org\/en\/wp-json\/wp\/v2\/types\/page"}],"author":[{"embeddable":true,"href":"https:\/\/www.landskronafoto.org\/en\/wp-json\/wp\/v2\/users\/13"}],"replies":[{"embeddable":true,"href":"https:\/\/www.landskronafoto.org\/en\/wp-json\/wp\/v2\/comments?post=11950"}],"version-history":[{"count":4,"href":"https:\/\/www.landskronafoto.org\/en\/wp-json\/wp\/v2\/pages\/11950\/revisions"}],"predecessor-version":[{"id":28929,"href":"https:\/\/www.landskronafoto.org\/en\/wp-json\/wp\/v2\/pages\/11950\/revisions\/28929"}],"wp:featuredmedia":[{"embeddable":true,"href":"https:\/\/www.landskronafoto.org\/en\/wp-json\/wp\/v2\/media\/22937"}],"wp:attachment":[{"href":"https:\/\/www.landskronafoto.org\/en\/wp-json\/wp\/v2\/media?parent=11950"}],"curies":[{"name":"wp","href":"https:\/\/api.w.org\/{rel}","templated":true}]}}