{"id":11956,"date":"2019-03-13T09:34:21","date_gmt":"2019-03-13T08:34:21","guid":{"rendered":"https:\/\/www.landskronafoto.org\/?page_id=11956"},"modified":"2024-08-09T13:02:35","modified_gmt":"2024-08-09T11:02:35","slug":"the-claes-lewenhaupt-scholarship","status":"publish","type":"page","link":"https:\/\/www.landskronafoto.org\/en\/the-claes-lewenhaupt-scholarship\/","title":{"rendered":"The Cla\u00ebs Lewenhaupt Scholarship"},"content":{"rendered":"\n<p>Cla\u00ebs\nLewenhaupt\u2019s scholarship fund for young photographers was funded after Cla\u00ebs\ndeath in 1990. The intention of the foundation is to promote young\nphotographers possibility to develop or fulfil a photographic idea through a\nyearly distribution.<\/p>\n\n\n\n<p>The foundation\nhas its residence in Landskrona and the board for the time being consists of\nTonie Lewenhaupt, Gerry Johansson, Janne J\u00f6nsson and G\u00f6ran Nystr\u00f6m.<\/p>\n\n\n\n<p>Up until 2018 the scholarship has been distributed 19 times. Lisa Brink is the scholar in 2022. Every scholar leaves an image as a gift to the foundation. These images are stored at Landskrona museum. <\/p>\n\n\n\n<p><a rel=\"noreferrer noopener\" href=\"http:\/\/clstiftelse.se\/\" target=\"_blank\">Read more about Cla\u00ebs Lewenhaupt-foundation and earlier scholars <\/a><\/p>\n\n\n\n<h2 class=\"wp-block-heading\">ABOUT\nCLA\u00cbS LEWENHAUPT<\/h2>\n\n\n\n<p>Like\nmany other photographers Cla\u00ebs Lewenhaupt acclaimed the daylight. The soft\nslightly sad and grey northern light that gently sneaks in and on over faces,\nbodies and fabrics, over food and people, room and gardens, over houses and\nlandscapes. <\/p>\n\n\n\n<p>The\ncamera, preferably a Rolleiflex, in a proper height, a steady tripod, no\nartificial angles, never difficult poses or overambitious arrangements. <\/p>\n\n\n\n<p>Claes\nwas in many ways a classical photographer but in his own personal way. Images\nof fashion, food, gardening, portraits, and commercials like Flora, TT-beer, or\nJane Hellen had their own often undated calm but never a boring character. <\/p>\n\n\n\n<p>Cla\u00ebs died of cancer in May 1990. At Landskrona museum the largest part of his image archive is stored.<\/p>\n\n\n\n<p><\/p>\n\n\n\n<h2 class=\"wp-block-heading\">The 2024 scholar is Elsa Gregersdotter<\/h2>\n\n\n\n<figure class=\"wp-block-gallery has-nested-images columns-default is-cropped wp-block-gallery-1 is-layout-flex wp-block-gallery-is-layout-flex\">\n<figure class=\"wp-block-image size-large\"><img loading=\"lazy\" decoding=\"async\" width=\"553\" height=\"689\" data-id=\"25653\" src=\"https:\/\/www.landskronafoto.org\/wp-content\/uploads\/2024\/06\/Skarmavbild-2024-06-12-kl.-10.59.18.png\" alt=\"\" class=\"wp-image-25653\"\/><figcaption class=\"wp-element-caption\">\u00a9Elsa Gregersdotter<\/figcaption><\/figure>\n\n\n\n<figure class=\"wp-block-image size-large\"><img loading=\"lazy\" decoding=\"async\" width=\"559\" height=\"699\" data-id=\"25651\" src=\"https:\/\/www.landskronafoto.org\/wp-content\/uploads\/2024\/06\/Skarmavbild-2024-06-12-kl.-10.59.37.png\" alt=\"\" class=\"wp-image-25651\"\/><figcaption class=\"wp-element-caption\">\u00a9Elsa Gregersdotter<\/figcaption><\/figure>\n<\/figure>\n\n\n\n<p><strong>Elsa Gregersdotter<\/strong> (b. 1992) is educated at the Valand Academy and is based in Stockholm. She works as a photographer and artist, moving between staged and documentary photography. Her work often focuses on the body and the gaze upon ourselves. She strives to create a visual world that conveys something about the human experience. Gregersdotter has participated in exhibitions in several cities across Europe, including Berlin, Budapest, Helsinki, \u0141\u00f3d\u017a, and Horten.<\/p>\n\n\n\n<p>In her artistic practice, Elsa Gregersdotter aims to create a visual world that conveys something about being human, the gaze upon the human body, and the expectations placed on us. She works with character creation, developing figures that raise questions about the representation of the body, self-awareness, and how we often see ourselves from an external perspective. The process is theatrical, and Elsa often views the images as scenes.<br><br>In the motivation for choosing Elsa Gregersdotter as this year&#8217;s Lewenhaupt grant recipient, the foundation states:<\/p>\n\n\n\n<p><em><strong>&#8220;The old man persists. Regardless of time and place, he turns his back on us. Only Elsa Gregersdotter knows who he is. She, who is both photographer and model. Her series of images is tender. Never condescending or ridiculing. But unexpected and beautiful in its artless simplicity. Elsa envisions a continuation or rather a development, which makes us in the grant foundation curious.&#8221;<\/strong><\/em><\/p>\n","protected":false},"excerpt":{"rendered":"<p>Cla\u00ebs Lewenhaupt\u2019s scholarship fund for young photographers was funded after Cla\u00ebs death in 1990. The intention of the foundation is to promote young photographers possibility [&#8230;]<\/p>\n","protected":false},"author":13,"featured_media":0,"parent":0,"menu_order":17,"comment_status":"closed","ping_status":"closed","template":"","meta":{"_acf_changed":false,"footnotes":""},"class_list":["post-11956","page","type-page","status-publish","hentry","excerpt","full-without-featured","even","excerpt-0"],"acf":[],"_links":{"self":[{"href":"https:\/\/www.landskronafoto.org\/en\/wp-json\/wp\/v2\/pages\/11956","targetHints":{"allow":["GET"]}}],"collection":[{"href":"https:\/\/www.landskronafoto.org\/en\/wp-json\/wp\/v2\/pages"}],"about":[{"href":"https:\/\/www.landskronafoto.org\/en\/wp-json\/wp\/v2\/types\/page"}],"author":[{"embeddable":true,"href":"https:\/\/www.landskronafoto.org\/en\/wp-json\/wp\/v2\/users\/13"}],"replies":[{"embeddable":true,"href":"https:\/\/www.landskronafoto.org\/en\/wp-json\/wp\/v2\/comments?post=11956"}],"version-history":[{"count":4,"href":"https:\/\/www.landskronafoto.org\/en\/wp-json\/wp\/v2\/pages\/11956\/revisions"}],"predecessor-version":[{"id":26532,"href":"https:\/\/www.landskronafoto.org\/en\/wp-json\/wp\/v2\/pages\/11956\/revisions\/26532"}],"wp:attachment":[{"href":"https:\/\/www.landskronafoto.org\/en\/wp-json\/wp\/v2\/media?parent=11956"}],"curies":[{"name":"wp","href":"https:\/\/api.w.org\/{rel}","templated":true}]}}