{"id":12007,"date":"2019-03-13T11:19:15","date_gmt":"2019-03-13T10:19:15","guid":{"rendered":"https:\/\/www.landskronafoto.org\/?page_id=12007"},"modified":"2025-05-28T13:53:33","modified_gmt":"2025-05-28T11:53:33","slug":"2013-2","status":"publish","type":"page","link":"https:\/\/www.landskronafoto.org\/en\/the-festival\/past-festivals\/2013-2\/","title":{"rendered":"2013"},"content":{"rendered":"\n<p>The first edition of the Landskrona Foto Festival was arranged the 23-25 August 2013.  Daid\u014d Moriyama, Jacob Aue Sobol, JH Engstr\u00f6m och Anna Clar\u00e9n were some of the exhibiting artists.<\/p>\n\n\n\n<p>Curator: Thomas H Johnsson<\/p>\n\n\n\n<div data-wp-interactive=\"core\/file\" class=\"wp-block-file\"><object data-wp-bind--hidden=\"!state.hasPdfPreview\" hidden class=\"wp-block-file__embed\" data=\"https:\/\/www.landskronafoto.org\/wp-content\/uploads\/2025\/05\/Landskrona-Foto-Festival-2013.pdf\" type=\"application\/pdf\" style=\"width:100%;height:1080px\" aria-label=\"Embed of katalog Landskrona Foto Festival 2013.\"><\/object><a id=\"wp-block-file--media-2acfb0db-7fe8-4f14-84fe-dc2f13157821\" href=\"https:\/\/www.landskronafoto.org\/wp-content\/uploads\/2025\/05\/Landskrona-Foto-Festival-2013.pdf\">katalog Landskrona Foto Festival 2013<\/a><a href=\"https:\/\/www.landskronafoto.org\/wp-content\/uploads\/2025\/05\/Landskrona-Foto-Festival-2013.pdf\" class=\"wp-block-file__button wp-element-button\" download aria-describedby=\"wp-block-file--media-2acfb0db-7fe8-4f14-84fe-dc2f13157821\">Ladda ner<\/a><\/div>\n","protected":false},"excerpt":{"rendered":"<p>The first edition of the Landskrona Foto Festival was arranged the 23-25 August 2013. Daid\u014d Moriyama, Jacob Aue Sobol, JH Engstr\u00f6m och Anna Clar\u00e9n were [&#8230;]<\/p>\n","protected":false},"author":13,"featured_media":0,"parent":11968,"menu_order":3,"comment_status":"closed","ping_status":"closed","template":"","meta":{"_acf_changed":false,"footnotes":""},"class_list":["post-12007","page","type-page","status-publish","hentry","excerpt","full-without-featured","even","excerpt-0"],"acf":[],"_links":{"self":[{"href":"https:\/\/www.landskronafoto.org\/en\/wp-json\/wp\/v2\/pages\/12007","targetHints":{"allow":["GET"]}}],"collection":[{"href":"https:\/\/www.landskronafoto.org\/en\/wp-json\/wp\/v2\/pages"}],"about":[{"href":"https:\/\/www.landskronafoto.org\/en\/wp-json\/wp\/v2\/types\/page"}],"author":[{"embeddable":true,"href":"https:\/\/www.landskronafoto.org\/en\/wp-json\/wp\/v2\/users\/13"}],"replies":[{"embeddable":true,"href":"https:\/\/www.landskronafoto.org\/en\/wp-json\/wp\/v2\/comments?post=12007"}],"version-history":[{"count":3,"href":"https:\/\/www.landskronafoto.org\/en\/wp-json\/wp\/v2\/pages\/12007\/revisions"}],"predecessor-version":[{"id":28233,"href":"https:\/\/www.landskronafoto.org\/en\/wp-json\/wp\/v2\/pages\/12007\/revisions\/28233"}],"up":[{"embeddable":true,"href":"https:\/\/www.landskronafoto.org\/en\/wp-json\/wp\/v2\/pages\/11968"}],"wp:attachment":[{"href":"https:\/\/www.landskronafoto.org\/en\/wp-json\/wp\/v2\/media?parent=12007"}],"curies":[{"name":"wp","href":"https:\/\/api.w.org\/{rel}","templated":true}]}}