{"id":12131,"date":"2019-03-18T10:50:45","date_gmt":"2019-03-18T09:50:45","guid":{"rendered":"https:\/\/www.landskronafoto.org\/?page_id=12131"},"modified":"2020-03-03T09:48:20","modified_gmt":"2020-03-03T08:48:20","slug":"talks","status":"publish","type":"page","link":"https:\/\/www.landskronafoto.org\/en\/talks\/","title":{"rendered":"EVENINGtalks (2019)"},"content":{"rendered":"\n<p>In conjunction with the exhibition Pierre Bourdieu in Algeria. Testimonies of Uprooting, five evening talks where arranged, during April 2019.<\/p>\n\n\n\n<p>As a starting point from the different themes found in Pierre Bourdieu\u2019s exhibition we have invited speakers who will narrate, philosophize and talk. The Talks starts at 18.00 where the invited guests will have a conversation about the current subject and after that there will be time for questions and discussions.<\/p>\n\n\n\n<h2 class=\"wp-block-heading\">PROGRAM &nbsp;&nbsp; <\/h2>\n\n\n\n<h3 class=\"wp-block-heading\">WAR &amp; SOCIAL CONVERSION<\/h3>\n\n\n\n<p><strong>Claes JB L\u00f6fgren, <\/strong><em><strong>journalist SvT<\/strong><\/em><strong><br> Anna Hedlund, <\/strong><em><strong>Scientist in Anthropology, Lunds University<\/strong><\/em><strong><br> Moderator: H\u00e5kan Silverup, <\/strong><em><strong>PhD in Sociology, Lunds University<\/strong><\/em><strong> <\/strong><\/p>\n\n\n\n<h3 class=\"wp-block-heading\">SOCIAL HERITAGE &amp; YOUNG PEOPLE\u2019S CULTURAL COMMITMENT <\/h3>\n\n\n\n<p><strong>Camilla Sj\u00f6strand och Robert Karlsson, <\/strong><em><strong>Developer, the Culture Department Region Sk\u00e5ne<\/strong><\/em><strong><br> Magnus Karlsson, <\/strong><em><strong>Assistant Professor of Sociology, Lunds <\/strong><\/em><strong> <\/strong><em><strong>University<\/strong><\/em><strong> <br> Moderator: Chris Mathieu,<\/strong><em><strong> Associate Professor of Sociology, Lunds <\/strong><\/em><strong> <\/strong><em><strong>University<\/strong><\/em> <\/p>\n\n\n\n<h3 class=\"wp-block-heading\">THE ELITES <\/h3>\n\n\n\n<p><strong>Mikael Holmqvist, <\/strong><em><strong>Professor of Business, Stockholms University<\/strong><\/em><strong><br>Anita G\u00f6ransson, <\/strong><em><strong>Professor emeritus of Women\u2019s history, G\u00f6teborgs och Link\u00f6pings University<\/strong><\/em><strong><br>Moderator: Christofer Edling, <\/strong><em><strong>Professor of Sociology, Lunds <\/strong><\/em><strong> <\/strong><em><strong>University<\/strong><\/em><strong> <\/strong><\/p>\n\n\n\n<h3 class=\"wp-block-heading\">WOMEN, PHOTOGRAPHY &amp; THE ARCHIVE <\/h3>\n\n\n\n<p><strong>Anette Sarn\u00e4s, <\/strong><em><strong>Archivist, Malm\u00f6 City Archive<\/strong><\/em><strong><br>Erika Larsson, <\/strong><em><strong>post-doctor at Akademin Valand, University of Gothenburg<\/strong><\/em><strong><br>Moderator: Alison Gerber, <\/strong><em><strong>post-doctor of Sociology, Lunds University<\/strong><\/em><\/p>\n\n\n\n<h3 class=\"wp-block-heading\">A SCHOOL IN CRISIS? <\/h3>\n\n\n\n<p><strong>Magnus Persson, <\/strong><em><strong>Assistant Professor, L\u00e4rande och samh\u00e4lle (Learning and Society), Malm\u00f6 University<\/strong><\/em><strong><br> Lisbeth Gyllander Torkildsen, <\/strong><em><strong>Manager of Science and development, Educational Department , Landskrona stad<\/strong><\/em><strong><br> Elisavet Tziampazis, <\/strong><em><strong>Regional manager, Stiftelsen L\u00e4xhj\u00e4lpen<\/strong><\/em><strong><br> Moderator: Barbara Schulte, <\/strong><em><strong>Associate Professor in Pedagogy, Lunds University<\/strong><\/em><\/p>\n\n\n\n<div class=\"wp-block-columns has-2-columns is-layout-flex wp-container-core-columns-is-layout-9d6595d7 wp-block-columns-is-layout-flex\">\n<div class=\"wp-block-column is-layout-flow wp-block-column-is-layout-flow\">\n<p>  <\/p>\n<\/div>\n\n\n\n<div class=\"wp-block-column is-layout-flow wp-block-column-is-layout-flow\"><\/div>\n<\/div>\n","protected":false},"excerpt":{"rendered":"<p>In conjunction with the exhibition Pierre Bourdieu in Algeria. Testimonies of Uprooting, five evening talks where arranged, during April 2019. As a starting point from [&#8230;]<\/p>\n","protected":false},"author":13,"featured_media":16659,"parent":0,"menu_order":193,"comment_status":"closed","ping_status":"closed","template":"","meta":{"_acf_changed":false,"footnotes":""},"class_list":["post-12131","page","type-page","status-publish","has-post-thumbnail","hentry","excerpt","full-without-featured","even","excerpt-0"],"acf":[],"_links":{"self":[{"href":"https:\/\/www.landskronafoto.org\/en\/wp-json\/wp\/v2\/pages\/12131","targetHints":{"allow":["GET"]}}],"collection":[{"href":"https:\/\/www.landskronafoto.org\/en\/wp-json\/wp\/v2\/pages"}],"about":[{"href":"https:\/\/www.landskronafoto.org\/en\/wp-json\/wp\/v2\/types\/page"}],"author":[{"embeddable":true,"href":"https:\/\/www.landskronafoto.org\/en\/wp-json\/wp\/v2\/users\/13"}],"replies":[{"embeddable":true,"href":"https:\/\/www.landskronafoto.org\/en\/wp-json\/wp\/v2\/comments?post=12131"}],"version-history":[{"count":5,"href":"https:\/\/www.landskronafoto.org\/en\/wp-json\/wp\/v2\/pages\/12131\/revisions"}],"predecessor-version":[{"id":16684,"href":"https:\/\/www.landskronafoto.org\/en\/wp-json\/wp\/v2\/pages\/12131\/revisions\/16684"}],"wp:featuredmedia":[{"embeddable":true,"href":"https:\/\/www.landskronafoto.org\/en\/wp-json\/wp\/v2\/media\/16659"}],"wp:attachment":[{"href":"https:\/\/www.landskronafoto.org\/en\/wp-json\/wp\/v2\/media?parent=12131"}],"curies":[{"name":"wp","href":"https:\/\/api.w.org\/{rel}","templated":true}]}}