{"id":12762,"date":"2019-02-28T09:18:49","date_gmt":"2019-02-28T08:18:49","guid":{"rendered":"https:\/\/www.landskronafoto.org\/?page_id=12762"},"modified":"2025-05-26T13:16:45","modified_gmt":"2025-05-26T11:16:45","slug":"historia","status":"publish","type":"page","link":"https:\/\/www.landskronafoto.org\/en\/historia\/","title":{"rendered":"HISTORIA"},"content":{"rendered":"\n<p class=\"has-text-align-center has-large-font-size\"><\/p>\n\n\n\n<h2 class=\"wp-block-heading\"><strong>FR\u00c5N MILIT\u00c4RT F\u00d6RR\u00c5D <\/strong><\/h2>\n\n\n\n<h2 class=\"wp-block-heading\"><strong>TILL FOTOGRAFISKT CENTRUM<\/strong><\/h2>\n\n\n\n<figure class=\"wp-block-image is-style-default\"><img loading=\"lazy\" decoding=\"async\" width=\"1772\" height=\"1204\" src=\"https:\/\/www.landskronafoto.org\/wp-content\/uploads\/2022\/09\/B1000540.jpg\" alt=\"\" class=\"wp-image-22585\" srcset=\"https:\/\/www.landskronafoto.org\/wp-content\/uploads\/2022\/09\/B1000540.jpg 1772w, https:\/\/www.landskronafoto.org\/wp-content\/uploads\/2022\/09\/B1000540-1024x696.jpg 1024w, https:\/\/www.landskronafoto.org\/wp-content\/uploads\/2022\/09\/B1000540-1536x1044.jpg 1536w\" sizes=\"auto, (max-width: 1772px) 100vw, 1772px\" \/><figcaption>Husarer till h\u00e4st utanf\u00f6r Tyghuset Fotograf Anton Hagman ca 1925 \/ Landskrona Museum<\/figcaption><\/figure>\n\n\n\n<p><\/p>\n\n\n\n<p><\/p>\n\n\n\n<p><strong>F\u00e4ltf\u00f6rr\u00e5d och gymnastiksal<\/strong>\u00a0<\/p>\n\n\n\n<p>P\u00e5 1870-talet avvecklades den milit\u00e4ra verksamheten vid Citadellet och flyttade in till kasernomr\u00e5det. Ett nytt f\u00f6rr\u00e5dshus f\u00f6r artilleriet beh\u00f6vdes, och under \u00e5ren 1874\u20131876 uppf\u00f6rdes Tyghuset vid Kasernplans norra sida. Vem som ritade huset \u00e4r i\u202fdag ok\u00e4nt. Tv\u00e5 \u00e5r senare byggdes det intilliggande Exercishuset, en gymnastiksal avsedd f\u00f6r milit\u00e4ra \u00f6vningar, efter ritningar av fortifikationsbef\u00e4lhavaren Fritz Ewerl\u00f6f. Under Tyghusets f\u00f6rsta 50 \u00e5r var tre olika f\u00f6rband f\u00f6rlagda p\u00e5 kasernomr\u00e5det i Landskrona: Wendes artilleriregemente (fram till 1897), Kungliga Sk\u00e5nska Tr\u00e4ngk\u00e5ren (1895\u20131907) och Sk\u00e5nska husarregementet (1908\u20131926). I samband med husarernas ankomst 1908 gjordes st\u00f6rre delen av Tyghuset om till matsal med anslutande k\u00f6k, och i byggnadens \u00f6stra del inreddes celler och arrestlokal. Samma \u00e5r uppf\u00f6rdes ett omkl\u00e4dningsrum, den l\u00e5ga tegelbyggnad som \u00e4n i\u202fdag f\u00f6rbinder Tyghuset och Exercishuset. H\u00f6sten 1926 \u00f6vergavs husen n\u00e4r husarregementets avdelning i Landskrona lades ned och de kvarvarande skvadronerna flyttade till Helsingborg.<\/p>\n\n\n\n<figure class=\"wp-block-image is-style-default\"><img loading=\"lazy\" decoding=\"async\" width=\"1754\" height=\"1268\" src=\"https:\/\/www.landskronafoto.org\/wp-content\/uploads\/2022\/09\/B446.jpg\" alt=\"\" class=\"wp-image-22582\" srcset=\"https:\/\/www.landskronafoto.org\/wp-content\/uploads\/2022\/09\/B446.jpg 1754w, https:\/\/www.landskronafoto.org\/wp-content\/uploads\/2022\/09\/B446-1024x740.jpg 1024w, https:\/\/www.landskronafoto.org\/wp-content\/uploads\/2022\/09\/B446-1536x1110.jpg 1536w\" sizes=\"auto, (max-width: 1754px) 100vw, 1754px\" \/><figcaption>Landskrona Hantverks- och Industrif\u00f6rening Jubileumsutst\u00e4llning. Fr\u00e5n dekoreringsarbetet i huvudrestaurangen. 1929\/ Landskrona Museum<\/figcaption><\/figure>\n\n\n\n<p><\/p>\n\n\n\n<p><strong>Jubileumsutst\u00e4llning och restaurang<\/strong>&nbsp;<\/p>\n\n\n\n<p>Sommaren 1929 anordnade Landskrona Hantverks- och Industrif\u00f6rening en utst\u00e4llning p\u00e5 kasernomr\u00e5det f\u00f6r att fira f\u00f6reningens 50-\u00e5rsjubileum. Tyghusets bottenv\u00e5ning f\u00f6rvandlades till en stor restaurang med uteservering l\u00e4ngs hela s\u00f6dra fasaden. P\u00e5 andra v\u00e5ningen inhystes skolutst\u00e4llningar, och den stora andelen danska deltagare (bl.a. Georg Jensen) st\u00e4llde ut i Exercishuset. Efter att Sverige hade besegrat Estland i fotboll (4\u20131) p\u00e5 Landskrona idrottsplats den 7 juli bj\u00f6d Svenska fotbollf\u00f6rbundet b\u00e5da landslagen p\u00e5 middag i Tyghusets restaurang. En mindre utst\u00e4llning arrangerades av hantverksf\u00f6reningen 1934. \u00c4ven d\u00e5 st\u00e4llde olika deltagare ut i Tyghusets lokaler.\u00a0\u00a0<\/p>\n\n\n\n<figure class=\"wp-block-image is-style-default\"><img loading=\"lazy\" decoding=\"async\" width=\"1746\" height=\"1754\" src=\"https:\/\/www.landskronafoto.org\/wp-content\/uploads\/2022\/09\/B1003577.jpg\" alt=\"\" class=\"wp-image-22587\" srcset=\"https:\/\/www.landskronafoto.org\/wp-content\/uploads\/2022\/09\/B1003577.jpg 1746w, https:\/\/www.landskronafoto.org\/wp-content\/uploads\/2022\/09\/B1003577-1019x1024.jpg 1019w, https:\/\/www.landskronafoto.org\/wp-content\/uploads\/2022\/09\/B1003577-150x150.jpg 150w, https:\/\/www.landskronafoto.org\/wp-content\/uploads\/2022\/09\/B1003577-1529x1536.jpg 1529w\" sizes=\"auto, (max-width: 1746px) 100vw, 1746px\" \/><figcaption>Landskrona Atletklubb. Tr\u00e4ning p\u00e5 Tyghuset. Tyngdlyftning. September 1953. Fotograf Sandgren-Petersson \/ Landskrona Museum<\/figcaption><\/figure>\n\n\n\n<p><\/p>\n\n\n\n<p><strong>Kommunen k\u00f6per byggnaderna<\/strong>&nbsp;<\/p>\n\n\n\n<p>\u00c5r 1931 tog l\u00e4roverket i Landskrona \u00f6ver Exercishusets gymnastiksal som hade f\u00f6rsetts med nya omkl\u00e4dningsrum. Tv\u00e5 \u00e5r senare f\u00f6rv\u00e4rvade Landskrona kommun hela kasernomr\u00e5det inklusive byggnader av staten. Kavallerigatan som i\u202fdag l\u00f6per l\u00e4ngs Tyghuset och Exercishuset anlades, och j\u00e4rnstaketet som dittills hade omg\u00e4rdat Kasernplan plockades ned. I samma veva uttryckte stadsbibliotekarie C. E. Jonasson \u00f6nskem\u00e5l om att inreda ett stadsbibliotek i byggnaden, ett f\u00f6rslag som dock aldrig blev verklighet. Inv\u00e4ndigt byggdes Tyghuset om f\u00f6r civila verksamheter, och l\u00e4nge anv\u00e4ndes det till kommunal f\u00f6rvaltning och f\u00f6reningslokaler. Till exempel hade Arbetsf\u00f6rmedlingen och Landskronahem kontor i huset, och under 1940- och 1950-talen hade den socialpolitiska organisationen Verdandis ungdomsloge och det socialdemokratiska ungdomsf\u00f6rbundet, SSU, sina respektive klubblokaler d\u00e4r. H\u00f6sten 1945 inr\u00e4ttades ett tillf\u00e4lligt daghem f\u00f6r 18 barn vars m\u00f6drar hj\u00e4lpte till att ta upp sockerbetor p\u00e5 dagarna. \u00c5r 1953 gjordes det plats \u00e5t flera frivilliga f\u00f6rsvarsorganisationer: Landskrona Bef\u00e4lsutbildningsf\u00f6rening, Hemv\u00e4rnet, Lottak\u00e5ren och Skyttegillet. Samlingslokalerna gick under namnet H\u00f6gvakten.&nbsp;&nbsp;<\/p>\n\n\n\n<p>Exercishuset fortsatte att fungera som gymnastik- och idrottshall \u00e4ven efter kommunens f\u00f6rv\u00e4rv 1933, inte bara f\u00f6r l\u00e4roverkets elever utan ocks\u00e5 f\u00f6r lokala sportklubbar och idrottsevenemang. Handboll, boxning, tyngdlyftning, judo och volleyboll \u00e4r bara n\u00e5gra exempel p\u00e5 aktiviteter som har ut\u00f6vats i huset genom \u00e5ren.&nbsp;&nbsp;<\/p>\n\n\n\n<p><strong>Fritidsg\u00e5rd och fotografiskt centrum<\/strong>&nbsp;<\/p>\n\n\n\n<p>Under n\u00e5gra \u00e5r p\u00e5 1990-talet inrymde Tyghuset en fritidsg\u00e5rd f\u00f6r ungdomar, \u201dTygan\u201d, som bland annat anordnade konserter och disko. Vid mitten av 2010-talet lanserades planer p\u00e5 att etablera ett fotografiskt centrum i Tyghuset. V\u00e5ren 2017 flyttade bildarkivet Bilder i Syd (med omkring 10 miljoner fotografier fr\u00e5n fr\u00e4mst Sydsvenskan, Helsingborgs Dagblad och Arbetet) in, och de f\u00f6ljande \u00e5ren utf\u00f6rdes \u00e4ndringar inv\u00e4ndigt f\u00f6r att ytterligare anpassa byggnaden till Landskrona Fotos fotografiska utst\u00e4llningsverksamhet. P\u00e5 bottenv\u00e5ningen revs mindre rum f\u00f6r att skapa en st\u00f6rre utst\u00e4llningssal, och en liten biosalong inreddes f\u00f6r filmvisningar om fotografi. (I coronapandemins inledande skede v\u00e5ren 2020 genomf\u00f6rdes snabbutbildningar f\u00f6r ett par hundra personer som skulle f\u00f6rst\u00e4rka arbetet med Landskronas v\u00e5rd och omsorg.)&nbsp;<\/p>\n\n\n\n<p>B\u00e5de Tyghuset och Exercishuset har till stora delar beh\u00e5llit sin ursprungliga exteri\u00f6r, som visar upp flera tidstypiska inslag f\u00f6r offentlig arkitektur under 1870-talet: gula tegelfasader, medeltidsinspirerad utsmyckning och flacka tak. Under 2022 fick Tyghuset en ny, valvformig entr\u00e9 mot Kasernplan som leder direkt in till Landskrona Fotos utst\u00e4llningslokaler. Den nya entr\u00e9n \u00e4r ritad av Elding Oscarson Arkitekter och tillverkad av svetsad massiv st\u00e5lpl\u00e5t.&nbsp;&nbsp;<\/p>\n\n\n\n<p>Tyghuset, Exercishuset, Gamla kasern och Kasernplan byggnadsminnesf\u00f6rklarades \u00e5r 2000.&nbsp;&nbsp;<\/p>\n\n\n\n<p>Text av Christoffer Nilsson<\/p>\n\n\n\n<p class=\"has-background\" style=\"background-color:#d1d3d4\"><strong>D\u00e4rf\u00f6r heter det Tyghuset&nbsp;<\/strong>&nbsp;Tyghus var f\u00f6rr en vanlig ben\u00e4mning p\u00e5 f\u00f6rr\u00e5dsbyggnader inom milit\u00e4ren. Namnet kommer fr\u00e5n den \u00e4ldre betydelsen av ordet \u201dtyg\u201d, som betyder redskap eller krigsmateriel. I milit\u00e4ra sammanhang r\u00e4knades vapen, ammunition och fordon till tygmateriel, f\u00f6rem\u00e5l som f\u00f6rvarades i tyghus. Byggnadens namn har allts\u00e5 ingen koppling till textilier eller kl\u00e4der.&nbsp;&nbsp;<br><\/p>\n","protected":false},"excerpt":{"rendered":"<p>FR\u00c5N MILIT\u00c4RT F\u00d6RR\u00c5D TILL FOTOGRAFISKT CENTRUM F\u00e4ltf\u00f6rr\u00e5d och gymnastiksal\u00a0 P\u00e5 1870-talet avvecklades den milit\u00e4ra verksamheten vid Citadellet och flyttade in till kasernomr\u00e5det. Ett nytt f\u00f6rr\u00e5dshus [&#8230;]<\/p>\n","protected":false},"author":20,"featured_media":22580,"parent":0,"menu_order":5,"comment_status":"closed","ping_status":"closed","template":"","meta":{"_acf_changed":false,"footnotes":""},"class_list":["post-12762","page","type-page","status-publish","has-post-thumbnail","hentry","excerpt","full-without-featured","even","excerpt-0"],"acf":[],"_links":{"self":[{"href":"https:\/\/www.landskronafoto.org\/en\/wp-json\/wp\/v2\/pages\/12762","targetHints":{"allow":["GET"]}}],"collection":[{"href":"https:\/\/www.landskronafoto.org\/en\/wp-json\/wp\/v2\/pages"}],"about":[{"href":"https:\/\/www.landskronafoto.org\/en\/wp-json\/wp\/v2\/types\/page"}],"author":[{"embeddable":true,"href":"https:\/\/www.landskronafoto.org\/en\/wp-json\/wp\/v2\/users\/20"}],"replies":[{"embeddable":true,"href":"https:\/\/www.landskronafoto.org\/en\/wp-json\/wp\/v2\/comments?post=12762"}],"version-history":[{"count":5,"href":"https:\/\/www.landskronafoto.org\/en\/wp-json\/wp\/v2\/pages\/12762\/revisions"}],"predecessor-version":[{"id":28121,"href":"https:\/\/www.landskronafoto.org\/en\/wp-json\/wp\/v2\/pages\/12762\/revisions\/28121"}],"wp:featuredmedia":[{"embeddable":true,"href":"https:\/\/www.landskronafoto.org\/en\/wp-json\/wp\/v2\/media\/22580"}],"wp:attachment":[{"href":"https:\/\/www.landskronafoto.org\/en\/wp-json\/wp\/v2\/media?parent=12762"}],"curies":[{"name":"wp","href":"https:\/\/api.w.org\/{rel}","templated":true}]}}