{"id":17102,"date":"2020-05-29T10:59:47","date_gmt":"2020-05-29T08:59:47","guid":{"rendered":"https:\/\/www.landskronafoto.org\/?page_id=17102"},"modified":"2024-08-01T10:49:54","modified_gmt":"2024-08-01T08:49:54","slug":"donja-nasseri","status":"publish","type":"page","link":"https:\/\/www.landskronafoto.org\/en\/donja-nasseri\/","title":{"rendered":"Donja Nasseri &#8211; A Great Deal of Controversy"},"content":{"rendered":"\n<figure class=\"wp-block-image size-full\"><img loading=\"lazy\" decoding=\"async\" width=\"926\" height=\"1340\" src=\"https:\/\/www.landskronafoto.org\/wp-content\/uploads\/2024\/04\/35_Philara_Atbm_12710.jpg\" alt=\"\" class=\"wp-image-24886\" srcset=\"https:\/\/www.landskronafoto.org\/wp-content\/uploads\/2024\/04\/35_Philara_Atbm_12710.jpg 926w, https:\/\/www.landskronafoto.org\/wp-content\/uploads\/2024\/04\/35_Philara_Atbm_12710-708x1024.jpg 708w\" sizes=\"auto, (max-width: 926px) 100vw, 926px\" \/><figcaption class=\"wp-element-caption\">\u00a9 Donja Nasseri <br><\/figcaption><\/figure>\n\n\n\n<p class=\"has-very-light-gray-background-color has-background\"><strong>LOCATION: <\/strong> Sofia Albertina Church <strong> <a href=\"https:\/\/www.google.com\/maps\/d\/u\/1\/edit?mid=1RC1G-9mXP_eui6N42fhnPPRMs5Ovbe0&amp;usp=sharing\" data-type=\"link\" data-id=\"https:\/\/www.google.com\/maps\/d\/u\/1\/edit?mid=1RC1G-9mXP_eui6N42fhnPPRMs5Ovbe0&amp;usp=sharing\">MAP<\/a><\/strong> <strong>The church is open daily from noon until 4pm&nbsp;<\/strong><\/p>\n\n\n\n<p>In a series photographic collages, Donja Nasseri devotes herself to queer-feminist strategies of gender diversity by referencing ancient Egyptian deities and rulers. In a collage printed on textile, fragments of the androgynous pharaoh Akhenaten\u2018s feminine-looking body features can be discerned. Another shows fragments from statues of the female pharaoh Hatshepsut, who claimed a masculine role, including physical features such as an attached beard. The powerful repositioning of both rulers was met with iconoclastic destruction after their deaths; some artefacts are dif\ufb01cult to identify because of their ambivalent gender characteristics.\u00a0<\/p>\n\n\n\n<p>Nasseri\u2019s work is primarily based on photography as a \u00a8carrier of memories\u00a8 in which changes in tradition, culture and (gender) identity make up the conceptual core. She seeks to provoke critical re\ufb02ection on narratives that shape our understanding of identity, trauma and disruption by reaching out to repressed communities and recognizing the importance of amplifying marginalized voices. As the German-born daughter of an Afghan father and an Egyptian-German mother, she has a sharp view on the diversity of possible narrations and the truths associated with them.&nbsp;<\/p>\n\n\n\n<p>Donja Nasseri was born in D\u00fcsseldorf, where she still lives and works today. She studied at the D\u00fcsseldorf Art Academy and the Kunstakademie M\u00fcnster. Her work has been awarded with numerous prizes.<\/p>\n\n\n\n<figure class=\"wp-block-image size-full\"><img loading=\"lazy\" decoding=\"async\" width=\"894\" height=\"1303\" src=\"https:\/\/www.landskronafoto.org\/wp-content\/uploads\/2024\/04\/36_Philara_Atbm_12712.jpg\" alt=\"\" class=\"wp-image-24888\" srcset=\"https:\/\/www.landskronafoto.org\/wp-content\/uploads\/2024\/04\/36_Philara_Atbm_12712.jpg 894w, https:\/\/www.landskronafoto.org\/wp-content\/uploads\/2024\/04\/36_Philara_Atbm_12712-703x1024.jpg 703w\" sizes=\"auto, (max-width: 894px) 100vw, 894px\" \/><figcaption class=\"wp-element-caption\">\u00a9 Donja Nasseri <\/figcaption><\/figure>\n\n\n\n<p><\/p>\n","protected":false},"excerpt":{"rendered":"<p>LOCATION: Sofia Albertina Church MAP The church is open daily from noon until 4pm&nbsp; In a series photographic collages, Donja Nasseri devotes herself to queer-feminist [&#8230;]<\/p>\n","protected":false},"author":25,"featured_media":0,"parent":0,"menu_order":0,"comment_status":"closed","ping_status":"closed","template":"","meta":{"_acf_changed":false,"footnotes":""},"class_list":["post-17102","page","type-page","status-publish","hentry","excerpt","full-without-featured","even","excerpt-0"],"acf":[],"_links":{"self":[{"href":"https:\/\/www.landskronafoto.org\/en\/wp-json\/wp\/v2\/pages\/17102","targetHints":{"allow":["GET"]}}],"collection":[{"href":"https:\/\/www.landskronafoto.org\/en\/wp-json\/wp\/v2\/pages"}],"about":[{"href":"https:\/\/www.landskronafoto.org\/en\/wp-json\/wp\/v2\/types\/page"}],"author":[{"embeddable":true,"href":"https:\/\/www.landskronafoto.org\/en\/wp-json\/wp\/v2\/users\/25"}],"replies":[{"embeddable":true,"href":"https:\/\/www.landskronafoto.org\/en\/wp-json\/wp\/v2\/comments?post=17102"}],"version-history":[{"count":5,"href":"https:\/\/www.landskronafoto.org\/en\/wp-json\/wp\/v2\/pages\/17102\/revisions"}],"predecessor-version":[{"id":26271,"href":"https:\/\/www.landskronafoto.org\/en\/wp-json\/wp\/v2\/pages\/17102\/revisions\/26271"}],"wp:attachment":[{"href":"https:\/\/www.landskronafoto.org\/en\/wp-json\/wp\/v2\/media?parent=17102"}],"curies":[{"name":"wp","href":"https:\/\/api.w.org\/{rel}","templated":true}]}}