{"id":17453,"date":"2020-05-29T08:47:40","date_gmt":"2020-05-29T06:47:40","guid":{"rendered":"https:\/\/www.landskronafoto.org\/?page_id=17453"},"modified":"2024-09-03T08:23:43","modified_gmt":"2024-09-03T06:23:43","slug":"greta-alfaro","status":"publish","type":"page","link":"https:\/\/www.landskronafoto.org\/en\/greta-alfaro\/","title":{"rendered":"Greta Alfaro"},"content":{"rendered":"\n<h2 class=\"wp-block-heading\"><\/h2>\n\n\n\n<figure class=\"wp-block-image size-large\"><img loading=\"lazy\" decoding=\"async\" width=\"2048\" height=\"1818\" src=\"https:\/\/www.landskronafoto.org\/wp-content\/uploads\/2024\/04\/Greta_Alfaro_Abrazo-2048x1818.jpg\" alt=\"\" class=\"wp-image-24788\" srcset=\"https:\/\/www.landskronafoto.org\/wp-content\/uploads\/2024\/04\/Greta_Alfaro_Abrazo-2048x1818.jpg 2048w, https:\/\/www.landskronafoto.org\/wp-content\/uploads\/2024\/04\/Greta_Alfaro_Abrazo-1024x909.jpg 1024w, https:\/\/www.landskronafoto.org\/wp-content\/uploads\/2024\/04\/Greta_Alfaro_Abrazo-1536x1364.jpg 1536w\" sizes=\"auto, (max-width: 2048px) 100vw, 2048px\" \/><figcaption class=\"wp-element-caption\">\u00a9 Greta Alfaro<\/figcaption><\/figure>\n\n\n\n<h2 class=\"wp-block-heading\">Villa of the Mysteries<\/h2>\n\n\n\n<p class=\"has-background\" style=\"background-color:#00000017\"><strong>LOCATION: <\/strong>Citadellet,  at the boiler house. <strong> <a href=\"https:\/\/www.google.com\/maps\/d\/u\/1\/edit?mid=1RC1G-9mXP_eui6N42fhnPPRMs5Ovbe0&amp;usp=sharing\" data-type=\"link\" data-id=\"https:\/\/www.google.com\/maps\/d\/u\/1\/edit?mid=1RC1G-9mXP_eui6N42fhnPPRMs5Ovbe0&amp;usp=sharing\">MAP<\/a><\/strong>. Included in <a href=\"https:\/\/landskrona-kultur.entryevent.se\/ticketshop\/biljetter\">festival ticket<\/a><br><\/p>\n\n\n\n<p>Throughout the history of Western civilisation, wine has been a source of nourishment, of work, of inebriation and of life.Through the domestication of vines and the transformation, wine connects us with the sacred in communion with nature. Wine has been transmuted into a god and there have been gods who have been transformed into wine. It springs from the earth, but it requires effort. It gives life, but also takes it away. During its making, it gurgles and bubbles as if it emanating from open arteries. Wine is the blood of the earth.&nbsp;<\/p>\n\n\n\n<p>Greta Alfaro explores these relationships in an exhibition in which grapes are confused with the figure of Christ, winegrowers become the major artistic landmarks of our civilization, and Dionysius gets drunk on the body of the Saviour.&nbsp;<\/p>\n\n\n\n<p>Wine can connect various worlds and give coherence to human experience. The perfect metaphor of blood, it is able to sublimate moods and provide the body with nutrients. Its subsistence depends on a latent tension between human desires and the designs of nature, equally generous and destructive.This idea, a constant in the work of Greta Alfaro, reminds us that our existence is precarious. In the midst of the forces of nature, subjugated to them, trying to appease them and to muster them in our favour, are the men and women who nurture the vines.&nbsp;<\/p>\n\n\n\n<p>The process of winemaking has been transformed over the last three or four generations. No longer a family-run business associated with subsistence economy, it is now subject to legislation, supply and demand, and to health and safety regulations. Although machinery and steel have replaced flesh and skin, behind the rhythmic movement of robotized mechanism, the association with blood remains intact.&nbsp;<\/p>\n\n\n\n<p>This flow of blood, a symptom that the body still remains alive, is rendered in the video \u201cLas labradoras\u201d (<em>Women Farm Labourers<\/em>). The women are subjected to the rigours of physical work in the fields and to the labour of giving birth at home. They have been assimilated with the earth they work and, like the earth, it is expected that they bear fruit with their own blood.&nbsp;<\/p>\n\n\n\n<p>Menstruation, transfusion, crop growing, industry and civilization are some of the subject matters addressed in <em>Villa of the Mysteries.<\/em> This exhibition leads us from the roots of the vine to the sacred through wine and the many men and women who dedicate their lives to making this elixir that connects our bodies with the earth.\u00a0\u00a0<\/p>\n\n\n\n<p><em>Isabell Mell\u00e9n<\/em><\/p>\n\n\n\n<figure class=\"wp-block-image size-full is-resized\"><img loading=\"lazy\" decoding=\"async\" width=\"1071\" height=\"829\" src=\"https:\/\/www.landskronafoto.org\/wp-content\/uploads\/2024\/01\/gretaAlfaro.jpg\" alt=\"\" class=\"wp-image-24328\" style=\"width:735px;height:auto\" srcset=\"https:\/\/www.landskronafoto.org\/wp-content\/uploads\/2024\/01\/gretaAlfaro.jpg 1071w, https:\/\/www.landskronafoto.org\/wp-content\/uploads\/2024\/01\/gretaAlfaro-1024x793.jpg 1024w\" sizes=\"auto, (max-width: 1071px) 100vw, 1071px\" \/><figcaption class=\"wp-element-caption\">\u00a9 Greta Alfaro<\/figcaption><\/figure>\n\n\n\n<p><\/p>\n\n\n\n<h2 class=\"wp-block-heading\">Fornacalia<\/h2>\n\n\n\n<p class=\"has-background\" style=\"background-color:#00000017\"><strong>LOCATION: <\/strong>Citadellet, at the North Tower <strong> <a href=\"https:\/\/www.google.com\/maps\/d\/u\/1\/edit?mid=1RC1G-9mXP_eui6N42fhnPPRMs5Ovbe0&amp;usp=sharing\" data-type=\"link\" data-id=\"https:\/\/www.google.com\/maps\/d\/u\/1\/edit?mid=1RC1G-9mXP_eui6N42fhnPPRMs5Ovbe0&amp;usp=sharing\">MAP<\/a><\/strong>. Included in <a href=\"https:\/\/landskrona-kultur.entryevent.se\/ticketshop\/biljetter\">festival ticket<\/a><br><\/p>\n\n\n\n<p>Bread everywhere\u2026 as food and as metaphor, as image and as idea. In Greta Alfaro\u2019s <em>Fornacalia, <\/em>comprised of a number of works in various media, the oven\u2014the place of transformation of matter\u2014is the turning point between dough and baked bread, between the formless and the resignified object, whether through displacement, declination or insistence.&nbsp;&nbsp;<\/p>\n\n\n\n<p>The title refers to the festival celebrated in mid-February in honour of Fornax, the goddess of ovens and grain-drying kilns, to pray for a bountiful harvest and to worship the fertility of the Earth. <em>Fornacalia<\/em>\u202fis concerned with offering, fertility, transubstantiation. The artist examines the tradition of kneading bread and equates it with the fertility rites aimed at the land and at women, and the cultural legacy in the very process of making bread, a job originally associated with women.&nbsp;<\/p>\n\n\n\n<p>Without ignoring the religious dimension of bread as spiritual nourishment that underlies her work, we can also examine the material and industrial production of bread. To this end, we can look at the\u202f<em>Encyclop\u00e9die ou Dictionnaire raisonn\u00e9 des sciences, des arts et des m\u00e9tiers<\/em>\u202f(1751-1765). The entry for <em>Boulanger<\/em> (bakery) states: \u201cWhen the ancients learned to knead bread, they prepared it like other foods: at home and at the time of eating. It was one of the main tasks of mothers of families\u2026(and) the highest women did not disdain to put their hands in the dough.\u201d However, in the illustration for\u202f<em>Boulanger<\/em>\u202fin the\u202f<em>Encyclop\u00e9die,<\/em>\u202fall the bakers are men: the one who kneads the dough, the one who weighs it, the two who shape it and the one who places it in the oven.&nbsp;<\/p>\n\n\n\n<p>Alfaro reminds us how the mechanization of kneading and cooking the original mix of flour and water, to which salt and yeast could be later added, led to the gradual disappearance of the hands of women from the process. The wall of bread the artist constructs is built as a space of resistance, demarcating the metaphorical space conceived by Alfaro: oven, cave, uterus, chapel, temple, palace.&nbsp;<\/p>\n\n\n\n<p>In Alfaro\u2019s work, bread occupies the place of representation of God or his manifestations. Biblical quotes, pagan cults and popular beliefs are mixed together, as are the ambivalence between oven and Eucharist. The result is a series in which the ungraspable and formless quality of divinity is altered by production and manipulation, by the religion of industrialization and progress, which transforms the formless mass of bread into a roll, a baguette or a loaf.&nbsp;<\/p>\n\n\n\n<p><em>Roc\u00edo Robles Tard\u00edo&nbsp;<\/em><\/p>\n\n\n\n<figure class=\"wp-block-image size-full\"><img loading=\"lazy\" decoding=\"async\" width=\"1134\" height=\"638\" src=\"https:\/\/www.landskronafoto.org\/wp-content\/uploads\/2024\/08\/Video-still-Spheres.jpg\" alt=\"\" class=\"wp-image-26936\" srcset=\"https:\/\/www.landskronafoto.org\/wp-content\/uploads\/2024\/08\/Video-still-Spheres.jpg 1134w, https:\/\/www.landskronafoto.org\/wp-content\/uploads\/2024\/08\/Video-still-Spheres-1024x576.jpg 1024w\" sizes=\"auto, (max-width: 1134px) 100vw, 1134px\" \/><figcaption class=\"wp-element-caption\"><br>\u00a9 Greta Alfaro<\/figcaption><\/figure>\n\n\n\n<h2 class=\"wp-block-heading\"><br>Music of the Spheres, 2024<\/h2>\n\n\n\n<p class=\"has-background\" style=\"background-color:#00000017\"><strong>LOCATION: <\/strong>Citadellet, at the prison <strong> <a href=\"https:\/\/www.google.com\/maps\/d\/u\/1\/edit?mid=1RC1G-9mXP_eui6N42fhnPPRMs5Ovbe0&amp;usp=sharing\" data-type=\"link\" data-id=\"https:\/\/www.google.com\/maps\/d\/u\/1\/edit?mid=1RC1G-9mXP_eui6N42fhnPPRMs5Ovbe0&amp;usp=sharing\">MAP<\/a><\/strong>. Included in <a href=\"https:\/\/landskrona-kultur.entryevent.se\/ticketshop\/biljetter\">festival ticket<\/a><br><\/p>\n\n\n\n<p><em>Home is where we know and where we are known, where we love and are beloved. Home is mastery, voice, relationship, and sanctuary: part freedom, part flourishing\u2026 part refuge, part prospect.<\/em><\/p>\n\n\n\n<p><em>\u2013 <\/em>Shoshana Zuboff, <em>The Age of Surveillance Capitalism<\/em>, 2019<\/p>\n\n\n\n<p>Home is not only the place we inhabit. Home incorporates emotional dimensions, a place where we exist in unity with our surroundings. Yet there are numerous places in which we reside that do not feel like home, such as hospitals, hospices, orphanages, prisons, and immigration detention centres. Although almost no one makes the decision to dwell there, these places remain occupied. Inspired by the history of Landskrona Citadel, Greta Alfaro\u2019s <em>Music of the Spheres <\/em>reflects on the nature of these spaces in relation to the society we live in.<\/p>\n\n\n\n<p>This new site-specific commission occupies the spherical eastern tower of Landskrona Citadel, in which inhabitants were kept continuously under watch. The fortress became a major penitentiary for inmates serving life sentences. In 1902, it became a forced labour facility for vagrant women, including prostitutes and less able-bodied individuals who did not fit the norms of the time. In the 1940s, the establishment stopped functioning as a prison in order to receive refugees coming from Nazi extermination camps.<\/p>\n\n\n\n<p>The inscriptions on the walls of the cells bear witness to those who inhabited them. Why were there spaces where people who had not committed a crime were confined? Why are historical buildings preserved as museums to remind societies of the brutalities performed by past governments, while new ones are being built for that same purpose, with the only difference being the prosecuted social groups?<\/p>\n\n\n\n<p><em>Music of the Spheres<\/em> reflects on one of the biggest topics our times: the violence of covert surveillance. Peepholes allow the audience to look into the cells as if they were guards checking on the prisoners. Inside some of the cells, a ghostly image of an orb-weaver spider and its distinctive spiral wheel-shaped web occupies the darkened space. The giant arachnids appear suspended in the centre of the units, oblivious to the spectacle they have become.<\/p>\n\n\n\n<p>Despite being harmless, these hard-working creatures are the origin of one of the most common phobias amongst humans, causing disgust and fear. Spider webs are at once home to the custodian spiders and a trap to the distracted and unwelcome <em>Other<\/em>. In contrast, many cultures associate spiders with good luck, creativity, feminine energy, and some even with the portrayal of the mother figure due to their web-knitting skills used to weave the world into existence.<\/p>\n\n\n\n<p>The correlation between spiders and the women and refugees who inhabited the cells of Landskrona Citadel is not fortuitous. Alfaro invites us to reconsider the ambivalence of archetypes, how these change through history, and what is our role in criminalising targeted communities.<\/p>\n\n\n\n<p>Multilayered and complex, Alfaro\u2019s <em>Music of the Spheres<\/em> invites us to consider the paradoxical relationships of order versus chaos, safety versus entrapment, powerful versus disempowered, us versus them. The fluctuation of our roles within the social structure, the convergence of the physical and digital worlds, and the establishment of covert surveillance, challenge our sense of the world, jeopardising the yearned-for notion of home and the privacy, intimacy and safety associated with it.<\/p>\n\n\n\n<p><em>Raquel Villar-P\u00e9rez<\/em><\/p>\n\n\n\n<figure class=\"wp-block-image size-full\"><img loading=\"lazy\" decoding=\"async\" width=\"1900\" height=\"1069\" src=\"https:\/\/www.landskronafoto.org\/wp-content\/uploads\/2024\/05\/Captura_Solitude-1900x1069-1.jpg\" alt=\"\" class=\"wp-image-25013\" srcset=\"https:\/\/www.landskronafoto.org\/wp-content\/uploads\/2024\/05\/Captura_Solitude-1900x1069-1.jpg 1900w, https:\/\/www.landskronafoto.org\/wp-content\/uploads\/2024\/05\/Captura_Solitude-1900x1069-1-1024x576.jpg 1024w, https:\/\/www.landskronafoto.org\/wp-content\/uploads\/2024\/05\/Captura_Solitude-1900x1069-1-1536x864.jpg 1536w\" sizes=\"auto, (max-width: 1900px) 100vw, 1900px\" \/><figcaption class=\"wp-element-caption\">\u00a9 Greta Alfaro<\/figcaption><\/figure>\n\n\n\n<h2 class=\"wp-block-heading\">Solitude<\/h2>\n\n\n\n<p class=\"has-background\" style=\"background-color:#00000017\"><strong>LOCATION: <\/strong>In the breakfast buffet at Hotel \u00d6resund<strong> <a href=\"https:\/\/www.google.com\/maps\/d\/u\/1\/edit?mid=1RC1G-9mXP_eui6N42fhnPPRMs5Ovbe0&amp;usp=sharing\" data-type=\"link\" data-id=\"https:\/\/www.google.com\/maps\/d\/u\/1\/edit?mid=1RC1G-9mXP_eui6N42fhnPPRMs5Ovbe0&amp;usp=sharing\">MAP<\/a><\/strong>.  Included in <a href=\"https:\/\/landskrona-kultur.entryevent.se\/ticketshop\/biljetter\">festival ticket<\/a><br><\/p>\n\n\n\n<p>In this video work, Greta Alfaro has us contemplate a tea party to which we are not invited. The still life for the entire piece is a simple table set with a cup, a jug of milk and biscuits. The main focus falls on a slug that meticulously slides around the cup, drinks the tea and finally leaves the frame. The sound track includes a rainstorm combined with one of the most recognized compositions of British baroque musician Henry Purcell, <em>O Solitude<\/em>, based on texts by the English Renaissance poet Katherine Philips.&nbsp;<\/p>\n\n\n\n<p>The appearance of the slug, despite being a slow and harmless animal, is a prelude to putrefaction, reminding us that death lurks even in domestic and everyday situations. The passage of time, the ephemerality of life and a rethinking of our attitude towards the environment and respect for all the species that inhabit it, pervade the symbolic meaning of the work.<\/p>\n\n\n\n<p><\/p>\n\n\n\n<p><\/p>\n\n\n<div class=\"wp-block-image\">\n<figure class=\"alignright size-large is-resized\"><img loading=\"lazy\" decoding=\"async\" width=\"1598\" height=\"2048\" src=\"https:\/\/www.landskronafoto.org\/wp-content\/uploads\/2024\/04\/Portrait-2-1598x2048.jpg\" alt=\"\" class=\"wp-image-24790\" style=\"width:254px;height:auto\" srcset=\"https:\/\/www.landskronafoto.org\/wp-content\/uploads\/2024\/04\/Portrait-2-1598x2048.jpg 1598w, https:\/\/www.landskronafoto.org\/wp-content\/uploads\/2024\/04\/Portrait-2-799x1024.jpg 799w, https:\/\/www.landskronafoto.org\/wp-content\/uploads\/2024\/04\/Portrait-2-1198x1536.jpg 1198w, https:\/\/www.landskronafoto.org\/wp-content\/uploads\/2024\/04\/Portrait-2-scaled.jpg 1997w\" sizes=\"auto, (max-width: 1598px) 100vw, 1598px\" \/><figcaption class=\"wp-element-caption\">\u00a9 Nacho L\u00f3pez<\/figcaption><\/figure><\/div>\n\n\n<p><strong>Greta Alfaro<\/strong> is a visual artist. Her work is multidisciplinary, and it relates a critique of power in contemporary society to Western and Mediterranean visual tradition. She works in the United Kingdom and Spain, and exhibits in museums, galleries and film festivals internationally<\/p>\n\n\n\n<p><\/p>\n\n\n\n<p><\/p>\n\n\n\n<p><\/p>\n\n\n\n<p><\/p>\n\n\n\n<p><\/p>\n\n\n\n<p><strong>This project is supported in part by a grant from Acci\u00f3n Cultural Espa\u00f1ola (AC\/E), a state agency.<\/strong> <\/p>\n\n\n\n<figure class=\"wp-block-image size-large is-resized\"><img loading=\"lazy\" decoding=\"async\" width=\"2048\" height=\"1313\" src=\"https:\/\/www.landskronafoto.org\/wp-content\/uploads\/2024\/06\/ACE_V-2048x1313.jpg\" alt=\"\" class=\"wp-image-25533\" style=\"width:183px;height:auto\" srcset=\"https:\/\/www.landskronafoto.org\/wp-content\/uploads\/2024\/06\/ACE_V-2048x1313.jpg 2048w, https:\/\/www.landskronafoto.org\/wp-content\/uploads\/2024\/06\/ACE_V-1024x657.jpg 1024w, https:\/\/www.landskronafoto.org\/wp-content\/uploads\/2024\/06\/ACE_V-1536x985.jpg 1536w\" sizes=\"auto, (max-width: 2048px) 100vw, 2048px\" \/><\/figure>\n","protected":false},"excerpt":{"rendered":"<p>Villa of the Mysteries LOCATION: Citadellet, at the boiler house. MAP. Included in festival ticket Throughout the history of Western civilisation, wine has been a [&#8230;]<\/p>\n","protected":false},"author":25,"featured_media":0,"parent":0,"menu_order":0,"comment_status":"closed","ping_status":"closed","template":"","meta":{"_acf_changed":false,"footnotes":""},"class_list":["post-17453","page","type-page","status-publish","hentry","excerpt","full-without-featured","even","excerpt-0"],"acf":[],"_links":{"self":[{"href":"https:\/\/www.landskronafoto.org\/en\/wp-json\/wp\/v2\/pages\/17453","targetHints":{"allow":["GET"]}}],"collection":[{"href":"https:\/\/www.landskronafoto.org\/en\/wp-json\/wp\/v2\/pages"}],"about":[{"href":"https:\/\/www.landskronafoto.org\/en\/wp-json\/wp\/v2\/types\/page"}],"author":[{"embeddable":true,"href":"https:\/\/www.landskronafoto.org\/en\/wp-json\/wp\/v2\/users\/25"}],"replies":[{"embeddable":true,"href":"https:\/\/www.landskronafoto.org\/en\/wp-json\/wp\/v2\/comments?post=17453"}],"version-history":[{"count":5,"href":"https:\/\/www.landskronafoto.org\/en\/wp-json\/wp\/v2\/pages\/17453\/revisions"}],"predecessor-version":[{"id":26971,"href":"https:\/\/www.landskronafoto.org\/en\/wp-json\/wp\/v2\/pages\/17453\/revisions\/26971"}],"wp:attachment":[{"href":"https:\/\/www.landskronafoto.org\/en\/wp-json\/wp\/v2\/media?parent=17453"}],"curies":[{"name":"wp","href":"https:\/\/api.w.org\/{rel}","templated":true}]}}