{"id":19464,"date":"2020-12-03T12:05:34","date_gmt":"2020-12-03T11:05:34","guid":{"rendered":"https:\/\/www.landskronafoto.org\/?page_id=19464"},"modified":"2020-12-03T12:05:51","modified_gmt":"2020-12-03T11:05:51","slug":"under-a-large-rock-in-the-forest-photographs-by-astrid-bergman-sucksdorff","status":"publish","type":"page","link":"https:\/\/www.landskronafoto.org\/en\/under-a-large-rock-in-the-forest-photographs-by-astrid-bergman-sucksdorff\/","title":{"rendered":"Under A LARGE Rock IN THE FOREST &#8211; PHOTOGRAPHS BY Astrid Bergman Sucksdorff"},"content":{"rendered":"\n<p>Astrid Bergman Sucksdorff was a Swedish nature photographer and a children&#8217;s books author to the books  <em>Micki r\u00e4vungen<\/em> and <em>\u00d6detropet<\/em>. Her childhood was marked by the parting and meetings with her father Sten Bergman who carried out many expeditions to distant lands. Astrid learned early on to appreciate the nature that surrounded her. At the age of ten, she made her first journey on her own. With a large backpack Astrid when to the lake T\u00e5kern to watch birds and find nests.<\/p>\n\n\n\n<p>The exhibition <em>Under a large rock in the forest<\/em> is a discovery in nature. Follow into the world of the fox. Who is the fox? and who are the animals around? We get an insight into how the cleaver and mythological fox lives, what it surrounds itself with and what it invents. <\/p>\n\n\n\n<p><em>Under a large rock in the forest<\/em> was an outdoor exhibition  that was primarily aimed at preschool. Under en stor sten i skogen var en utomhusutst\u00e4llning som i f\u00f6rsta hand v\u00e4nde sig till f\u00f6rskolan. The photographs where in four places in Landskrona in the spring 2017.<\/p>\n\n\n\n<p>Exhibition was curated by Jenny Lindhe.<\/p>\n\n\n\n<figure class=\"wp-block-gallery columns-3 is-cropped wp-block-gallery-1 is-layout-flex wp-block-gallery-is-layout-flex\"><ul class=\"blocks-gallery-grid\"><li class=\"blocks-gallery-item\"><figure><a  href=\"https:\/\/www.landskronafoto.org\/wp-content\/uploads\/2020\/12\/ABS_Under_en_sten01.jpg\" data-rel=\"lightbox-gallery-0\" data-rl_title=\"ABS_Under_en_sten01\" data-rl_caption=\"\" title=\"ABS_Under_en_sten01\"><img loading=\"lazy\" decoding=\"async\" width=\"150\" height=\"150\" src=\"https:\/\/www.landskronafoto.org\/wp-content\/uploads\/2020\/12\/ABS_Under_en_sten01-150x150.jpg\" alt=\"\" data-id=\"19443\" data-full-url=\"https:\/\/www.landskronafoto.org\/wp-content\/uploads\/2020\/12\/ABS_Under_en_sten01.jpg\" data-link=\"https:\/\/www.landskronafoto.org\/?attachment_id=19443\" class=\"wp-image-19443\"\/><\/a><\/figure><\/li><li class=\"blocks-gallery-item\"><figure><a  href=\"https:\/\/www.landskronafoto.org\/wp-content\/uploads\/2020\/12\/ABS_Under_en_sten02.jpg\" data-rel=\"lightbox-gallery-0\" data-rl_title=\"ABS_Under_en_sten02\" data-rl_caption=\"\" title=\"ABS_Under_en_sten02\"><img loading=\"lazy\" decoding=\"async\" width=\"150\" height=\"150\" src=\"https:\/\/www.landskronafoto.org\/wp-content\/uploads\/2020\/12\/ABS_Under_en_sten02-150x150.jpg\" alt=\"\" data-id=\"19445\" data-full-url=\"https:\/\/www.landskronafoto.org\/wp-content\/uploads\/2020\/12\/ABS_Under_en_sten02.jpg\" data-link=\"https:\/\/www.landskronafoto.org\/?attachment_id=19445\" class=\"wp-image-19445\"\/><\/a><\/figure><\/li><li class=\"blocks-gallery-item\"><figure><a  href=\"https:\/\/www.landskronafoto.org\/wp-content\/uploads\/2020\/12\/ABS_Under_en_sten03.jpg\" data-rel=\"lightbox-gallery-0\" data-rl_title=\"ABS_Under_en_sten03\" data-rl_caption=\"\" title=\"ABS_Under_en_sten03\"><img loading=\"lazy\" decoding=\"async\" width=\"150\" height=\"150\" src=\"https:\/\/www.landskronafoto.org\/wp-content\/uploads\/2020\/12\/ABS_Under_en_sten03-150x150.jpg\" alt=\"\" data-id=\"19447\" data-full-url=\"https:\/\/www.landskronafoto.org\/wp-content\/uploads\/2020\/12\/ABS_Under_en_sten03.jpg\" data-link=\"https:\/\/www.landskronafoto.org\/?attachment_id=19447\" class=\"wp-image-19447\"\/><\/a><\/figure><\/li><li class=\"blocks-gallery-item\"><figure><a  href=\"https:\/\/www.landskronafoto.org\/wp-content\/uploads\/2020\/12\/ABS_Under_en_sten04.jpg\" data-rel=\"lightbox-gallery-0\" data-rl_title=\"ABS_Under_en_sten04\" data-rl_caption=\"\" title=\"ABS_Under_en_sten04\"><img loading=\"lazy\" decoding=\"async\" width=\"150\" height=\"150\" src=\"https:\/\/www.landskronafoto.org\/wp-content\/uploads\/2020\/12\/ABS_Under_en_sten04-150x150.jpg\" alt=\"\" data-id=\"19449\" data-full-url=\"https:\/\/www.landskronafoto.org\/wp-content\/uploads\/2020\/12\/ABS_Under_en_sten04.jpg\" data-link=\"https:\/\/www.landskronafoto.org\/?attachment_id=19449\" class=\"wp-image-19449\"\/><\/a><\/figure><\/li><li class=\"blocks-gallery-item\"><figure><a  href=\"https:\/\/www.landskronafoto.org\/wp-content\/uploads\/2020\/12\/ABS_Under_en_sten05.jpg\" data-rel=\"lightbox-gallery-0\" data-rl_title=\"ABS_Under_en_sten05\" data-rl_caption=\"\" title=\"ABS_Under_en_sten05\"><img loading=\"lazy\" decoding=\"async\" width=\"150\" height=\"150\" src=\"https:\/\/www.landskronafoto.org\/wp-content\/uploads\/2020\/12\/ABS_Under_en_sten05-150x150.jpg\" alt=\"\" data-id=\"19451\" data-full-url=\"https:\/\/www.landskronafoto.org\/wp-content\/uploads\/2020\/12\/ABS_Under_en_sten05.jpg\" data-link=\"https:\/\/www.landskronafoto.org\/?attachment_id=19451\" class=\"wp-image-19451\"\/><\/a><\/figure><\/li><li class=\"blocks-gallery-item\"><figure><a  href=\"https:\/\/www.landskronafoto.org\/wp-content\/uploads\/2020\/12\/ABS_Under_en_sten06.jpg\" data-rel=\"lightbox-gallery-0\" data-rl_title=\"ABS_Under_en_sten06\" data-rl_caption=\"\" title=\"ABS_Under_en_sten06\"><img loading=\"lazy\" decoding=\"async\" width=\"150\" height=\"150\" src=\"https:\/\/www.landskronafoto.org\/wp-content\/uploads\/2020\/12\/ABS_Under_en_sten06-150x150.jpg\" alt=\"\" data-id=\"19453\" data-full-url=\"https:\/\/www.landskronafoto.org\/wp-content\/uploads\/2020\/12\/ABS_Under_en_sten06.jpg\" data-link=\"https:\/\/www.landskronafoto.org\/?attachment_id=19453\" class=\"wp-image-19453\"\/><\/a><\/figure><\/li><li class=\"blocks-gallery-item\"><figure><a  href=\"https:\/\/www.landskronafoto.org\/wp-content\/uploads\/2020\/12\/ABS_Under_en_sten07.jpg\" data-rel=\"lightbox-gallery-0\" data-rl_title=\"ABS_Under_en_sten07\" data-rl_caption=\"\" title=\"ABS_Under_en_sten07\"><img loading=\"lazy\" decoding=\"async\" width=\"150\" height=\"150\" src=\"https:\/\/www.landskronafoto.org\/wp-content\/uploads\/2020\/12\/ABS_Under_en_sten07-150x150.jpg\" alt=\"\" data-id=\"19455\" data-full-url=\"https:\/\/www.landskronafoto.org\/wp-content\/uploads\/2020\/12\/ABS_Under_en_sten07.jpg\" data-link=\"https:\/\/www.landskronafoto.org\/?attachment_id=19455\" class=\"wp-image-19455\"\/><\/a><\/figure><\/li><li class=\"blocks-gallery-item\"><figure><a  href=\"https:\/\/www.landskronafoto.org\/wp-content\/uploads\/2020\/12\/ABS_Under_en_sten08.jpg\" data-rel=\"lightbox-gallery-0\" data-rl_title=\"ABS_Under_en_sten08\" data-rl_caption=\"\" title=\"ABS_Under_en_sten08\"><img loading=\"lazy\" decoding=\"async\" width=\"150\" height=\"150\" src=\"https:\/\/www.landskronafoto.org\/wp-content\/uploads\/2020\/12\/ABS_Under_en_sten08-150x150.jpg\" alt=\"\" data-id=\"19457\" data-full-url=\"https:\/\/www.landskronafoto.org\/wp-content\/uploads\/2020\/12\/ABS_Under_en_sten08.jpg\" data-link=\"https:\/\/www.landskronafoto.org\/?attachment_id=19457\" class=\"wp-image-19457\"\/><\/a><\/figure><\/li><\/ul><\/figure>\n\n\n\n<figure class=\"wp-block-image size-large\"><img loading=\"lazy\" decoding=\"async\" width=\"673\" height=\"949\" src=\"https:\/\/www.landskronafoto.org\/wp-content\/uploads\/2020\/12\/absmr.jpg\" alt=\"\" class=\"wp-image-19426\"\/><\/figure>\n","protected":false},"excerpt":{"rendered":"<p>Astrid Bergman Sucksdorff was a Swedish nature photographer and a children&#8217;s books author to the books Micki r\u00e4vungen and \u00d6detropet. Her childhood was marked by [&#8230;]<\/p>\n","protected":false},"author":19,"featured_media":11759,"parent":0,"menu_order":0,"comment_status":"closed","ping_status":"closed","template":"","meta":{"_acf_changed":false,"footnotes":""},"class_list":["post-19464","page","type-page","status-publish","has-post-thumbnail","hentry","excerpt","full-without-featured","even","excerpt-0"],"acf":[],"_links":{"self":[{"href":"https:\/\/www.landskronafoto.org\/en\/wp-json\/wp\/v2\/pages\/19464","targetHints":{"allow":["GET"]}}],"collection":[{"href":"https:\/\/www.landskronafoto.org\/en\/wp-json\/wp\/v2\/pages"}],"about":[{"href":"https:\/\/www.landskronafoto.org\/en\/wp-json\/wp\/v2\/types\/page"}],"author":[{"embeddable":true,"href":"https:\/\/www.landskronafoto.org\/en\/wp-json\/wp\/v2\/users\/19"}],"replies":[{"embeddable":true,"href":"https:\/\/www.landskronafoto.org\/en\/wp-json\/wp\/v2\/comments?post=19464"}],"version-history":[{"count":1,"href":"https:\/\/www.landskronafoto.org\/en\/wp-json\/wp\/v2\/pages\/19464\/revisions"}],"predecessor-version":[{"id":19465,"href":"https:\/\/www.landskronafoto.org\/en\/wp-json\/wp\/v2\/pages\/19464\/revisions\/19465"}],"wp:featuredmedia":[{"embeddable":true,"href":"https:\/\/www.landskronafoto.org\/en\/wp-json\/wp\/v2\/media\/11759"}],"wp:attachment":[{"href":"https:\/\/www.landskronafoto.org\/en\/wp-json\/wp\/v2\/media?parent=19464"}],"curies":[{"name":"wp","href":"https:\/\/api.w.org\/{rel}","templated":true}]}}