{"id":20353,"date":"2021-10-25T11:47:41","date_gmt":"2021-10-25T09:47:41","guid":{"rendered":"https:\/\/www.landskronafoto.org\/?page_id=20353"},"modified":"2022-11-22T15:37:47","modified_gmt":"2022-11-22T14:37:47","slug":"johan-osterholm","status":"publish","type":"page","link":"https:\/\/www.landskronafoto.org\/en\/johan-osterholm\/","title":{"rendered":"30.10.21-8.01.22 UTOMHUSUTST\u00c4LLNING &#8211; JOHAN \u00d6STERHOLM &#8211; Untitled Lantern Pieces\u202f"},"content":{"rendered":"\n<p class=\"has-black-color has-text-color has-background\" style=\"background-color:#cbd0d2\"><strong>Plats: Skulpturparken vid <a rel=\"noreferrer noopener\" href=\"https:\/\/www.google.com\/maps\/place\/Landskrona+konsthall\/@55.8712005,12.8223195,17z\/data=!3m1!4b1!4m5!3m4!1s0x4653b5e9cfab92ab:0x5198391b743af8c1!8m2!3d55.8712005!4d12.8245082\" target=\"_blank\">Landskrona Konsthall.<\/a><\/strong> Utst\u00e4llningen \u00e4r del av LIGHTHOUSE, ett \u00e5terkommande ljusevenemang i staden som genom konsten s\u00e4tter fokus p\u00e5 det f\u00f6rdolda.&nbsp;<\/p>\n\n\n\n<p>En klar januarinatt 1994 skakades Los Angeles av en kraftig jordb\u00e4vning som orsakade omfattande str\u00f6mavbrott vilket m\u00f6rklade stora delar av s\u00f6dra Kalifornien. Miljoner m\u00e4nniskor upplevde pl\u00f6tsligt ett nattligt m\u00f6rker som blivit alltmer s\u00e4llsynt sedan den f\u00f6rsta elektriska gl\u00f6dlampan uppfanns knappt 116 \u00e5r tidigare. Snart b\u00f6rjade n\u00f6dnummer bli nedringda av panikslagna och omskakade inv\u00e5nare som rapporterade att ett ovanligt moln syntes ovanf\u00f6r staden. Molnet visade sig vara Vintergatsbandet, som i vanliga fall sedan l\u00e4nge dolts av tilltagande ljusf\u00f6roreningar fr\u00e5n artificiellt ljus. Det som tidigare varit helt centralt bland v\u00e4rldens civilisationer \u2013 natthimlen \u2013 hade f\u00f6r m\u00e5nga fallit i gl\u00f6mska.<\/p>\n\n\n\n<p><em>Untitled Lantern Pieces<\/em> av bildkonstn\u00e4ren Johan \u00d6sterholm \u00e4r en serie skulpturala verk som framst\u00e4llts genom lumentryck, en gammal fotografisk teknik d\u00e4r pappret eller emulsionen inte framkallas som brukligt. Ist\u00e4llet uts\u00e4tts materialet f\u00f6r mycket l\u00e5ng exponering vilket br\u00e4nner in en bild i det ljusk\u00e4nsliga ytan, som d\u00e4refter fixeras. I ursprungsverket har \u00d6sterholm anv\u00e4nt samma sorts glas som anv\u00e4nds i vissa typer av gasgatlyktor. Detta glas har behandlats med ljusk\u00e4nslig emulsion och d\u00e4refter har ett storskaligt negativ av gamla stj\u00e4rnhimlar br\u00e4nts in i emulsionen av gatlampors starka sken. Det som framtr\u00e4der \u00e4r sm\u00e5 skinande utsnitt av stj\u00e4rnor som l\u00e4nge varit dolda f\u00f6r v\u00e5ra blotta \u00f6gon.<\/p>\n\n\n\n<p><a rel=\"noreferrer noopener\" href=\"https:\/\/www.johanosterholm.se\/\" target=\"_blank\">Johan \u00d6sterholm<\/a> (f. 1983) tog sin masterexamen fr\u00e5n Malm\u00f6 Konsth\u00f6gskola 2016. Tidigare och kommande utst\u00e4llningar \u00e4r bland annat: Kosminen, Helsingfors (2021), <em>Space Works<\/em>, Tammerfors Konstmuseum (2020), <em>Ethereal Dwellings<\/em>, Alta Art Space, Malm\u00f6 (2020), <em>Moonlight<\/em>, Hasselblad Center (2019), <em>Back to the Future<\/em>, Foam, Amsterdam, C\/O Berlin &amp; Mai Man\u00f3 H\u00e1z, Budapest (2018-2019), <em>Screens and Mirrors<\/em>, Bor\u00e5s Konstmuseum (2016) och <em>La Camera: On the Materiality of Photography<\/em>, Palazzo De\u2019 Toschi, Bologna (2016). Han har blivit utvald f\u00f6r en rad konstn\u00e4rsresidens, nu som Iaspis, Stockholm (2020) och K\u00fcnstlerhaus Bethanien, Berlin (2018). 2021 tilldelades han Edstrandska Stiftelsens stora stipendium.<\/p>\n\n\n\n<figure class=\"wp-block-gallery columns-2 wp-block-gallery-1 is-layout-flex wp-block-gallery-is-layout-flex\"><ul class=\"blocks-gallery-grid\"><li class=\"blocks-gallery-item\"><figure><img loading=\"lazy\" decoding=\"async\" width=\"1440\" height=\"960\" src=\"https:\/\/www.landskronafoto.org\/wp-content\/uploads\/2022\/11\/DSC09485.jpg\" alt=\"\" data-id=\"22815\" data-full-url=\"https:\/\/www.landskronafoto.org\/wp-content\/uploads\/2022\/11\/DSC09485.jpg\" data-link=\"https:\/\/www.landskronafoto.org\/2021-2\/attachment\/dsc09485\/\" class=\"wp-image-22815\" srcset=\"https:\/\/www.landskronafoto.org\/wp-content\/uploads\/2022\/11\/DSC09485.jpg 1440w, https:\/\/www.landskronafoto.org\/wp-content\/uploads\/2022\/11\/DSC09485-1024x683.jpg 1024w\" sizes=\"auto, (max-width: 1440px) 100vw, 1440px\" \/><\/figure><\/li><li class=\"blocks-gallery-item\"><figure><img loading=\"lazy\" decoding=\"async\" width=\"1440\" height=\"960\" src=\"https:\/\/www.landskronafoto.org\/wp-content\/uploads\/2022\/11\/DSC09478.jpg\" alt=\"\" data-id=\"22813\" data-full-url=\"https:\/\/www.landskronafoto.org\/wp-content\/uploads\/2022\/11\/DSC09478.jpg\" data-link=\"https:\/\/www.landskronafoto.org\/2021-2\/attachment\/dsc09478\/\" class=\"wp-image-22813\" srcset=\"https:\/\/www.landskronafoto.org\/wp-content\/uploads\/2022\/11\/DSC09478.jpg 1440w, https:\/\/www.landskronafoto.org\/wp-content\/uploads\/2022\/11\/DSC09478-1024x683.jpg 1024w\" sizes=\"auto, (max-width: 1440px) 100vw, 1440px\" \/><\/figure><\/li><li class=\"blocks-gallery-item\"><figure><img loading=\"lazy\" decoding=\"async\" width=\"1440\" height=\"960\" src=\"https:\/\/www.landskronafoto.org\/wp-content\/uploads\/2022\/11\/DSC09538.jpg\" alt=\"\" data-id=\"22817\" data-full-url=\"https:\/\/www.landskronafoto.org\/wp-content\/uploads\/2022\/11\/DSC09538.jpg\" data-link=\"https:\/\/www.landskronafoto.org\/2021-2\/attachment\/dsc09538\/\" class=\"wp-image-22817\" srcset=\"https:\/\/www.landskronafoto.org\/wp-content\/uploads\/2022\/11\/DSC09538.jpg 1440w, https:\/\/www.landskronafoto.org\/wp-content\/uploads\/2022\/11\/DSC09538-1024x683.jpg 1024w\" sizes=\"auto, (max-width: 1440px) 100vw, 1440px\" \/><\/figure><\/li><\/ul><\/figure>\n","protected":false},"excerpt":{"rendered":"<p>Plats: Skulpturparken vid Landskrona Konsthall. Utst\u00e4llningen \u00e4r del av LIGHTHOUSE, ett \u00e5terkommande ljusevenemang i staden som genom konsten s\u00e4tter fokus p\u00e5 det f\u00f6rdolda.&nbsp; En klar [&#8230;]<\/p>\n","protected":false},"author":19,"featured_media":22820,"parent":0,"menu_order":41,"comment_status":"closed","ping_status":"closed","template":"","meta":{"_acf_changed":false,"footnotes":""},"class_list":["post-20353","page","type-page","status-publish","has-post-thumbnail","hentry","excerpt","full-without-featured","even","excerpt-0"],"acf":[],"_links":{"self":[{"href":"https:\/\/www.landskronafoto.org\/en\/wp-json\/wp\/v2\/pages\/20353","targetHints":{"allow":["GET"]}}],"collection":[{"href":"https:\/\/www.landskronafoto.org\/en\/wp-json\/wp\/v2\/pages"}],"about":[{"href":"https:\/\/www.landskronafoto.org\/en\/wp-json\/wp\/v2\/types\/page"}],"author":[{"embeddable":true,"href":"https:\/\/www.landskronafoto.org\/en\/wp-json\/wp\/v2\/users\/19"}],"replies":[{"embeddable":true,"href":"https:\/\/www.landskronafoto.org\/en\/wp-json\/wp\/v2\/comments?post=20353"}],"version-history":[{"count":2,"href":"https:\/\/www.landskronafoto.org\/en\/wp-json\/wp\/v2\/pages\/20353\/revisions"}],"predecessor-version":[{"id":22824,"href":"https:\/\/www.landskronafoto.org\/en\/wp-json\/wp\/v2\/pages\/20353\/revisions\/22824"}],"wp:featuredmedia":[{"embeddable":true,"href":"https:\/\/www.landskronafoto.org\/en\/wp-json\/wp\/v2\/media\/22820"}],"wp:attachment":[{"href":"https:\/\/www.landskronafoto.org\/en\/wp-json\/wp\/v2\/media?parent=20353"}],"curies":[{"name":"wp","href":"https:\/\/api.w.org\/{rel}","templated":true}]}}