{"id":20584,"date":"2022-01-18T15:47:49","date_gmt":"2022-01-18T14:47:49","guid":{"rendered":"https:\/\/www.landskronafoto.org\/?page_id=20584"},"modified":"2022-10-26T09:55:29","modified_gmt":"2022-10-26T07:55:29","slug":"snowflakes-and-other-surprises","status":"publish","type":"page","link":"https:\/\/www.landskronafoto.org\/en\/snowflakes-and-other-surprises\/","title":{"rendered":"5.11.22- 29.1.23 SNOWFLAKES AND OTHER SURPRISES"},"content":{"rendered":"\n<figure class=\"wp-block-image size-large is-style-default\"><img loading=\"lazy\" decoding=\"async\" width=\"2048\" height=\"1280\" src=\"https:\/\/www.landskronafoto.org\/wp-content\/uploads\/2022\/09\/Einar-Falur-Ingo\u0301lfsson-Coronadays-2020-2048x1280.jpg\" alt=\"\" class=\"wp-image-22544\" srcset=\"https:\/\/www.landskronafoto.org\/wp-content\/uploads\/2022\/09\/Einar-Falur-Ingo\u0301lfsson-Coronadays-2020-2048x1280.jpg 2048w, https:\/\/www.landskronafoto.org\/wp-content\/uploads\/2022\/09\/Einar-Falur-Ingo\u0301lfsson-Coronadays-2020-1024x640.jpg 1024w, https:\/\/www.landskronafoto.org\/wp-content\/uploads\/2022\/09\/Einar-Falur-Ingo\u0301lfsson-Coronadays-2020-1536x960.jpg 1536w\" sizes=\"auto, (max-width: 2048px) 100vw, 2048px\" \/><figcaption>Einar Falur Ing\u00f3lfsson<\/figcaption><\/figure>\n\n\n\n<p><strong>Elina Brotherus (FI), Katr\u00edn Elvarsd\u00f3ttir (IS), Tinna Gunnarsd\u00f3ttir (IS), Hallger\u00f0ur Hallgr\u00edmsd\u00f3ttir (IS), <strong>Mathias Svold <\/strong><\/strong> <strong>&amp; Ulrik Hasemann (DK), Einar Falur Ing\u00f3lfsson (IS), Tiina Itkonen (FI), Astrid Kruse Jensen (DK), Sanna Kannisto (FI), Jacob Kirkegaard (DK), Helene Schmitz (SE),  Trine S\u00f8ndergaard &amp; Nicolai Howalt (DK), Magnus Wennman (SE) and Hendrik Zeitler (SE).<\/strong><\/p>\n\n\n\n<p>Snowflakes, vegetation and human reliance on and the intervention of nature are at the heart of this Nordic exhibition, where the term \u2018Poetic Storytelling\u2019 is used as a benchmark in relation to exploring works by Danish, Icelandic, Swedish and Finnish photographers. The concept of \u2018poetic storytelling\u2019 has been further developed by curator Sigr\u00fan Alba Sigur\u00f0ard\u00f3ttir to describe a specific lyrical way of using photography as a narrative medium &#8211; in this case i.a. in response to the climate crisis.<\/p>\n\n\n\n<p>Common ground for the exhibiting artists is that they are preoccupied with all the wonders &#8211; trees, heaths, rocks, apples and snowflakes &#8211; that encourage us to find new ways of being in the world; by relating to and interacting with it. They show us methods to open up to the world when we want to be influenced or to try to figure out for ourselves how, we can react or respond back when the world &#8220;speaks to&#8221; or touches us.<\/p>\n\n\n\n<p>The exhibition is part of a larger Nordic collaboration and will first be shown at  Fotografisk Center in Copenhagen 22.01-13.03.22, then at Landskrona Foto followed by Northern Photographic Centre in Finland during the sping 2023.<\/p>\n\n\n\n<p>The exhibition is supported by Nordisk Kulturfond.<\/p>\n\n\n\n<figure class=\"wp-block-image size-large\"><img loading=\"lazy\" decoding=\"async\" width=\"162\" height=\"48\" src=\"https:\/\/www.landskronafoto.org\/wp-content\/uploads\/2022\/01\/Ska\u0308rmavbild-2022-01-18-kl.-16.04.10.png\" alt=\"\" class=\"wp-image-20598\"\/><\/figure>\n\n\n\n<figure class=\"wp-block-gallery columns-4 wp-block-gallery-1 is-layout-flex wp-block-gallery-is-layout-flex\"><ul class=\"blocks-gallery-grid\"><li class=\"blocks-gallery-item\"><figure><a  href=\"https:\/\/www.landskronafoto.org\/wp-content\/uploads\/2022\/09\/Hallgerdur-Hallgri\u0301msdo\u0301ttir-Flower-Arrangement-2018-from-the-series-A-Few-Thoughts-on-Photography-\u2013-Vol.-II-scaled.jpg\" data-rel=\"lightbox-gallery-0\" data-rl_title=\"Hallgerdur-Hallgri\u0301msdo\u0301ttir-Flower-Arrangement-2018-from-the-series-A-Few-Thoughts-on-Photography-\u2013-Vol.-II\" data-rl_caption=\"\" title=\"Hallgerdur-Hallgri\u0301msdo\u0301ttir-Flower-Arrangement-2018-from-the-series-A-Few-Thoughts-on-Photography-\u2013-Vol.-II\"><img loading=\"lazy\" decoding=\"async\" width=\"1583\" height=\"2048\" src=\"https:\/\/www.landskronafoto.org\/wp-content\/uploads\/2022\/09\/Hallgerdur-Hallgri\u0301msdo\u0301ttir-Flower-Arrangement-2018-from-the-series-A-Few-Thoughts-on-Photography-\u2013-Vol.-II-1583x2048.jpg\" alt=\"\" data-id=\"22550\" data-full-url=\"https:\/\/www.landskronafoto.org\/wp-content\/uploads\/2022\/09\/Hallgerdur-Hallgri\u0301msdo\u0301ttir-Flower-Arrangement-2018-from-the-series-A-Few-Thoughts-on-Photography-\u2013-Vol.-II-scaled.jpg\" data-link=\"https:\/\/www.landskronafoto.org\/snoflingor-och-andra-overraskningar\/attachment\/hallgerdur-hallgrimsdottir-flower-arrangement-2018-from-the-series-a-few-thoughts-on-photography-vol-ii\/\" class=\"wp-image-22550\" srcset=\"https:\/\/www.landskronafoto.org\/wp-content\/uploads\/2022\/09\/Hallgerdur-Hallgri\u0301msdo\u0301ttir-Flower-Arrangement-2018-from-the-series-A-Few-Thoughts-on-Photography-\u2013-Vol.-II-1583x2048.jpg 1583w, https:\/\/www.landskronafoto.org\/wp-content\/uploads\/2022\/09\/Hallgerdur-Hallgri\u0301msdo\u0301ttir-Flower-Arrangement-2018-from-the-series-A-Few-Thoughts-on-Photography-\u2013-Vol.-II-791x1024.jpg 791w, https:\/\/www.landskronafoto.org\/wp-content\/uploads\/2022\/09\/Hallgerdur-Hallgri\u0301msdo\u0301ttir-Flower-Arrangement-2018-from-the-series-A-Few-Thoughts-on-Photography-\u2013-Vol.-II-1187x1536.jpg 1187w, https:\/\/www.landskronafoto.org\/wp-content\/uploads\/2022\/09\/Hallgerdur-Hallgri\u0301msdo\u0301ttir-Flower-Arrangement-2018-from-the-series-A-Few-Thoughts-on-Photography-\u2013-Vol.-II-scaled.jpg 1978w\" sizes=\"auto, (max-width: 1583px) 100vw, 1583px\" \/><\/a><figcaption class=\"blocks-gallery-item__caption\"><strong>Hallger\u00f0ur Hallgr\u00edmsd\u00f3ttir<\/strong><\/figcaption><\/figure><\/li><li class=\"blocks-gallery-item\"><figure><a  href=\"https:\/\/www.landskronafoto.org\/wp-content\/uploads\/2022\/09\/Hendrik-Zeitler-Mare-Pine-1-2020-scaled.jpg\" data-rel=\"lightbox-gallery-0\" data-rl_title=\"MartallarMare pines\" data-rl_caption=\"\" title=\"MartallarMare pines\"><img loading=\"lazy\" decoding=\"async\" width=\"1520\" height=\"2048\" src=\"https:\/\/www.landskronafoto.org\/wp-content\/uploads\/2022\/09\/Hendrik-Zeitler-Mare-Pine-1-2020-1520x2048.jpg\" alt=\"\" data-id=\"22554\" data-full-url=\"https:\/\/www.landskronafoto.org\/wp-content\/uploads\/2022\/09\/Hendrik-Zeitler-Mare-Pine-1-2020-scaled.jpg\" data-link=\"https:\/\/www.landskronafoto.org\/snoflingor-och-andra-overraskningar\/attachment\/martallarmare-pines\/\" class=\"wp-image-22554\" srcset=\"https:\/\/www.landskronafoto.org\/wp-content\/uploads\/2022\/09\/Hendrik-Zeitler-Mare-Pine-1-2020-1520x2048.jpg 1520w, https:\/\/www.landskronafoto.org\/wp-content\/uploads\/2022\/09\/Hendrik-Zeitler-Mare-Pine-1-2020-760x1024.jpg 760w, https:\/\/www.landskronafoto.org\/wp-content\/uploads\/2022\/09\/Hendrik-Zeitler-Mare-Pine-1-2020-1140x1536.jpg 1140w, https:\/\/www.landskronafoto.org\/wp-content\/uploads\/2022\/09\/Hendrik-Zeitler-Mare-Pine-1-2020-scaled.jpg 1899w\" sizes=\"auto, (max-width: 1520px) 100vw, 1520px\" \/><\/a><figcaption class=\"blocks-gallery-item__caption\"><strong>Hendrik Zeitler<\/strong><\/figcaption><\/figure><\/li><li class=\"blocks-gallery-item\"><figure><a  href=\"https:\/\/www.landskronafoto.org\/wp-content\/uploads\/2022\/09\/Trine-Sondergaard-og-Nicolai-Howalt-Dying-Birds-1-2006-2010-courtesy-the-artists-and-Martin-Asbaek-Gallery-scaled.jpg\" data-rel=\"lightbox-gallery-0\" data-rl_title=\"Trine-Sondergaard-og-Nicolai-Howalt-Dying-Birds-1-2006-2010-courtesy-the-artists-and-Martin-Asbaek-Gallery\" data-rl_caption=\"\" title=\"Trine-Sondergaard-og-Nicolai-Howalt-Dying-Birds-1-2006-2010-courtesy-the-artists-and-Martin-Asbaek-Gallery\"><img loading=\"lazy\" decoding=\"async\" width=\"1770\" height=\"2048\" src=\"https:\/\/www.landskronafoto.org\/wp-content\/uploads\/2022\/09\/Trine-Sondergaard-og-Nicolai-Howalt-Dying-Birds-1-2006-2010-courtesy-the-artists-and-Martin-Asbaek-Gallery-1770x2048.jpg\" alt=\"\" data-id=\"22570\" data-full-url=\"https:\/\/www.landskronafoto.org\/wp-content\/uploads\/2022\/09\/Trine-Sondergaard-og-Nicolai-Howalt-Dying-Birds-1-2006-2010-courtesy-the-artists-and-Martin-Asbaek-Gallery-scaled.jpg\" data-link=\"https:\/\/www.landskronafoto.org\/snoflingor-och-andra-overraskningar\/attachment\/trine-sondergaard-og-nicolai-howalt-dying-birds-1-2006-2010-courtesy-the-artists-and-martin-asbaek-gallery\/\" class=\"wp-image-22570\" srcset=\"https:\/\/www.landskronafoto.org\/wp-content\/uploads\/2022\/09\/Trine-Sondergaard-og-Nicolai-Howalt-Dying-Birds-1-2006-2010-courtesy-the-artists-and-Martin-Asbaek-Gallery-1770x2048.jpg 1770w, https:\/\/www.landskronafoto.org\/wp-content\/uploads\/2022\/09\/Trine-Sondergaard-og-Nicolai-Howalt-Dying-Birds-1-2006-2010-courtesy-the-artists-and-Martin-Asbaek-Gallery-885x1024.jpg 885w, https:\/\/www.landskronafoto.org\/wp-content\/uploads\/2022\/09\/Trine-Sondergaard-og-Nicolai-Howalt-Dying-Birds-1-2006-2010-courtesy-the-artists-and-Martin-Asbaek-Gallery-1327x1536.jpg 1327w\" sizes=\"auto, (max-width: 1770px) 100vw, 1770px\" \/><\/a><figcaption class=\"blocks-gallery-item__caption\"><strong>Trine S\u00f8ndergaard &amp; Nicolai Howalt<\/strong><\/figcaption><\/figure><\/li><li class=\"blocks-gallery-item\"><figure><a  href=\"https:\/\/www.landskronafoto.org\/wp-content\/uploads\/2022\/09\/Katri\u0301n-Elvarsdo\u0301ttir-Verdure-1-2020-scaled.jpg\" data-rel=\"lightbox-gallery-0\" data-rl_title=\"Katri\u0301n-Elvarsdo\u0301ttir-Verdure-1-2020\" data-rl_caption=\"\" title=\"Katri\u0301n-Elvarsdo\u0301ttir-Verdure-1-2020\"><img loading=\"lazy\" decoding=\"async\" width=\"1365\" height=\"2048\" src=\"https:\/\/www.landskronafoto.org\/wp-content\/uploads\/2022\/09\/Katri\u0301n-Elvarsdo\u0301ttir-Verdure-1-2020-1365x2048.jpg\" alt=\"\" data-id=\"22558\" data-full-url=\"https:\/\/www.landskronafoto.org\/wp-content\/uploads\/2022\/09\/Katri\u0301n-Elvarsdo\u0301ttir-Verdure-1-2020-scaled.jpg\" data-link=\"https:\/\/www.landskronafoto.org\/snoflingor-och-andra-overraskningar\/attachment\/katrin-elvarsdottir-verdure-1-2020\/\" class=\"wp-image-22558\" srcset=\"https:\/\/www.landskronafoto.org\/wp-content\/uploads\/2022\/09\/Katri\u0301n-Elvarsdo\u0301ttir-Verdure-1-2020-1365x2048.jpg 1365w, https:\/\/www.landskronafoto.org\/wp-content\/uploads\/2022\/09\/Katri\u0301n-Elvarsdo\u0301ttir-Verdure-1-2020-683x1024.jpg 683w, https:\/\/www.landskronafoto.org\/wp-content\/uploads\/2022\/09\/Katri\u0301n-Elvarsdo\u0301ttir-Verdure-1-2020-1024x1536.jpg 1024w, https:\/\/www.landskronafoto.org\/wp-content\/uploads\/2022\/09\/Katri\u0301n-Elvarsdo\u0301ttir-Verdure-1-2020-scaled.jpg 1706w\" sizes=\"auto, (max-width: 1365px) 100vw, 1365px\" \/><\/a><figcaption class=\"blocks-gallery-item__caption\"><strong>Katr\u00edn Elvarsd\u00f3ttir<\/strong><\/figcaption><\/figure><\/li><li class=\"blocks-gallery-item\"><figure><a  href=\"https:\/\/www.landskronafoto.org\/wp-content\/uploads\/2022\/09\/Astrid-Kruse-Jensen-The-Landscape-Of-Memory-2019.jpg\" data-rel=\"lightbox-gallery-0\" data-rl_title=\"AKJ_2019_ 034\" data-rl_caption=\"\" title=\"AKJ_2019_ 034\"><img loading=\"lazy\" decoding=\"async\" width=\"2022\" height=\"2048\" src=\"https:\/\/www.landskronafoto.org\/wp-content\/uploads\/2022\/09\/Astrid-Kruse-Jensen-The-Landscape-Of-Memory-2019-2022x2048.jpg\" alt=\"\" data-id=\"22546\" data-full-url=\"https:\/\/www.landskronafoto.org\/wp-content\/uploads\/2022\/09\/Astrid-Kruse-Jensen-The-Landscape-Of-Memory-2019.jpg\" data-link=\"https:\/\/www.landskronafoto.org\/snoflingor-och-andra-overraskningar\/attachment\/akj_2019_-034-2\/\" class=\"wp-image-22546\" srcset=\"https:\/\/www.landskronafoto.org\/wp-content\/uploads\/2022\/09\/Astrid-Kruse-Jensen-The-Landscape-Of-Memory-2019-2022x2048.jpg 2022w, https:\/\/www.landskronafoto.org\/wp-content\/uploads\/2022\/09\/Astrid-Kruse-Jensen-The-Landscape-Of-Memory-2019-1011x1024.jpg 1011w, https:\/\/www.landskronafoto.org\/wp-content\/uploads\/2022\/09\/Astrid-Kruse-Jensen-The-Landscape-Of-Memory-2019-1517x1536.jpg 1517w\" sizes=\"auto, (max-width: 2022px) 100vw, 2022px\" \/><\/a><figcaption class=\"blocks-gallery-item__caption\"><strong>Astrid Kruse Jensen<\/strong><\/figcaption><\/figure><\/li><li class=\"blocks-gallery-item\"><figure><a  href=\"https:\/\/www.landskronafoto.org\/wp-content\/uploads\/2022\/09\/Elina-Brotherus-Imaginary-Burial-Place-2019-scaled.jpg\" data-rel=\"lightbox-gallery-0\" data-rl_title=\"Elina-Brotherus-Imaginary-Burial-Place-2019\" data-rl_caption=\"\" title=\"Elina-Brotherus-Imaginary-Burial-Place-2019\"><img loading=\"lazy\" decoding=\"async\" width=\"2048\" height=\"1535\" src=\"https:\/\/www.landskronafoto.org\/wp-content\/uploads\/2022\/09\/Elina-Brotherus-Imaginary-Burial-Place-2019-2048x1535.jpg\" alt=\"\" data-id=\"22548\" data-full-url=\"https:\/\/www.landskronafoto.org\/wp-content\/uploads\/2022\/09\/Elina-Brotherus-Imaginary-Burial-Place-2019-scaled.jpg\" data-link=\"https:\/\/www.landskronafoto.org\/snoflingor-och-andra-overraskningar\/attachment\/elina-brotherus-imaginary-burial-place-2019\/\" class=\"wp-image-22548\" srcset=\"https:\/\/www.landskronafoto.org\/wp-content\/uploads\/2022\/09\/Elina-Brotherus-Imaginary-Burial-Place-2019-2048x1535.jpg 2048w, https:\/\/www.landskronafoto.org\/wp-content\/uploads\/2022\/09\/Elina-Brotherus-Imaginary-Burial-Place-2019-1024x768.jpg 1024w, https:\/\/www.landskronafoto.org\/wp-content\/uploads\/2022\/09\/Elina-Brotherus-Imaginary-Burial-Place-2019-1536x1151.jpg 1536w, https:\/\/www.landskronafoto.org\/wp-content\/uploads\/2022\/09\/Elina-Brotherus-Imaginary-Burial-Place-2019-800x600.jpg 800w\" sizes=\"auto, (max-width: 2048px) 100vw, 2048px\" \/><\/a><figcaption class=\"blocks-gallery-item__caption\"><strong>Elina Brotherus<\/strong><\/figcaption><\/figure><\/li><li class=\"blocks-gallery-item\"><figure><a  href=\"https:\/\/www.landskronafoto.org\/wp-content\/uploads\/2022\/09\/Helene-Schmitz_Winter-Forest_2017-scaled.jpg\" data-rel=\"lightbox-gallery-0\" data-rl_title=\"Helene-Schmitz_Winter-Forest_2017\" data-rl_caption=\"\" title=\"Helene-Schmitz_Winter-Forest_2017\"><img loading=\"lazy\" decoding=\"async\" width=\"2048\" height=\"1635\" src=\"https:\/\/www.landskronafoto.org\/wp-content\/uploads\/2022\/09\/Helene-Schmitz_Winter-Forest_2017-2048x1635.jpg\" alt=\"\" data-id=\"22552\" data-full-url=\"https:\/\/www.landskronafoto.org\/wp-content\/uploads\/2022\/09\/Helene-Schmitz_Winter-Forest_2017-scaled.jpg\" data-link=\"https:\/\/www.landskronafoto.org\/snoflingor-och-andra-overraskningar\/attachment\/helene-schmitz_winter-forest_2017\/\" class=\"wp-image-22552\" srcset=\"https:\/\/www.landskronafoto.org\/wp-content\/uploads\/2022\/09\/Helene-Schmitz_Winter-Forest_2017-2048x1635.jpg 2048w, https:\/\/www.landskronafoto.org\/wp-content\/uploads\/2022\/09\/Helene-Schmitz_Winter-Forest_2017-1024x817.jpg 1024w, https:\/\/www.landskronafoto.org\/wp-content\/uploads\/2022\/09\/Helene-Schmitz_Winter-Forest_2017-1536x1226.jpg 1536w\" sizes=\"auto, (max-width: 2048px) 100vw, 2048px\" \/><\/a><figcaption class=\"blocks-gallery-item__caption\"><strong>Helene Schmitz<\/strong><\/figcaption><\/figure><\/li><li class=\"blocks-gallery-item\"><figure><a  href=\"https:\/\/www.landskronafoto.org\/wp-content\/uploads\/2022\/09\/Jacob-Kirkegaard-Some-say-the-world-will-end-in-fire-fra-Glossary-of-Snow-and-Ice-Scott-Polar-Research-Institute-1966-scaled.jpg\" data-rel=\"lightbox-gallery-0\" data-rl_title=\"Jacob-Kirkegaard-Some-say-the-world-will-end-in-fire-fra-Glossary-of-Snow-and-Ice-Scott-Polar-Research-Institute-1966\" data-rl_caption=\"\" title=\"Jacob-Kirkegaard-Some-say-the-world-will-end-in-fire-fra-Glossary-of-Snow-and-Ice-Scott-Polar-Research-Institute-1966\"><img loading=\"lazy\" decoding=\"async\" width=\"2048\" height=\"1478\" src=\"https:\/\/www.landskronafoto.org\/wp-content\/uploads\/2022\/09\/Jacob-Kirkegaard-Some-say-the-world-will-end-in-fire-fra-Glossary-of-Snow-and-Ice-Scott-Polar-Research-Institute-1966-2048x1478.jpg\" alt=\"\" data-id=\"22556\" data-full-url=\"https:\/\/www.landskronafoto.org\/wp-content\/uploads\/2022\/09\/Jacob-Kirkegaard-Some-say-the-world-will-end-in-fire-fra-Glossary-of-Snow-and-Ice-Scott-Polar-Research-Institute-1966-scaled.jpg\" data-link=\"https:\/\/www.landskronafoto.org\/snoflingor-och-andra-overraskningar\/attachment\/jacob-kirkegaard-some-say-the-world-will-end-in-fire-fra-glossary-of-snow-and-ice-scott-polar-research-institute-1966\/\" class=\"wp-image-22556\" srcset=\"https:\/\/www.landskronafoto.org\/wp-content\/uploads\/2022\/09\/Jacob-Kirkegaard-Some-say-the-world-will-end-in-fire-fra-Glossary-of-Snow-and-Ice-Scott-Polar-Research-Institute-1966-2048x1478.jpg 2048w, https:\/\/www.landskronafoto.org\/wp-content\/uploads\/2022\/09\/Jacob-Kirkegaard-Some-say-the-world-will-end-in-fire-fra-Glossary-of-Snow-and-Ice-Scott-Polar-Research-Institute-1966-1024x739.jpg 1024w, https:\/\/www.landskronafoto.org\/wp-content\/uploads\/2022\/09\/Jacob-Kirkegaard-Some-say-the-world-will-end-in-fire-fra-Glossary-of-Snow-and-Ice-Scott-Polar-Research-Institute-1966-1536x1108.jpg 1536w\" sizes=\"auto, (max-width: 2048px) 100vw, 2048px\" \/><\/a><figcaption class=\"blocks-gallery-item__caption\"><strong>Jacob Kirkegaard<\/strong><\/figcaption><\/figure><\/li><li class=\"blocks-gallery-item\"><figure><a  href=\"https:\/\/www.landskronafoto.org\/wp-content\/uploads\/2022\/09\/Magnus-Wennmann-Fara-aged-two-Azraq-Jordan-2015-scaled.jpg\" data-rel=\"lightbox-gallery-0\" data-rl_title=\"Magnus-Wennmann-Fara-aged-two-Azraq-Jordan-2015\" data-rl_caption=\"\" title=\"Magnus-Wennmann-Fara-aged-two-Azraq-Jordan-2015\"><img loading=\"lazy\" decoding=\"async\" width=\"2048\" height=\"1755\" src=\"https:\/\/www.landskronafoto.org\/wp-content\/uploads\/2022\/09\/Magnus-Wennmann-Fara-aged-two-Azraq-Jordan-2015-2048x1755.jpg\" alt=\"\" data-id=\"22560\" data-full-url=\"https:\/\/www.landskronafoto.org\/wp-content\/uploads\/2022\/09\/Magnus-Wennmann-Fara-aged-two-Azraq-Jordan-2015-scaled.jpg\" data-link=\"https:\/\/www.landskronafoto.org\/snoflingor-och-andra-overraskningar\/attachment\/magnus-wennmann-fara-aged-two-azraq-jordan-2015\/\" class=\"wp-image-22560\" srcset=\"https:\/\/www.landskronafoto.org\/wp-content\/uploads\/2022\/09\/Magnus-Wennmann-Fara-aged-two-Azraq-Jordan-2015-2048x1755.jpg 2048w, https:\/\/www.landskronafoto.org\/wp-content\/uploads\/2022\/09\/Magnus-Wennmann-Fara-aged-two-Azraq-Jordan-2015-1024x877.jpg 1024w, https:\/\/www.landskronafoto.org\/wp-content\/uploads\/2022\/09\/Magnus-Wennmann-Fara-aged-two-Azraq-Jordan-2015-1536x1316.jpg 1536w\" sizes=\"auto, (max-width: 2048px) 100vw, 2048px\" \/><\/a><figcaption class=\"blocks-gallery-item__caption\"><strong>Magnus Wennman<\/strong><\/figcaption><\/figure><\/li><li class=\"blocks-gallery-item\"><figure><a  href=\"https:\/\/www.landskronafoto.org\/wp-content\/uploads\/2022\/09\/Sanna-Kannisto-First-Snow-1\u20132-2017-diptych.jpg\" data-rel=\"lightbox-gallery-0\" data-rl_title=\"First Snow\" data-rl_caption=\"\" title=\"First Snow\"><img loading=\"lazy\" decoding=\"async\" width=\"1920\" height=\"1213\" src=\"https:\/\/www.landskronafoto.org\/wp-content\/uploads\/2022\/09\/Sanna-Kannisto-First-Snow-1\u20132-2017-diptych.jpg\" alt=\"\" data-id=\"22564\" data-full-url=\"https:\/\/www.landskronafoto.org\/wp-content\/uploads\/2022\/09\/Sanna-Kannisto-First-Snow-1\u20132-2017-diptych.jpg\" data-link=\"https:\/\/www.landskronafoto.org\/snoflingor-och-andra-overraskningar\/attachment\/first-snow-2\/\" class=\"wp-image-22564\" srcset=\"https:\/\/www.landskronafoto.org\/wp-content\/uploads\/2022\/09\/Sanna-Kannisto-First-Snow-1\u20132-2017-diptych.jpg 1920w, https:\/\/www.landskronafoto.org\/wp-content\/uploads\/2022\/09\/Sanna-Kannisto-First-Snow-1\u20132-2017-diptych-1024x647.jpg 1024w, https:\/\/www.landskronafoto.org\/wp-content\/uploads\/2022\/09\/Sanna-Kannisto-First-Snow-1\u20132-2017-diptych-1536x970.jpg 1536w\" sizes=\"auto, (max-width: 1920px) 100vw, 1920px\" \/><\/a><figcaption class=\"blocks-gallery-item__caption\"><strong>Sanna Kannisto<\/strong><\/figcaption><\/figure><\/li><li class=\"blocks-gallery-item\"><figure><a  href=\"https:\/\/www.landskronafoto.org\/wp-content\/uploads\/2022\/09\/Tinna-Gunnarsdo\u0301ttir-Geognome-2002-scaled.jpg\" data-rel=\"lightbox-gallery-0\" data-rl_title=\"Tinna-Gunnarsdo\u0301ttir-Geognome-2002\" data-rl_caption=\"\" title=\"Tinna-Gunnarsdo\u0301ttir-Geognome-2002\"><img loading=\"lazy\" decoding=\"async\" width=\"2048\" height=\"1365\" src=\"https:\/\/www.landskronafoto.org\/wp-content\/uploads\/2022\/09\/Tinna-Gunnarsdo\u0301ttir-Geognome-2002-2048x1365.jpg\" alt=\"\" data-id=\"22568\" data-full-url=\"https:\/\/www.landskronafoto.org\/wp-content\/uploads\/2022\/09\/Tinna-Gunnarsdo\u0301ttir-Geognome-2002-scaled.jpg\" data-link=\"https:\/\/www.landskronafoto.org\/snoflingor-och-andra-overraskningar\/attachment\/tinna-gunnarsdottir-geognome-2002\/\" class=\"wp-image-22568\" srcset=\"https:\/\/www.landskronafoto.org\/wp-content\/uploads\/2022\/09\/Tinna-Gunnarsdo\u0301ttir-Geognome-2002-2048x1365.jpg 2048w, https:\/\/www.landskronafoto.org\/wp-content\/uploads\/2022\/09\/Tinna-Gunnarsdo\u0301ttir-Geognome-2002-1024x683.jpg 1024w, https:\/\/www.landskronafoto.org\/wp-content\/uploads\/2022\/09\/Tinna-Gunnarsdo\u0301ttir-Geognome-2002-1536x1024.jpg 1536w\" sizes=\"auto, (max-width: 2048px) 100vw, 2048px\" \/><\/a><figcaption class=\"blocks-gallery-item__caption\"><strong>Tinna Gunnarsd\u00f3ttir<\/strong><\/figcaption><\/figure><\/li><li class=\"blocks-gallery-item\"><figure><a  href=\"https:\/\/www.landskronafoto.org\/wp-content\/uploads\/2022\/09\/Mathias-Svold-og-Ulrik-Hasemann-Hjort-2016-scaled.jpg\" data-rel=\"lightbox-gallery-0\" data-rl_title=\"hjort 001\" data-rl_caption=\"\" title=\"hjort 001\"><img loading=\"lazy\" decoding=\"async\" width=\"2048\" height=\"1755\" src=\"https:\/\/www.landskronafoto.org\/wp-content\/uploads\/2022\/09\/Mathias-Svold-og-Ulrik-Hasemann-Hjort-2016-2048x1755.jpg\" alt=\"\" data-id=\"22562\" data-full-url=\"https:\/\/www.landskronafoto.org\/wp-content\/uploads\/2022\/09\/Mathias-Svold-og-Ulrik-Hasemann-Hjort-2016-scaled.jpg\" data-link=\"https:\/\/www.landskronafoto.org\/snoflingor-och-andra-overraskningar\/attachment\/hjort-001\/\" class=\"wp-image-22562\" srcset=\"https:\/\/www.landskronafoto.org\/wp-content\/uploads\/2022\/09\/Mathias-Svold-og-Ulrik-Hasemann-Hjort-2016-2048x1755.jpg 2048w, https:\/\/www.landskronafoto.org\/wp-content\/uploads\/2022\/09\/Mathias-Svold-og-Ulrik-Hasemann-Hjort-2016-1024x877.jpg 1024w, https:\/\/www.landskronafoto.org\/wp-content\/uploads\/2022\/09\/Mathias-Svold-og-Ulrik-Hasemann-Hjort-2016-1536x1316.jpg 1536w\" sizes=\"auto, (max-width: 2048px) 100vw, 2048px\" \/><\/a><figcaption class=\"blocks-gallery-item__caption\"><strong><strong>Mathias Svold<\/strong><\/strong> <strong>&amp; Ulrik Hasemann<\/strong><\/figcaption><\/figure><\/li><li class=\"blocks-gallery-item\"><figure><a  href=\"https:\/\/www.landskronafoto.org\/wp-content\/uploads\/2022\/09\/Tiina-Itkonen-Grave-2002-scaled.jpg\" data-rel=\"lightbox-gallery-0\" data-rl_title=\"Gr\u00f6nlanti. \u00a9Tiina Itkonen\" data-rl_caption=\"\" title=\"Gr\u00f6nlanti. \u00a9Tiina Itkonen\"><img loading=\"lazy\" decoding=\"async\" width=\"2048\" height=\"1756\" src=\"https:\/\/www.landskronafoto.org\/wp-content\/uploads\/2022\/09\/Tiina-Itkonen-Grave-2002-2048x1756.jpg\" alt=\"\" data-id=\"22566\" data-full-url=\"https:\/\/www.landskronafoto.org\/wp-content\/uploads\/2022\/09\/Tiina-Itkonen-Grave-2002-scaled.jpg\" data-link=\"https:\/\/www.landskronafoto.org\/snoflingor-och-andra-overraskningar\/attachment\/gronlanti-tiina-itkonen\/\" class=\"wp-image-22566\" srcset=\"https:\/\/www.landskronafoto.org\/wp-content\/uploads\/2022\/09\/Tiina-Itkonen-Grave-2002-2048x1756.jpg 2048w, https:\/\/www.landskronafoto.org\/wp-content\/uploads\/2022\/09\/Tiina-Itkonen-Grave-2002-1024x878.jpg 1024w, https:\/\/www.landskronafoto.org\/wp-content\/uploads\/2022\/09\/Tiina-Itkonen-Grave-2002-1536x1317.jpg 1536w\" sizes=\"auto, (max-width: 2048px) 100vw, 2048px\" \/><\/a><figcaption class=\"blocks-gallery-item__caption\"><strong>Tiina Itkonen<\/strong><\/figcaption><\/figure><\/li><\/ul><\/figure>\n","protected":false},"excerpt":{"rendered":"<p>Elina Brotherus (FI), Katr\u00edn Elvarsd\u00f3ttir (IS), Tinna Gunnarsd\u00f3ttir (IS), Hallger\u00f0ur Hallgr\u00edmsd\u00f3ttir (IS), Mathias Svold &amp; Ulrik Hasemann (DK), Einar Falur Ing\u00f3lfsson (IS), Tiina Itkonen (FI), [&#8230;]<\/p>\n","protected":false},"author":19,"featured_media":0,"parent":0,"menu_order":46,"comment_status":"closed","ping_status":"closed","template":"","meta":{"_acf_changed":false,"footnotes":""},"class_list":["post-20584","page","type-page","status-publish","hentry","excerpt","full-without-featured","even","excerpt-0"],"acf":[],"_links":{"self":[{"href":"https:\/\/www.landskronafoto.org\/en\/wp-json\/wp\/v2\/pages\/20584","targetHints":{"allow":["GET"]}}],"collection":[{"href":"https:\/\/www.landskronafoto.org\/en\/wp-json\/wp\/v2\/pages"}],"about":[{"href":"https:\/\/www.landskronafoto.org\/en\/wp-json\/wp\/v2\/types\/page"}],"author":[{"embeddable":true,"href":"https:\/\/www.landskronafoto.org\/en\/wp-json\/wp\/v2\/users\/19"}],"replies":[{"embeddable":true,"href":"https:\/\/www.landskronafoto.org\/en\/wp-json\/wp\/v2\/comments?post=20584"}],"version-history":[{"count":5,"href":"https:\/\/www.landskronafoto.org\/en\/wp-json\/wp\/v2\/pages\/20584\/revisions"}],"predecessor-version":[{"id":22693,"href":"https:\/\/www.landskronafoto.org\/en\/wp-json\/wp\/v2\/pages\/20584\/revisions\/22693"}],"wp:attachment":[{"href":"https:\/\/www.landskronafoto.org\/en\/wp-json\/wp\/v2\/media?parent=20584"}],"curies":[{"name":"wp","href":"https:\/\/api.w.org\/{rel}","templated":true}]}}