{"id":21014,"date":"2022-05-09T16:28:42","date_gmt":"2022-05-09T14:28:42","guid":{"rendered":"https:\/\/www.landskronafoto.org\/?page_id=21014"},"modified":"2022-05-09T16:35:41","modified_gmt":"2022-05-09T14:35:41","slug":"skapa-egna-rum-i-gerry-johanssons-fotografier","status":"publish","type":"page","link":"https:\/\/www.landskronafoto.org\/en\/skapa-egna-rum-i-gerry-johanssons-fotografier\/","title":{"rendered":"Skapa egna rum i Gerry Johanssons fotografier"},"content":{"rendered":"\n<h4 class=\"wp-block-heading\"><strong>Aktivitetskort som vill v\u00e4cka barnens nyfikenhet genom att l\u00e5ta dem uppleva fotografierna i utst\u00e4llningen genom lek och engagemang.<\/strong><\/h4>\n\n\n\n<p>Aktivitetskorten finns tillg\u00e4ngliga under Gerry Johanssons utst\u00e4llningsperiod fram t.o.m 31 juli. <\/p>\n\n\n\n<p><\/p>\n\n\n\n<p>Barn fotograferas redan innan de \u00e4r f\u00f6dda och v\u00e4xer upp omgivna av bilder och kameror. Men kan de ta sig an en hel utst\u00e4llning med fotografier och fotob\u00f6cker? Kan de inspireras av svartvita fotografier av tomma rum?<\/p>\n\n\n\n<p>Gerry Johanssons stilrena foton \u00e4r utm\u00e4rkta som underlag f\u00f6r att prata om former, figurer och m\u00f6nster, om platserna vi m\u00f6ter och de m\u00e4nniskor som oftast \u00e4r fr\u00e5nvarande. Vi bjuds in att associera fritt och skapa v\u00e5ra egna fantasiv\u00e4rldar i hans fotografiska rum.<\/p>\n\n\n\n<p>N\u00e4r vi l\u00e4r barn olika s\u00e4tt att f\u00f6rh\u00e5lla sig till fotografier och n\u00e4rma sig dem p\u00e5 ett lekfullt s\u00e4tt skapas en nyfikenhet inf\u00f6r mediet. Detta bidrar till deras f\u00f6rm\u00e5ga att avkoda dagens visuellt pr\u00e4glade kultur.<\/p>\n\n\n\n<p>Vi vill v\u00e4cka barns engagemang f\u00f6r fotografier och \u00f6ppna dem f\u00f6r en v\u00e4rld d\u00e4r allt inte \u00e4r f\u00e4rdigt och f\u00f6rutbest\u00e4mt, d\u00e4r man sj\u00e4lv kan bidra till bildens uttryck genom sin egen ber\u00e4ttargl\u00e4dje. Genom att varva analys av fotografierna med lek skapas en varierad och praktisk-pedagogisk f\u00f6rdjupning av utst\u00e4llningen. Vi uppmuntrar ocks\u00e5 bes\u00f6kande familjer att anv\u00e4nda sin nyfikenhet f\u00f6r att unders\u00f6ka sina egna hemmilj\u00f6er. Tack vare det universella formspr\u00e5ket i Gerry Johanssons fotografier kan vi, unga som gamla, f\u00e5 en f\u00f6rst\u00e5else f\u00f6r hur vi alla \u00e4r f\u00f6rbundna genom tid och rum.<\/p>\n\n\n\n<p><strong>M\u00e5lgrupp:<\/strong> 5-12 \u00e5r och deras vuxna.<\/p>\n\n\n\n<p><strong><strong>L\u00e4rom\u00e5l:<\/strong> <\/strong>Syftet med materialet \u00e4r att v\u00e4cka barns nyfikenhet genom att l\u00e5ta dem uppleva fotografierna i utst\u00e4llningen via leken. Barnen blir medvetna om samspelet mellan f\u00e4rger och former i och mellan bilder. Uppdragen ger dem ord som g\u00f6r det l\u00e4ttare att prata om bilder, och de tr\u00e4nas i att f\u00f6lja sina associationer in i ett eget fantasiuniversum. Barnen f\u00e5r b\u00e5de verktyg f\u00f6r att f\u00f6rst\u00e5 bilder och att producera egna utifr\u00e5n sin fantasi, vilket breddar ramarna f\u00f6r framtida m\u00f6ten med fotografi och \u00f6kar f\u00f6rm\u00e5gan att navigera i en visuellt pr\u00e4glad kultur.<\/p>\n\n\n\n<figure class=\"wp-block-gallery columns-0 is-cropped wp-block-gallery-1 is-layout-flex wp-block-gallery-is-layout-flex\"><ul class=\"blocks-gallery-grid\"><li class=\"blocks-gallery-item\"><figure><a  href=\"https:\/\/www.landskronafoto.org\/wp-content\/uploads\/2022\/04\/GJFFBU.jpg\" data-rel=\"lightbox-gallery-0\" data-rl_title=\"GJFFBU\" data-rl_caption=\"\" title=\"GJFFBU\"><img loading=\"lazy\" decoding=\"async\" width=\"2560\" height=\"1920\" src=\"https:\/\/www.landskronafoto.org\/wp-content\/uploads\/2022\/04\/GJFFBU.jpg\" alt=\"\" data-id=\"21018\" data-full-url=\"https:\/\/www.landskronafoto.org\/wp-content\/uploads\/2022\/04\/GJFFBU.jpg\" data-link=\"https:\/\/www.landskronafoto.org\/en\/?attachment_id=21018\" class=\"wp-image-21018\" srcset=\"https:\/\/www.landskronafoto.org\/wp-content\/uploads\/2022\/04\/GJFFBU.jpg 2560w, https:\/\/www.landskronafoto.org\/wp-content\/uploads\/2022\/04\/GJFFBU-1024x768.jpg 1024w, https:\/\/www.landskronafoto.org\/wp-content\/uploads\/2022\/04\/GJFFBU-2048x1536.jpg 2048w, https:\/\/www.landskronafoto.org\/wp-content\/uploads\/2022\/04\/GJFFBU-1536x1152.jpg 1536w, https:\/\/www.landskronafoto.org\/wp-content\/uploads\/2022\/04\/GJFFBU-800x600.jpg 800w\" sizes=\"auto, (max-width: 2560px) 100vw, 2560px\" \/><\/a><\/figure><\/li><\/ul><\/figure>\n\n\n\n<p><strong>Aktivitetskorten finns att h\u00e4mta i galleriet under utst\u00e4llningen Gerry Johansson &#8211; The Books<\/strong>.<\/p>\n","protected":false},"excerpt":{"rendered":"<p>Aktivitetskort som vill v\u00e4cka barnens nyfikenhet genom att l\u00e5ta dem uppleva fotografierna i utst\u00e4llningen genom lek och engagemang. Aktivitetskorten finns tillg\u00e4ngliga under Gerry Johanssons utst\u00e4llningsperiod [&#8230;]<\/p>\n","protected":false},"author":19,"featured_media":0,"parent":0,"menu_order":0,"comment_status":"closed","ping_status":"closed","template":"","meta":{"_acf_changed":false,"footnotes":""},"class_list":["post-21014","page","type-page","status-publish","hentry","excerpt","full-without-featured","even","excerpt-0"],"acf":[],"_links":{"self":[{"href":"https:\/\/www.landskronafoto.org\/en\/wp-json\/wp\/v2\/pages\/21014","targetHints":{"allow":["GET"]}}],"collection":[{"href":"https:\/\/www.landskronafoto.org\/en\/wp-json\/wp\/v2\/pages"}],"about":[{"href":"https:\/\/www.landskronafoto.org\/en\/wp-json\/wp\/v2\/types\/page"}],"author":[{"embeddable":true,"href":"https:\/\/www.landskronafoto.org\/en\/wp-json\/wp\/v2\/users\/19"}],"replies":[{"embeddable":true,"href":"https:\/\/www.landskronafoto.org\/en\/wp-json\/wp\/v2\/comments?post=21014"}],"version-history":[{"count":3,"href":"https:\/\/www.landskronafoto.org\/en\/wp-json\/wp\/v2\/pages\/21014\/revisions"}],"predecessor-version":[{"id":21020,"href":"https:\/\/www.landskronafoto.org\/en\/wp-json\/wp\/v2\/pages\/21014\/revisions\/21020"}],"wp:attachment":[{"href":"https:\/\/www.landskronafoto.org\/en\/wp-json\/wp\/v2\/media?parent=21014"}],"curies":[{"name":"wp","href":"https:\/\/api.w.org\/{rel}","templated":true}]}}