{"id":21283,"date":"2022-07-01T10:17:15","date_gmt":"2022-07-01T08:17:15","guid":{"rendered":"https:\/\/www.landskronafoto.org\/?page_id=21283"},"modified":"2024-08-01T09:08:07","modified_gmt":"2024-08-01T07:08:07","slug":"landskrona-foto-friends-exhibitions","status":"publish","type":"page","link":"https:\/\/www.landskronafoto.org\/en\/landskrona-foto-friends-exhibitions\/","title":{"rendered":"LANDSKRONA FOTO FRIENDS EXHIBITIONS"},"content":{"rendered":"\n<h4 class=\"wp-block-heading\"><strong>Landskrona Foto Friends is a platform showcasing a range of interesting photography exhibitions and events taking place in and around Landskrona at the same time of the festival.<\/strong><\/h4>\n\n\n\n<p class=\"has-black-color has-text-color has-background\" style=\"background-color:#dde0e2\"><a href=\"https:\/\/www.google.com\/maps\/d\/u\/1\/edit?mid=1pUDInx4cb2DwfXUv8IpEne3Wx2k8jevz&amp;ll=55.8881674262887%2C12.763437200000002&amp;z=14\" target=\"_blank\" rel=\"noreferrer noopener\"> MAP<\/a> of exhibition locations in and around Landskrona. For opening times see each exhibition<\/p>\n\n\n\n<h3 class=\"wp-block-heading\"><\/h3>\n\n\n\n<figure class=\"wp-block-image\"><img loading=\"lazy\" decoding=\"async\" width=\"1638\" height=\"2048\" src=\"https:\/\/www.landskronafoto.org\/wp-content\/uploads\/ninja-forms\/24\/Linnea.Romeling.fordensombultar-1638x2048.jpg\" alt=\"\" class=\"wp-image-25860\" srcset=\"https:\/\/www.landskronafoto.org\/wp-content\/uploads\/ninja-forms\/24\/Linnea.Romeling.fordensombultar-1638x2048.jpg 1638w, https:\/\/www.landskronafoto.org\/wp-content\/uploads\/ninja-forms\/24\/Linnea.Romeling.fordensombultar-819x1024.jpg 819w, https:\/\/www.landskronafoto.org\/wp-content\/uploads\/ninja-forms\/24\/Linnea.Romeling.fordensombultar-1229x1536.jpg 1229w, https:\/\/www.landskronafoto.org\/wp-content\/uploads\/ninja-forms\/24\/Linnea.Romeling.fordensombultar.jpg 1772w\" sizes=\"auto, (max-width: 1638px) 100vw, 1638px\" \/><figcaption class=\"wp-element-caption\">\u00a9 Linnea Romeling<\/figcaption><\/figure>\n\n\n\n<h3 class=\"wp-block-heading\"><strong>What\u00b4s past is prologue<\/strong><\/h3>\n\n\n\n<h3 class=\"wp-block-heading\"><strong>Anniversary exhibition Fotografi \u00d6stra Grevie<\/strong><\/h3>\n\n\n\n<h3 class=\"wp-block-heading\"><strong>Alumni participants<\/strong> <strong>1993-2023<\/strong><\/h3>\n\n\n\n<p><strong>Borgm\u00e4stargatan 1, Landskrona<\/strong>\u00a0<strong>6\/9-22\/9 2024 (the gallery is open weekends Fri-Sun. )<\/strong><\/p>\n\n\n\n<p>On the occasion of Fotografi \u00d6stra Grevie&#8217;s 30th birthday, Fotografi \u00d6stra Grevie is making a anniversary exhibition <strong>What \u0301s Past is Prologue&#8221; <\/strong>during Landskrona Foto Festival 2024.<br>We are very happy and proud that the school has been training photographers for three decades, and we want to celebrate this, of course. Happily, our education continues to grow with an increasing number of applicants every year. Gunther Raud started the education in 1993. Now we want to connect the past with the present and have therefore chosen to invite a number of alumni participants who are educated at Fotografi during 1993\u20132023 to exhibit. There is also a publication for the exhibition.<\/p>\n\n\n\n<hr class=\"wp-block-separator has-alpha-channel-opacity\"\/>\n\n\n\n<figure class=\"wp-block-image\"><img loading=\"lazy\" decoding=\"async\" width=\"1500\" height=\"1068\" src=\"https:\/\/www.landskronafoto.org\/wp-content\/uploads\/2024\/06\/HakanKarlsson_pressbild2.jpeg\" alt=\"\" class=\"wp-image-25868\" srcset=\"https:\/\/www.landskronafoto.org\/wp-content\/uploads\/2024\/06\/HakanKarlsson_pressbild2.jpeg 1500w, https:\/\/www.landskronafoto.org\/wp-content\/uploads\/2024\/06\/HakanKarlsson_pressbild2-1024x729.jpeg 1024w\" sizes=\"auto, (max-width: 1500px) 100vw, 1500px\" \/><figcaption class=\"wp-element-caption\"><em>\u00a9<\/em>&nbsp;H\u00e5kan karlsson<\/figcaption><\/figure>\n\n\n\n<h3 class=\"wp-block-heading\"><strong>One day at a time \u2013 H\u00e5kan Karlsson<\/strong>\u00a0<\/h3>\n\n\n\n<p><strong>Caf\u00e9 Nell Walden, Landskrona Museum<\/strong>.<\/p>\n\n\n\n<p>On New Year&#8217;s Day 2019, picture 1 of 365 was taken. It would be one picture a day for 365 days. During the pandemic, the project<em> One Day at a Time <\/em>grew. The project is a retrospective photo diary, chronological in date but not in year. A picture for every day.<\/p>\n\n\n\n<p>In his pictures, H\u00e5kan Karlsson moves both in Scania and Europe. They are pictures of the environment, everyday life and people. In the exhibition you can see a small selection from the project&#8217;s total of 366 images.<\/p>\n\n\n\n<p>H\u00e5kan Karlsson is the 2022 Nell Walden scholarship holder. The scholarship is awarded to a person who works in the spirit of Nell Walden. H\u00e5kan works in the city where Nell grew up and works constantly to raise the culture in Landskrona. He has been working as an editor for Landskrona Direkt since 2003 and also runs Galleri Direkt. In 2020 he received the Landskrona Cultural Scholarship and he participated in the Landskrona Foto Festival through Foto Friends in 2022 and 2020 with exhibitions at Galleri Direkt. In 2016 and 2018, he participated in Landskronit, which brought together local photographers at Landskrona Konsthall.<\/p>\n\n\n\n<hr class=\"wp-block-separator has-alpha-channel-opacity\"\/>\n\n\n\n<figure class=\"wp-block-image\"><img loading=\"lazy\" decoding=\"async\" width=\"1024\" height=\"1024\" src=\"https:\/\/www.landskronafoto.org\/wp-content\/uploads\/2024\/06\/this-person.jpg\" alt=\"\" class=\"wp-image-25644\" srcset=\"https:\/\/www.landskronafoto.org\/wp-content\/uploads\/2024\/06\/this-person.jpg 1024w, https:\/\/www.landskronafoto.org\/wp-content\/uploads\/2024\/06\/this-person-150x150.jpg 150w\" sizes=\"auto, (max-width: 1024px) 100vw, 1024px\" \/><figcaption class=\"wp-element-caption\"><em>\u00a9<\/em>&nbsp;Nina Slejko Blom<\/figcaption><\/figure>\n\n\n\n<h3 class=\"wp-block-heading\"><strong>This Person Does Not Exist<\/strong>&nbsp;\u2013&nbsp;<strong>Nina Slejko Blom<\/strong><\/h3>\n\n\n\n<p><strong><a href=\"https:\/\/klet-c.weebly.com\/\">Klet Contemporary<\/a>, Fiskargr\u00e4nden 12B, 261 29 Landskrona<\/strong><\/p>\n\n\n\n<p><strong>2024-08-31 \u2013 09-29, in the windows of the gallery, exhibition accessible from the street<\/strong><\/p>\n\n\n\n<p>&nbsp;The exhibition includes images generated by an AI face generator, a text written by an AI text generator, a QR Code, a webpage + a work proposition from Dr. Nehir Yara Balik (or a phishing email sent by a robot) \u2013<\/p>\n\n\n\n<p>The images in the windows, deceptively lifelike, have been generated by a web-based face generator, creating fake faces of non-existent humans from the unnervingly precise&nbsp;thispersondoesnotexist.com. An AI can fashion a face and weave a story like a person; but perhaps the very definition of \u201da person\u201d is slipping away from us. As we channel our energy and resources into these AI systems, what are we truly sacrificing? What are we getting in return?<br>These AI-generated faces, perfect for fake profiles, can be used by both robots and humans to mask true identities. We are all too willing to let others, even machines, do our work for us. Comfort is our god, and we trust these AI creations\u2014until a seemingly perfect face morphs, sprouting an ear from its nose, jolting us back to a disconcerting reality.<br>In time, our daily interactions become dominated by these artificial entities. We might forget what it feels like to interact with a real human. We drown in a sea of flawless impostors, losing touch with genuine human contact, until the very essence of what it means to be human begins to blur. And in that uncanny moment, a Madagascar jewel shimmers in the distance, reflecting an iridescent glow.<br>The unicorn appears, its horn spiraling into the void.<\/p>\n\n\n\n<hr class=\"wp-block-separator has-alpha-channel-opacity\"\/>\n\n\n\n<figure class=\"wp-block-image\"><img loading=\"lazy\" decoding=\"async\" width=\"1434\" height=\"2048\" src=\"https:\/\/www.landskronafoto.org\/wp-content\/uploads\/2024\/06\/Thor-BjornJohansson28-1-1434x2048.jpg\" alt=\"\" class=\"wp-image-25634\" srcset=\"https:\/\/www.landskronafoto.org\/wp-content\/uploads\/2024\/06\/Thor-BjornJohansson28-1-1434x2048.jpg 1434w, https:\/\/www.landskronafoto.org\/wp-content\/uploads\/2024\/06\/Thor-BjornJohansson28-1-717x1024.jpg 717w, https:\/\/www.landskronafoto.org\/wp-content\/uploads\/2024\/06\/Thor-BjornJohansson28-1-1075x1536.jpg 1075w, https:\/\/www.landskronafoto.org\/wp-content\/uploads\/2024\/06\/Thor-BjornJohansson28-1-scaled.jpg 1792w\" sizes=\"auto, (max-width: 1434px) 100vw, 1434px\" \/><figcaption class=\"wp-element-caption\"><em>\u00a9<\/em>&nbsp;Thor-Bj\u00f6rn Johansson<\/figcaption><\/figure>\n\n\n\n<figure class=\"wp-block-image\"><img loading=\"lazy\" decoding=\"async\" width=\"806\" height=\"590\" src=\"https:\/\/www.landskronafoto.org\/wp-content\/uploads\/2024\/06\/Skarmavbild-2024-06-11-kl.-16.46.58.png\" alt=\"\" class=\"wp-image-25637\"\/><figcaption class=\"wp-element-caption\"><em>\u00a9<\/em>&nbsp;\u00d6rjan Kristenson<\/figcaption><\/figure>\n\n\n\n<h3 class=\"wp-block-heading\"><strong>TIDSVITTNEN &#8211; Thor-Bj\u00f6rn Johansson\u00a0 &amp; \u00d6rjan Kristenson<\/strong><\/h3>\n\n\n\n<p><strong>Galleri Slottet 7, Citadellet Landskrona&nbsp;6\/9 \u2013 15\/9 (samma \u00f6ppettider som festivalen)<\/strong><\/p>\n\n\n\n<p>Photography is preserved time, a hundredth of a second that&#8230;when you&#8217;ve taken your picture, it&#8217;s already history. That is why Thor-Bj\u00f6rn Johansson and \u00d6rjan Kristenson go back in time, showing images from a bygone era &#8211; the 70s and 80s. A time may seem distant but is not much different from the time we live in now. \u00d6rjan shows images from four reportages; Artisans in Kalmar County, a trip to Poland, the R\u00f6h\u00e4lla guest house north of the \u00d6land Bridge and the circus in F\u00e4rjestaden. Thor-Bj\u00f6rn&#8217;s pictures are from Hede in H\u00e4rjedalen, L\u00e5ngbro mental hospital and dance evenings at the city hotel Rogge in Sr\u00e4ngn\u00e4s.<\/p>\n\n\n\n<hr class=\"wp-block-separator has-alpha-channel-opacity\"\/>\n\n\n\n<figure class=\"wp-block-image\"><img loading=\"lazy\" decoding=\"async\" width=\"1440\" height=\"1800\" src=\"https:\/\/www.landskronafoto.org\/wp-content\/uploads\/2024\/06\/4A9C9D8B-A76B-431A-A2AA-6EFE1297DD4D.jpg\" alt=\"\" class=\"wp-image-25804\" srcset=\"https:\/\/www.landskronafoto.org\/wp-content\/uploads\/2024\/06\/4A9C9D8B-A76B-431A-A2AA-6EFE1297DD4D.jpg 1440w, https:\/\/www.landskronafoto.org\/wp-content\/uploads\/2024\/06\/4A9C9D8B-A76B-431A-A2AA-6EFE1297DD4D-819x1024.jpg 819w, https:\/\/www.landskronafoto.org\/wp-content\/uploads\/2024\/06\/4A9C9D8B-A76B-431A-A2AA-6EFE1297DD4D-1229x1536.jpg 1229w\" sizes=\"auto, (max-width: 1440px) 100vw, 1440px\" \/><figcaption class=\"wp-element-caption\"><em>\u00a9<\/em>&nbsp;Charlotta di Montefalco<\/figcaption><\/figure>\n\n\n\n<h3 class=\"wp-block-heading\"><strong>Forte e non solo \u2013 Charlotta di Montefalco<\/strong><\/h3>\n\n\n\n<p><strong>Svenska M\u00e4klarhuset, \u00d6stergatan 35, Landskrona&nbsp;7\/9-31\/12<\/strong><\/p>\n\n\n\n<p>Photographs from Italy.<\/p>\n\n\n\n<hr class=\"wp-block-separator has-alpha-channel-opacity\"\/>\n\n\n\n<figure class=\"wp-block-image\"><img loading=\"lazy\" decoding=\"async\" width=\"689\" height=\"520\" src=\"https:\/\/www.landskronafoto.org\/wp-content\/uploads\/2024\/08\/Skarmavbild-2024-08-01-kl.-08.50.36.png\" alt=\"\" class=\"wp-image-26264\"\/><figcaption class=\"wp-element-caption\"><em>\u00a9<\/em>&nbsp;Mikael Svensson<\/figcaption><\/figure>\n\n\n\n<h3 class=\"wp-block-heading\"><strong>Photography as therapy<\/strong>\u00a0\u2013\u00a0<strong>Mikael Svensson<\/strong><\/h3>\n\n\n\n<p><strong>Landskrona Stadsbibliotek, Regeringsgatan 13, Landskrona. 31\/8-28\/9<\/strong><\/p>\n\n\n\n<p>How do you get through a depression, a tough period of your life?<\/p>\n\n\n\n<p>I do not claim to know the answer. But four years into my own depression, in the beginning of 2022, I invested in a camera. With it I found a new way to express myself, a way to describe how I felt, something that is not always so easy to do with words alone. By also sharing these images I felt an increased understanding from people around me. They could see me for who I was and how I felt at any given time. The feeling of loneliness decreased as I included others in this way.<\/p>\n\n\n\n<p>By the end of 2022 I felt noticeably better, which people could see in my photos, and the idea for my book was born where I shared my journey. In this exhibition I invite you to see a selection of images. Most of them are from my book.<\/p>\n\n\n\n<p>I invite you to see how I used photography as therapy.<\/p>\n\n\n\n<p>Mikael Svensson from Landskrona is a photographer since a few years with a focus on street photography and an interest for how one can use photography to express how you feel.<\/p>\n\n\n\n<p><\/p>\n","protected":false},"excerpt":{"rendered":"<p>Landskrona Foto Friends is a platform showcasing a range of interesting photography exhibitions and events taking place in and around Landskrona at the same time [&#8230;]<\/p>\n","protected":false},"author":19,"featured_media":16372,"parent":0,"menu_order":0,"comment_status":"closed","ping_status":"closed","template":"","meta":{"_acf_changed":false,"footnotes":""},"class_list":["post-21283","page","type-page","status-publish","has-post-thumbnail","hentry","excerpt","full-without-featured","even","excerpt-0"],"acf":[],"_links":{"self":[{"href":"https:\/\/www.landskronafoto.org\/en\/wp-json\/wp\/v2\/pages\/21283","targetHints":{"allow":["GET"]}}],"collection":[{"href":"https:\/\/www.landskronafoto.org\/en\/wp-json\/wp\/v2\/pages"}],"about":[{"href":"https:\/\/www.landskronafoto.org\/en\/wp-json\/wp\/v2\/types\/page"}],"author":[{"embeddable":true,"href":"https:\/\/www.landskronafoto.org\/en\/wp-json\/wp\/v2\/users\/19"}],"replies":[{"embeddable":true,"href":"https:\/\/www.landskronafoto.org\/en\/wp-json\/wp\/v2\/comments?post=21283"}],"version-history":[{"count":4,"href":"https:\/\/www.landskronafoto.org\/en\/wp-json\/wp\/v2\/pages\/21283\/revisions"}],"predecessor-version":[{"id":26269,"href":"https:\/\/www.landskronafoto.org\/en\/wp-json\/wp\/v2\/pages\/21283\/revisions\/26269"}],"wp:featuredmedia":[{"embeddable":true,"href":"https:\/\/www.landskronafoto.org\/en\/wp-json\/wp\/v2\/media\/16372"}],"wp:attachment":[{"href":"https:\/\/www.landskronafoto.org\/en\/wp-json\/wp\/v2\/media?parent=21283"}],"curies":[{"name":"wp","href":"https:\/\/api.w.org\/{rel}","templated":true}]}}