{"id":23623,"date":"2023-08-25T12:53:29","date_gmt":"2023-08-25T10:53:29","guid":{"rendered":"https:\/\/www.landskronafoto.org\/?page_id=23623"},"modified":"2023-09-15T10:15:51","modified_gmt":"2023-09-15T08:15:51","slug":"nature-of-play","status":"publish","type":"page","link":"https:\/\/www.landskronafoto.org\/en\/nature-of-play\/","title":{"rendered":"30.9.23-12.11.23  Nature of Play: Landskrona Through the Eyes of Children\u00a0\u00a0"},"content":{"rendered":"\n<figure class=\"wp-block-gallery has-nested-images columns-default is-cropped wp-block-gallery-1 is-layout-flex wp-block-gallery-is-layout-flex\">\n<figure class=\"wp-block-image size-large\"><img loading=\"lazy\" decoding=\"async\" width=\"2000\" height=\"1333\" data-id=\"23607\" src=\"https:\/\/www.landskronafoto.org\/wp-content\/uploads\/2023\/08\/student_work_3.jpg\" alt=\"\" class=\"wp-image-23607\" srcset=\"https:\/\/www.landskronafoto.org\/wp-content\/uploads\/2023\/08\/student_work_3.jpg 2000w, https:\/\/www.landskronafoto.org\/wp-content\/uploads\/2023\/08\/student_work_3-1024x682.jpg 1024w, https:\/\/www.landskronafoto.org\/wp-content\/uploads\/2023\/08\/student_work_3-1536x1024.jpg 1536w\" sizes=\"auto, (max-width: 2000px) 100vw, 2000px\" \/><\/figure>\n\n\n\n<figure class=\"wp-block-image size-full\"><img loading=\"lazy\" decoding=\"async\" width=\"1707\" height=\"2560\" data-id=\"23611\" src=\"https:\/\/www.landskronafoto.org\/wp-content\/uploads\/2023\/08\/roisin_white_2-scaled.jpg\" alt=\"\" class=\"wp-image-23611\" srcset=\"https:\/\/www.landskronafoto.org\/wp-content\/uploads\/2023\/08\/roisin_white_2-scaled.jpg 1707w, https:\/\/www.landskronafoto.org\/wp-content\/uploads\/2023\/08\/roisin_white_2-683x1024.jpg 683w, https:\/\/www.landskronafoto.org\/wp-content\/uploads\/2023\/08\/roisin_white_2-1365x2048.jpg 1365w, https:\/\/www.landskronafoto.org\/wp-content\/uploads\/2023\/08\/roisin_white_2-1024x1536.jpg 1024w\" sizes=\"auto, (max-width: 1707px) 100vw, 1707px\" \/><\/figure>\n\n\n\n<figure class=\"wp-block-image size-full\"><img loading=\"lazy\" decoding=\"async\" width=\"1707\" height=\"2560\" data-id=\"23613\" src=\"https:\/\/www.landskronafoto.org\/wp-content\/uploads\/2023\/08\/roisin_white_1-scaled.jpg\" alt=\"\" class=\"wp-image-23613\" srcset=\"https:\/\/www.landskronafoto.org\/wp-content\/uploads\/2023\/08\/roisin_white_1-scaled.jpg 1707w, https:\/\/www.landskronafoto.org\/wp-content\/uploads\/2023\/08\/roisin_white_1-683x1024.jpg 683w, https:\/\/www.landskronafoto.org\/wp-content\/uploads\/2023\/08\/roisin_white_1-1365x2048.jpg 1365w, https:\/\/www.landskronafoto.org\/wp-content\/uploads\/2023\/08\/roisin_white_1-1024x1536.jpg 1024w\" sizes=\"auto, (max-width: 1707px) 100vw, 1707px\" \/><\/figure>\n<\/figure>\n\n\n\n<p class=\"has-large-font-size\">A collaborative exhibition between artist R\u00f3is\u00edn White and children from Uranienborgskolan, V\u00e4sterv\u00e5ngskolan and Kulturskolan.\u00a0<\/p>\n\n\n\n<p class=\"has-background\" style=\"background-color:#ebebeb\"><strong>Location:<\/strong> <a href=\"https:\/\/www.landskrona.se\/uppleva-och-gora\/kultur\/landskrona-museum\/\" data-type=\"link\" data-id=\"https:\/\/www.landskrona.se\/uppleva-och-gora\/kultur\/landskrona-museum\/\">Landskrona Museum.<\/a> <strong>Opening hours:<\/strong> Tue-Fri 12-17, Sat 10-17, Sun 12-17. <\/p>\n\n\n\n<p>Nature of Play is an exhibition that has come from the collaboration of artist R\u00f3is\u00edn White with children from Landskrona. It is the result of several workshops facilitated by R\u00f3is\u00edn during her residency with Landskrona Foto in the Spring of 2023.&nbsp;&nbsp;<\/p>\n\n\n\n<p>The aim of the project was to view the city through the eyes of the young people who live here. During the workshops R\u00f3is\u00edn and the children spent time in nature, visiting and exploring locations that were interesting or important to the children. They showed R\u00f3is\u00edn things that she might not have paid attention to, they shared memories of those places, and together they documented the locations using photography. The children were encouraged to experiment with their cameras, to look really closely, to take their time, and to have fun while making their photographs. The assignment was completely open, they could photograph anything that they wanted to. What resulted was over 1300 photographs by the children, that embody the playful nature in which they were created.&nbsp;&nbsp;&nbsp;<\/p>\n\n\n\n<p>To guide the creation of this exhibition, following the workshops R\u00f3is\u00edn and the children discussed all the images, how people were attracted to photographing certain things, or how some were made in a very individual ways (like putting their camera under water!). The children shared their ideas for how they would like the exhibition to be organised, how they would like to feel in the space, and some of the images that they <em>really<\/em> wanted to be included.&nbsp;&nbsp;&nbsp;<\/p>\n\n\n\n<p>Throughout the process of facilitating the photo workshops, R\u00f3is\u00edn was making her own photographs that responded to the conversations and experiences that she was having with the children. She created a series of images that reflect some of these moments of play, while also attempting to remember <em>how to play<\/em> like she did when she was their age. Many of the locations photographed include places that the children said were their favourites but weren\u2019t possible to visit during our workshops.&nbsp;&nbsp;<\/p>\n\n\n\n<p><\/p>\n\n\n\n<p><a href=\"https:\/\/www.roisinwhite.com\/\" data-type=\"link\" data-id=\"https:\/\/www.roisinwhite.com\/\">R\u00f3is\u00edn White<\/a> is a visual artist and arts facilitator based in Ireland. She primary works with photography, with a diverse interest within mixed media sculpture. Her work often stems from found and archival materials, with an interest in storytelling, both fictional and imagined. She has exhibited her work across Ireland and Europe. As the winner of Landskrona Foto &amp; Breadfield Dummy Award in 2022, she will publish her photobook, \u201cLay Her Down Upon Her Back\u201d, in 2023.&nbsp;<\/p>\n\n\n\n<p>R\u00f3is\u00edn has worked with children and young people within her visual arts practice for over 10 years, working both collaboratively, and in a facilitation role. She is inspired by the sense of play and curiosity that young people show while making art, and strives to create an environment that gives children the space and confidence to try things out, and be led by their own interests. Recent youth-led project have included working with PhotoIreland, The Ark Children\u2019s Cultural Centre, and Greywood Arts\/National Space Station in Ireland.&nbsp;<\/p>\n","protected":false},"excerpt":{"rendered":"<p>A collaborative exhibition between artist R\u00f3is\u00edn White and children from Uranienborgskolan, V\u00e4sterv\u00e5ngskolan and Kulturskolan.\u00a0 Location: Landskrona Museum. Opening hours: Tue-Fri 12-17, Sat 10-17, Sun 12-17. [&#8230;]<\/p>\n","protected":false},"author":19,"featured_media":0,"parent":0,"menu_order":0,"comment_status":"closed","ping_status":"closed","template":"","meta":{"_acf_changed":false,"footnotes":""},"class_list":["post-23623","page","type-page","status-publish","hentry","excerpt","full-without-featured","even","excerpt-0"],"acf":[],"_links":{"self":[{"href":"https:\/\/www.landskronafoto.org\/en\/wp-json\/wp\/v2\/pages\/23623","targetHints":{"allow":["GET"]}}],"collection":[{"href":"https:\/\/www.landskronafoto.org\/en\/wp-json\/wp\/v2\/pages"}],"about":[{"href":"https:\/\/www.landskronafoto.org\/en\/wp-json\/wp\/v2\/types\/page"}],"author":[{"embeddable":true,"href":"https:\/\/www.landskronafoto.org\/en\/wp-json\/wp\/v2\/users\/19"}],"replies":[{"embeddable":true,"href":"https:\/\/www.landskronafoto.org\/en\/wp-json\/wp\/v2\/comments?post=23623"}],"version-history":[{"count":5,"href":"https:\/\/www.landskronafoto.org\/en\/wp-json\/wp\/v2\/pages\/23623\/revisions"}],"predecessor-version":[{"id":23804,"href":"https:\/\/www.landskronafoto.org\/en\/wp-json\/wp\/v2\/pages\/23623\/revisions\/23804"}],"wp:attachment":[{"href":"https:\/\/www.landskronafoto.org\/en\/wp-json\/wp\/v2\/media?parent=23623"}],"curies":[{"name":"wp","href":"https:\/\/api.w.org\/{rel}","templated":true}]}}