{"id":24243,"date":"2024-01-19T10:29:02","date_gmt":"2024-01-19T09:29:02","guid":{"rendered":"https:\/\/www.landskronafoto.org\/landskrona-foto-festival-2022\/"},"modified":"2025-05-28T14:38:20","modified_gmt":"2025-05-28T12:38:20","slug":"landskrona-foto-festival-2022","status":"publish","type":"page","link":"https:\/\/www.landskronafoto.org\/en\/landskrona-foto-festival-2022\/","title":{"rendered":"LANDSKRONA FOTO FESTIVAL 2022 PHOTOGRAPHY, WHO IS IT FOR?"},"content":{"rendered":"\n<h4 class=\"wp-block-heading\"><\/h4>\n\n\n\n<p><strong>CONSTANZA VALDERRAMAS, SOFIA KARIM, HODA AFSHAR, IMANE DJAMIL, ANITA KHEMKA &amp; IMRAN KOKILOO, TARRAH KRAJNAK, ZORA J MURFF, HALEY MORRIS CAFIERO, RIVER CLAURE, LINA GEOUSHY, DAVIDE MONTELEONE, CAROLINA AGUERA, PHILIP BLENKINSOP, CLAIRE HEWITT, CHOW AND LIN, BILLY H.C. KWOK, TINA ENGHOFF &amp; KAMILLE NYG\u00c5RD, JOSE LUIS CUEVAS, ELENA SUBACH, GLORIA OYARZABAL,ANTHONY LUVERA, MARTA BOGDA\u0143SKA, SATOSHI TSUCHIYAMA, RAFA\u0141 MILACH, BLACKBOOK PUBLICATIONS, RODRIGO ORRANTIA, CRYSTAL BENNES, HDK-VALAND, PERIFERI\u2013CFF, PER HEMMINGSSON<\/strong>.<\/p>\n\n\n\n<figure class=\"wp-block-image size-full\"><img loading=\"lazy\" decoding=\"async\" width=\"1682\" height=\"1121\" src=\"https:\/\/www.landskronafoto.org\/wp-content\/uploads\/2024\/01\/Landskrona-foto-fredag_75.jpg\" alt=\"\" class=\"wp-image-24196\" srcset=\"https:\/\/www.landskronafoto.org\/wp-content\/uploads\/2024\/01\/Landskrona-foto-fredag_75.jpg 1682w, https:\/\/www.landskronafoto.org\/wp-content\/uploads\/2024\/01\/Landskrona-foto-fredag_75-1024x682.jpg 1024w, https:\/\/www.landskronafoto.org\/wp-content\/uploads\/2024\/01\/Landskrona-foto-fredag_75-1536x1024.jpg 1536w\" sizes=\"auto, (max-width: 1682px) 100vw, 1682px\" \/><\/figure>\n\n\n\n<p>Once again Landsrona was transformed into a bustling photo hub, with art photography not only taking over galleries and museums but also urban spaces such as parks and the city streets. This is when Landskrona\u2019s commitment and investment in photography really springs to life.&nbsp;<\/p>\n\n\n\n<p>Landskrona Foto Festival was organised for the eighth time by Landskrona Foto, which since 2013 has been a collective organisation for exhibitions, events, photo books and residency activities.&nbsp;<\/p>\n\n\n\n<p>Over the years Landskrona Foto Festival has established itself as Sweden&#8217;s most important photography festival and also gained international recognition. The 2022 exhibition programme was once again created by the artistic director, Monica Allende. She has previously worked as photography editor for The Sunday Times Magazine and as a curator for Britain&#8217;s largest photography festival Format 17 and the international festival Getxo Photo in Spain.&nbsp;<\/p>\n\n\n\n<p>Photography, who is it for? That was the question we set out to explore with the 2022 festival. Monica Allende wanted to reflect on photography&#8217;s possibilities to influence positive change in society. The 33 international artists from 19<strong> <\/strong>different countries embraced the theme and used Landskrona\u2019s majestic historical buildings and open spaces to take us on a journey of visual exploration, using mixed formats to narrate a diversity of topics.\u202f&nbsp;<\/p>\n\n\n\n<p>To pay attention to Landskrona Fotos large photo book collection we turned our old gymnastic hall into a centre for photo books. In collaboration with Svenska Fotografernas F\u00f6rbund, Centrum f\u00f6r fotografi, HDK-Valand and others, we invited artists to present and discuss how photographic literature is made accessible. The aim was to increase the distribution of photo books and the knowledge of how to \u201cread\u201d photographic publications.\u202f&nbsp;<\/p>\n\n\n\n<p>The last couple of years were marked by restrictions and social distancing, but once again Landskrona Foto Festival showed the power of bringing together artists and the viewing public, sparking lively and engaging debates. Not only about the photography that took over our city but about the wider social and political tensions which are at the heart of the stories these artists are telling.\u202f&nbsp;<\/p>\n\n\n\n<h4 class=\"wp-block-heading\"><\/h4>\n\n\n\n<figure class=\"wp-block-gallery has-nested-images columns-2 is-cropped wp-block-gallery-1 is-layout-flex wp-block-gallery-is-layout-flex\">\n<figure class=\"wp-block-image size-large\"><a  href=\"https:\/\/www.landskronafoto.org\/wp-content\/uploads\/2024\/01\/14_THE-STATE-OF-THINGS_02-1.jpg\" data-rel=\"lightbox-gallery-0\" data-rl_title=\"14_THE-STATE-OF-THINGS_02-1\" data-rl_caption=\"\" title=\"14_THE-STATE-OF-THINGS_02-1\"><img loading=\"lazy\" decoding=\"async\" width=\"1409\" height=\"940\" data-id=\"24236\" src=\"https:\/\/www.landskronafoto.org\/wp-content\/uploads\/2024\/01\/14_THE-STATE-OF-THINGS_02-1.jpg\" alt=\"\" class=\"wp-image-24236\" srcset=\"https:\/\/www.landskronafoto.org\/wp-content\/uploads\/2024\/01\/14_THE-STATE-OF-THINGS_02-1.jpg 1409w, https:\/\/www.landskronafoto.org\/wp-content\/uploads\/2024\/01\/14_THE-STATE-OF-THINGS_02-1-1024x683.jpg 1024w\" sizes=\"auto, (max-width: 1409px) 100vw, 1409px\" \/><\/a><\/figure>\n\n\n\n<figure class=\"wp-block-image size-large\"><a  href=\"https:\/\/www.landskronafoto.org\/wp-content\/uploads\/2024\/01\/10_SATOSHI-TSUCHIYAMA_03.jpg\" data-rel=\"lightbox-gallery-0\" data-rl_title=\"10_SATOSHI-TSUCHIYAMA_03\" data-rl_caption=\"\" title=\"10_SATOSHI-TSUCHIYAMA_03\"><img loading=\"lazy\" decoding=\"async\" width=\"1282\" height=\"855\" data-id=\"24222\" src=\"https:\/\/www.landskronafoto.org\/wp-content\/uploads\/2024\/01\/10_SATOSHI-TSUCHIYAMA_03.jpg\" alt=\"\" class=\"wp-image-24222\" srcset=\"https:\/\/www.landskronafoto.org\/wp-content\/uploads\/2024\/01\/10_SATOSHI-TSUCHIYAMA_03.jpg 1282w, https:\/\/www.landskronafoto.org\/wp-content\/uploads\/2024\/01\/10_SATOSHI-TSUCHIYAMA_03-1024x683.jpg 1024w\" sizes=\"auto, (max-width: 1282px) 100vw, 1282px\" \/><\/a><\/figure>\n\n\n\n<figure class=\"wp-block-image size-large\"><a  href=\"https:\/\/www.landskronafoto.org\/wp-content\/uploads\/2024\/01\/David-Elg-Moob-Landskrona-foto-2022-3.jpg\" data-rel=\"lightbox-gallery-0\" data-rl_title=\"David-Elg-Moob-Landskrona-foto-2022-3\" data-rl_caption=\"\" title=\"David-Elg-Moob-Landskrona-foto-2022-3\"><img loading=\"lazy\" decoding=\"async\" width=\"1981\" height=\"1321\" data-id=\"24219\" src=\"https:\/\/www.landskronafoto.org\/wp-content\/uploads\/2024\/01\/David-Elg-Moob-Landskrona-foto-2022-3.jpg\" alt=\"\" class=\"wp-image-24219\" srcset=\"https:\/\/www.landskronafoto.org\/wp-content\/uploads\/2024\/01\/David-Elg-Moob-Landskrona-foto-2022-3.jpg 1981w, https:\/\/www.landskronafoto.org\/wp-content\/uploads\/2024\/01\/David-Elg-Moob-Landskrona-foto-2022-3-1024x683.jpg 1024w\" sizes=\"auto, (max-width: 1981px) 100vw, 1981px\" \/><\/a><\/figure>\n\n\n\n<figure class=\"wp-block-image size-large\"><a  href=\"https:\/\/www.landskronafoto.org\/wp-content\/uploads\/2024\/01\/Landskrona-foto-fredag_163.jpg\" data-rel=\"lightbox-gallery-0\" data-rl_title=\"Landskrona-foto-fredag_163\" data-rl_caption=\"\" title=\"Landskrona-foto-fredag_163\"><img loading=\"lazy\" decoding=\"async\" width=\"1682\" height=\"1121\" data-id=\"24214\" src=\"https:\/\/www.landskronafoto.org\/wp-content\/uploads\/2024\/01\/Landskrona-foto-fredag_163.jpg\" alt=\"\" class=\"wp-image-24214\" srcset=\"https:\/\/www.landskronafoto.org\/wp-content\/uploads\/2024\/01\/Landskrona-foto-fredag_163.jpg 1682w, https:\/\/www.landskronafoto.org\/wp-content\/uploads\/2024\/01\/Landskrona-foto-fredag_163-1024x682.jpg 1024w, https:\/\/www.landskronafoto.org\/wp-content\/uploads\/2024\/01\/Landskrona-foto-fredag_163-1536x1024.jpg 1536w\" sizes=\"auto, (max-width: 1682px) 100vw, 1682px\" \/><\/a><\/figure>\n\n\n\n<figure class=\"wp-block-image size-large\"><a  href=\"https:\/\/www.landskronafoto.org\/wp-content\/uploads\/2024\/01\/CLARE-HEWITT_-EVERYTHING-IN-THE-FOREST-IS-THE-FOREST-1.jpg\" data-rel=\"lightbox-gallery-0\" data-rl_title=\"CLARE-HEWITT_-EVERYTHING-IN-THE-FOREST-IS-THE-FOREST-1\" data-rl_caption=\"\" title=\"CLARE-HEWITT_-EVERYTHING-IN-THE-FOREST-IS-THE-FOREST-1\"><img loading=\"lazy\" decoding=\"async\" width=\"1440\" height=\"960\" data-id=\"24230\" src=\"https:\/\/www.landskronafoto.org\/wp-content\/uploads\/2024\/01\/CLARE-HEWITT_-EVERYTHING-IN-THE-FOREST-IS-THE-FOREST-1.jpg\" alt=\"\" class=\"wp-image-24230\" srcset=\"https:\/\/www.landskronafoto.org\/wp-content\/uploads\/2024\/01\/CLARE-HEWITT_-EVERYTHING-IN-THE-FOREST-IS-THE-FOREST-1.jpg 1440w, https:\/\/www.landskronafoto.org\/wp-content\/uploads\/2024\/01\/CLARE-HEWITT_-EVERYTHING-IN-THE-FOREST-IS-THE-FOREST-1-1024x683.jpg 1024w\" sizes=\"auto, (max-width: 1440px) 100vw, 1440px\" \/><\/a><\/figure>\n\n\n\n<figure class=\"wp-block-image size-large\"><a  href=\"https:\/\/www.landskronafoto.org\/wp-content\/uploads\/2024\/01\/CHOW-AND-LIN-\u2013-THE-POVERTY-LINE_04-1.jpg\" data-rel=\"lightbox-gallery-0\" data-rl_title=\"CHOW-AND-LIN-\u2013-THE-POVERTY-LINE_04-1\" data-rl_caption=\"\" title=\"CHOW-AND-LIN-\u2013-THE-POVERTY-LINE_04-1\"><img loading=\"lazy\" decoding=\"async\" width=\"1356\" height=\"904\" data-id=\"24234\" src=\"https:\/\/www.landskronafoto.org\/wp-content\/uploads\/2024\/01\/CHOW-AND-LIN-\u2013-THE-POVERTY-LINE_04-1.jpg\" alt=\"\" class=\"wp-image-24234\" srcset=\"https:\/\/www.landskronafoto.org\/wp-content\/uploads\/2024\/01\/CHOW-AND-LIN-\u2013-THE-POVERTY-LINE_04-1.jpg 1356w, https:\/\/www.landskronafoto.org\/wp-content\/uploads\/2024\/01\/CHOW-AND-LIN-\u2013-THE-POVERTY-LINE_04-1-1024x683.jpg 1024w\" sizes=\"auto, (max-width: 1356px) 100vw, 1356px\" \/><\/a><\/figure>\n\n\n\n<figure class=\"wp-block-image size-large\"><a  href=\"https:\/\/www.landskronafoto.org\/wp-content\/uploads\/2024\/01\/Landskrona-foto-fredag_122.jpg\" data-rel=\"lightbox-gallery-0\" data-rl_title=\"Landskrona-foto-fredag_122\" data-rl_caption=\"\" title=\"Landskrona-foto-fredag_122\"><img loading=\"lazy\" decoding=\"async\" width=\"1640\" height=\"1093\" data-id=\"24216\" src=\"https:\/\/www.landskronafoto.org\/wp-content\/uploads\/2024\/01\/Landskrona-foto-fredag_122.jpg\" alt=\"\" class=\"wp-image-24216\" srcset=\"https:\/\/www.landskronafoto.org\/wp-content\/uploads\/2024\/01\/Landskrona-foto-fredag_122.jpg 1640w, https:\/\/www.landskronafoto.org\/wp-content\/uploads\/2024\/01\/Landskrona-foto-fredag_122-1024x682.jpg 1024w, https:\/\/www.landskronafoto.org\/wp-content\/uploads\/2024\/01\/Landskrona-foto-fredag_122-1536x1024.jpg 1536w\" sizes=\"auto, (max-width: 1640px) 100vw, 1640px\" \/><\/a><\/figure>\n\n\n\n<figure class=\"wp-block-image size-large\"><a  href=\"https:\/\/www.landskronafoto.org\/wp-content\/uploads\/2024\/01\/CAROLINA-AGUERO-PHOTOGRAPHIC-COMPILATION-OF-THE-LOCAL-IDENTITY-OF-VALPARAISO_02.jpg\" data-rel=\"lightbox-gallery-0\" data-rl_title=\"CAROLINA-AGUERO-PHOTOGRAPHIC-COMPILATION-OF-THE-LOCAL-IDENTITY-OF-VALPARAISO_02\" data-rl_caption=\"\" title=\"CAROLINA-AGUERO-PHOTOGRAPHIC-COMPILATION-OF-THE-LOCAL-IDENTITY-OF-VALPARAISO_02\"><img loading=\"lazy\" decoding=\"async\" width=\"1343\" height=\"895\" data-id=\"24218\" src=\"https:\/\/www.landskronafoto.org\/wp-content\/uploads\/2024\/01\/CAROLINA-AGUERO-PHOTOGRAPHIC-COMPILATION-OF-THE-LOCAL-IDENTITY-OF-VALPARAISO_02.jpg\" alt=\"\" class=\"wp-image-24218\" srcset=\"https:\/\/www.landskronafoto.org\/wp-content\/uploads\/2024\/01\/CAROLINA-AGUERO-PHOTOGRAPHIC-COMPILATION-OF-THE-LOCAL-IDENTITY-OF-VALPARAISO_02.jpg 1343w, https:\/\/www.landskronafoto.org\/wp-content\/uploads\/2024\/01\/CAROLINA-AGUERO-PHOTOGRAPHIC-COMPILATION-OF-THE-LOCAL-IDENTITY-OF-VALPARAISO_02-1024x682.jpg 1024w\" sizes=\"auto, (max-width: 1343px) 100vw, 1343px\" \/><\/a><\/figure>\n\n\n\n<figure class=\"wp-block-image size-large\"><a  href=\"https:\/\/www.landskronafoto.org\/wp-content\/uploads\/2024\/01\/Landskrona-foto-fredag_99.jpg\" data-rel=\"lightbox-gallery-0\" data-rl_title=\"Landskrona-foto-fredag_99\" data-rl_caption=\"\" title=\"Landskrona-foto-fredag_99\"><img loading=\"lazy\" decoding=\"async\" width=\"1658\" height=\"1105\" data-id=\"24210\" src=\"https:\/\/www.landskronafoto.org\/wp-content\/uploads\/2024\/01\/Landskrona-foto-fredag_99.jpg\" alt=\"\" class=\"wp-image-24210\" srcset=\"https:\/\/www.landskronafoto.org\/wp-content\/uploads\/2024\/01\/Landskrona-foto-fredag_99.jpg 1658w, https:\/\/www.landskronafoto.org\/wp-content\/uploads\/2024\/01\/Landskrona-foto-fredag_99-1024x682.jpg 1024w, https:\/\/www.landskronafoto.org\/wp-content\/uploads\/2024\/01\/Landskrona-foto-fredag_99-1536x1024.jpg 1536w\" sizes=\"auto, (max-width: 1658px) 100vw, 1658px\" \/><\/a><\/figure>\n\n\n\n<figure class=\"wp-block-image size-large\"><a  href=\"https:\/\/www.landskronafoto.org\/wp-content\/uploads\/2024\/01\/ZORA-J-MURFF-AMERICAN-FATHER-AND-AMERICAN-MOTHER-scaled.jpg\" data-rel=\"lightbox-gallery-0\" data-rl_title=\"ZORA-J-MURFF-AMERICAN-FATHER-AND-AMERICAN-MOTHER\" data-rl_caption=\"\" title=\"ZORA-J-MURFF-AMERICAN-FATHER-AND-AMERICAN-MOTHER\"><img loading=\"lazy\" decoding=\"async\" width=\"2048\" height=\"1365\" data-id=\"24204\" src=\"https:\/\/www.landskronafoto.org\/wp-content\/uploads\/2024\/01\/ZORA-J-MURFF-AMERICAN-FATHER-AND-AMERICAN-MOTHER-2048x1365.jpg\" alt=\"\" class=\"wp-image-24204\" srcset=\"https:\/\/www.landskronafoto.org\/wp-content\/uploads\/2024\/01\/ZORA-J-MURFF-AMERICAN-FATHER-AND-AMERICAN-MOTHER-2048x1365.jpg 2048w, https:\/\/www.landskronafoto.org\/wp-content\/uploads\/2024\/01\/ZORA-J-MURFF-AMERICAN-FATHER-AND-AMERICAN-MOTHER-1024x683.jpg 1024w, https:\/\/www.landskronafoto.org\/wp-content\/uploads\/2024\/01\/ZORA-J-MURFF-AMERICAN-FATHER-AND-AMERICAN-MOTHER-1536x1024.jpg 1536w\" sizes=\"auto, (max-width: 2048px) 100vw, 2048px\" \/><\/a><\/figure>\n\n\n\n<figure class=\"wp-block-image size-large\"><a  href=\"https:\/\/www.landskronafoto.org\/wp-content\/uploads\/2024\/01\/TARRAH-KRAJNAK-1979-CONTACT-NEGATIVES_-MASTER-RITUALS-II-WESTON-S-NUDES_04-scaled.jpg\" data-rel=\"lightbox-gallery-0\" data-rl_title=\"TARRAH-KRAJNAK-1979-CONTACT-NEGATIVES_-MASTER-RITUALS-II-WESTON-S-NUDES_04\" data-rl_caption=\"\" title=\"TARRAH-KRAJNAK-1979-CONTACT-NEGATIVES_-MASTER-RITUALS-II-WESTON-S-NUDES_04\"><img loading=\"lazy\" decoding=\"async\" width=\"2048\" height=\"1365\" data-id=\"24200\" src=\"https:\/\/www.landskronafoto.org\/wp-content\/uploads\/2024\/01\/TARRAH-KRAJNAK-1979-CONTACT-NEGATIVES_-MASTER-RITUALS-II-WESTON-S-NUDES_04-2048x1365.jpg\" alt=\"\" class=\"wp-image-24200\" srcset=\"https:\/\/www.landskronafoto.org\/wp-content\/uploads\/2024\/01\/TARRAH-KRAJNAK-1979-CONTACT-NEGATIVES_-MASTER-RITUALS-II-WESTON-S-NUDES_04-2048x1365.jpg 2048w, https:\/\/www.landskronafoto.org\/wp-content\/uploads\/2024\/01\/TARRAH-KRAJNAK-1979-CONTACT-NEGATIVES_-MASTER-RITUALS-II-WESTON-S-NUDES_04-1024x683.jpg 1024w, https:\/\/www.landskronafoto.org\/wp-content\/uploads\/2024\/01\/TARRAH-KRAJNAK-1979-CONTACT-NEGATIVES_-MASTER-RITUALS-II-WESTON-S-NUDES_04-1536x1024.jpg 1536w\" sizes=\"auto, (max-width: 2048px) 100vw, 2048px\" \/><\/a><\/figure>\n\n\n\n<figure class=\"wp-block-image size-large\"><a  href=\"https:\/\/www.landskronafoto.org\/wp-content\/uploads\/2024\/01\/LINA-GEOUSHY-_-SHAME-LESS-\u0645\u0634-\u0639\u064a\u0628-A-PROTEST-AGAINST-SEXUAL-VIOLENCE_08-scaled.jpg\" data-rel=\"lightbox-gallery-0\" data-rl_title=\"LINA-GEOUSHY-_-SHAME-LESS-\u0645\u0634-\u0639\u064a\u0628-A-PROTEST-AGAINST-SEXUAL-VIOLENCE_08\" data-rl_caption=\"\" title=\"LINA-GEOUSHY-_-SHAME-LESS-\u0645\u0634-\u0639\u064a\u0628-A-PROTEST-AGAINST-SEXUAL-VIOLENCE_08\"><img loading=\"lazy\" decoding=\"async\" width=\"2048\" height=\"1365\" data-id=\"24207\" src=\"https:\/\/www.landskronafoto.org\/wp-content\/uploads\/2024\/01\/LINA-GEOUSHY-_-SHAME-LESS-\u0645\u0634-\u0639\u064a\u0628-A-PROTEST-AGAINST-SEXUAL-VIOLENCE_08-2048x1365.jpg\" alt=\"\" class=\"wp-image-24207\" srcset=\"https:\/\/www.landskronafoto.org\/wp-content\/uploads\/2024\/01\/LINA-GEOUSHY-_-SHAME-LESS-\u0645\u0634-\u0639\u064a\u0628-A-PROTEST-AGAINST-SEXUAL-VIOLENCE_08-2048x1365.jpg 2048w, https:\/\/www.landskronafoto.org\/wp-content\/uploads\/2024\/01\/LINA-GEOUSHY-_-SHAME-LESS-\u0645\u0634-\u0639\u064a\u0628-A-PROTEST-AGAINST-SEXUAL-VIOLENCE_08-1024x683.jpg 1024w, https:\/\/www.landskronafoto.org\/wp-content\/uploads\/2024\/01\/LINA-GEOUSHY-_-SHAME-LESS-\u0645\u0634-\u0639\u064a\u0628-A-PROTEST-AGAINST-SEXUAL-VIOLENCE_08-1536x1024.jpg 1536w\" sizes=\"auto, (max-width: 2048px) 100vw, 2048px\" \/><\/a><\/figure>\n\n\n\n<figure class=\"wp-block-image size-large\"><a  href=\"https:\/\/www.landskronafoto.org\/wp-content\/uploads\/2024\/01\/Landskrona-foto-lordag_54.jpg\" data-rel=\"lightbox-gallery-0\" data-rl_title=\"Landskrona-foto-lordag_54\" data-rl_caption=\"\" title=\"Landskrona-foto-lordag_54\"><img loading=\"lazy\" decoding=\"async\" width=\"1682\" height=\"1121\" data-id=\"24201\" src=\"https:\/\/www.landskronafoto.org\/wp-content\/uploads\/2024\/01\/Landskrona-foto-lordag_54.jpg\" alt=\"\" class=\"wp-image-24201\" srcset=\"https:\/\/www.landskronafoto.org\/wp-content\/uploads\/2024\/01\/Landskrona-foto-lordag_54.jpg 1682w, https:\/\/www.landskronafoto.org\/wp-content\/uploads\/2024\/01\/Landskrona-foto-lordag_54-1024x682.jpg 1024w, https:\/\/www.landskronafoto.org\/wp-content\/uploads\/2024\/01\/Landskrona-foto-lordag_54-1536x1024.jpg 1536w\" sizes=\"auto, (max-width: 1682px) 100vw, 1682px\" \/><\/a><\/figure>\n\n\n\n<figure class=\"wp-block-image size-large\"><a  href=\"https:\/\/www.landskronafoto.org\/wp-content\/uploads\/2024\/01\/Landskrona-foto-fredag_73.jpg\" data-rel=\"lightbox-gallery-0\" data-rl_title=\"Landskrona-foto-fredag_73\" data-rl_caption=\"\" title=\"Landskrona-foto-fredag_73\"><img loading=\"lazy\" decoding=\"async\" width=\"1682\" height=\"1121\" data-id=\"24212\" src=\"https:\/\/www.landskronafoto.org\/wp-content\/uploads\/2024\/01\/Landskrona-foto-fredag_73.jpg\" alt=\"\" class=\"wp-image-24212\" srcset=\"https:\/\/www.landskronafoto.org\/wp-content\/uploads\/2024\/01\/Landskrona-foto-fredag_73.jpg 1682w, https:\/\/www.landskronafoto.org\/wp-content\/uploads\/2024\/01\/Landskrona-foto-fredag_73-1024x682.jpg 1024w, https:\/\/www.landskronafoto.org\/wp-content\/uploads\/2024\/01\/Landskrona-foto-fredag_73-1536x1024.jpg 1536w\" sizes=\"auto, (max-width: 1682px) 100vw, 1682px\" \/><\/a><\/figure>\n\n\n\n<figure class=\"wp-block-image size-large\"><img loading=\"lazy\" decoding=\"async\" width=\"1471\" height=\"981\" data-id=\"24206\" src=\"https:\/\/www.landskronafoto.org\/wp-content\/uploads\/2024\/01\/Landskrona-foto-lordag_148.jpg\" alt=\"\" class=\"wp-image-24206\" srcset=\"https:\/\/www.landskronafoto.org\/wp-content\/uploads\/2024\/01\/Landskrona-foto-lordag_148.jpg 1471w, https:\/\/www.landskronafoto.org\/wp-content\/uploads\/2024\/01\/Landskrona-foto-lordag_148-1024x683.jpg 1024w\" sizes=\"auto, (max-width: 1471px) 100vw, 1471px\" \/><\/figure>\n\n\n\n<figure class=\"wp-block-image size-large\"><a  href=\"https:\/\/www.landskronafoto.org\/wp-content\/uploads\/2024\/01\/Landskrona-foto-lordag_8.jpg\" data-rel=\"lightbox-gallery-0\" data-rl_title=\"Landskrona-foto-lordag_8\" data-rl_caption=\"\" title=\"Landskrona-foto-lordag_8\"><img loading=\"lazy\" decoding=\"async\" width=\"1563\" height=\"1042\" data-id=\"24198\" src=\"https:\/\/www.landskronafoto.org\/wp-content\/uploads\/2024\/01\/Landskrona-foto-lordag_8.jpg\" alt=\"\" class=\"wp-image-24198\" srcset=\"https:\/\/www.landskronafoto.org\/wp-content\/uploads\/2024\/01\/Landskrona-foto-lordag_8.jpg 1563w, https:\/\/www.landskronafoto.org\/wp-content\/uploads\/2024\/01\/Landskrona-foto-lordag_8-1024x683.jpg 1024w, https:\/\/www.landskronafoto.org\/wp-content\/uploads\/2024\/01\/Landskrona-foto-lordag_8-1536x1024.jpg 1536w\" sizes=\"auto, (max-width: 1563px) 100vw, 1563px\" \/><\/a><\/figure>\n\n\n\n<figure class=\"wp-block-image size-large\"><a  href=\"https:\/\/www.landskronafoto.org\/wp-content\/uploads\/2023\/02\/lowLandskrona-foto-fredag_185.jpg\" data-rel=\"lightbox-gallery-0\" data-rl_title=\"lowLandskrona-foto-fredag_185\" data-rl_caption=\"\" title=\"lowLandskrona-foto-fredag_185\"><img loading=\"lazy\" decoding=\"async\" width=\"1682\" height=\"1121\" data-id=\"23074\" src=\"https:\/\/www.landskronafoto.org\/wp-content\/uploads\/2023\/02\/lowLandskrona-foto-fredag_185.jpg\" alt=\"\" class=\"wp-image-23074\" srcset=\"https:\/\/www.landskronafoto.org\/wp-content\/uploads\/2023\/02\/lowLandskrona-foto-fredag_185.jpg 1682w, https:\/\/www.landskronafoto.org\/wp-content\/uploads\/2023\/02\/lowLandskrona-foto-fredag_185-1024x682.jpg 1024w, https:\/\/www.landskronafoto.org\/wp-content\/uploads\/2023\/02\/lowLandskrona-foto-fredag_185-1536x1024.jpg 1536w\" sizes=\"auto, (max-width: 1682px) 100vw, 1682px\" \/><\/a><\/figure>\n\n\n\n<figure class=\"wp-block-image size-large\"><a  href=\"https:\/\/www.landskronafoto.org\/wp-content\/uploads\/2023\/02\/Landskrona-foto-fredag_552.jpg\" data-rel=\"lightbox-gallery-0\" data-rl_title=\"Landskrona foto fredag_552\" data-rl_caption=\"\" title=\"Landskrona foto fredag_552\"><img loading=\"lazy\" decoding=\"async\" width=\"1469\" height=\"634\" data-id=\"23069\" src=\"https:\/\/www.landskronafoto.org\/wp-content\/uploads\/2023\/02\/Landskrona-foto-fredag_552.jpg\" alt=\"\" class=\"wp-image-23069\" srcset=\"https:\/\/www.landskronafoto.org\/wp-content\/uploads\/2023\/02\/Landskrona-foto-fredag_552.jpg 1469w, https:\/\/www.landskronafoto.org\/wp-content\/uploads\/2023\/02\/Landskrona-foto-fredag_552-1024x442.jpg 1024w\" sizes=\"auto, (max-width: 1469px) 100vw, 1469px\" \/><\/a><\/figure>\n\n\n\n<figure class=\"wp-block-image size-large\"><a  href=\"https:\/\/www.landskronafoto.org\/wp-content\/uploads\/2023\/02\/webLandskrona-foto-fredag_119.jpg\" data-rel=\"lightbox-gallery-0\" data-rl_title=\"webLandskrona-foto-fredag_119\" data-rl_caption=\"\" title=\"webLandskrona-foto-fredag_119\"><img loading=\"lazy\" decoding=\"async\" width=\"1682\" height=\"1121\" data-id=\"23076\" src=\"https:\/\/www.landskronafoto.org\/wp-content\/uploads\/2023\/02\/webLandskrona-foto-fredag_119.jpg\" alt=\"\" class=\"wp-image-23076\" srcset=\"https:\/\/www.landskronafoto.org\/wp-content\/uploads\/2023\/02\/webLandskrona-foto-fredag_119.jpg 1682w, https:\/\/www.landskronafoto.org\/wp-content\/uploads\/2023\/02\/webLandskrona-foto-fredag_119-1024x682.jpg 1024w, https:\/\/www.landskronafoto.org\/wp-content\/uploads\/2023\/02\/webLandskrona-foto-fredag_119-1536x1024.jpg 1536w\" sizes=\"auto, (max-width: 1682px) 100vw, 1682px\" \/><\/a><\/figure>\n\n\n\n<figure class=\"wp-block-image size-large\"><a  href=\"https:\/\/www.landskronafoto.org\/wp-content\/uploads\/2023\/10\/opencallweb.jpg\" data-rel=\"lightbox-gallery-0\" data-rl_title=\"opencallweb\" data-rl_caption=\"\" title=\"opencallweb\"><img loading=\"lazy\" decoding=\"async\" width=\"1181\" height=\"886\" data-id=\"23948\" src=\"https:\/\/www.landskronafoto.org\/wp-content\/uploads\/2023\/10\/opencallweb.jpg\" alt=\"\" class=\"wp-image-23948\" srcset=\"https:\/\/www.landskronafoto.org\/wp-content\/uploads\/2023\/10\/opencallweb.jpg 1181w, https:\/\/www.landskronafoto.org\/wp-content\/uploads\/2023\/10\/opencallweb-1024x768.jpg 1024w, https:\/\/www.landskronafoto.org\/wp-content\/uploads\/2023\/10\/opencallweb-800x600.jpg 800w\" sizes=\"auto, (max-width: 1181px) 100vw, 1181px\" \/><\/a><\/figure>\n\n\n\n<figure class=\"wp-block-image size-large\"><a  href=\"https:\/\/www.landskronafoto.org\/wp-content\/uploads\/2023\/02\/lowDAVIDE-MONTELEONE-SINOMOCENE_01.jpg\" data-rel=\"lightbox-gallery-0\" data-rl_title=\"lowDAVIDE-MONTELEONE-SINOMOCENE_01\" data-rl_caption=\"\" title=\"lowDAVIDE-MONTELEONE-SINOMOCENE_01\"><img loading=\"lazy\" decoding=\"async\" width=\"1392\" height=\"928\" data-id=\"23072\" src=\"https:\/\/www.landskronafoto.org\/wp-content\/uploads\/2023\/02\/lowDAVIDE-MONTELEONE-SINOMOCENE_01.jpg\" alt=\"\" class=\"wp-image-23072\" srcset=\"https:\/\/www.landskronafoto.org\/wp-content\/uploads\/2023\/02\/lowDAVIDE-MONTELEONE-SINOMOCENE_01.jpg 1392w, https:\/\/www.landskronafoto.org\/wp-content\/uploads\/2023\/02\/lowDAVIDE-MONTELEONE-SINOMOCENE_01-1024x683.jpg 1024w\" sizes=\"auto, (max-width: 1392px) 100vw, 1392px\" \/><\/a><\/figure>\n<\/figure>\n\n\n\n<p class=\"has-small-font-size\">Foto: Oskar F\u00e4ldt, David Elg, Raffaele Piano<\/p>\n\n\n\n<div data-wp-interactive=\"core\/file\" class=\"wp-block-file\"><object data-wp-bind--hidden=\"!state.hasPdfPreview\" hidden class=\"wp-block-file__embed\" data=\"https:\/\/www.landskronafoto.org\/wp-content\/uploads\/2025\/05\/LFF_2022_MINNE_FOLDER_WEB.pdf\" type=\"application\/pdf\" style=\"width:100%;height:600px\" aria-label=\"Embed of LFF_2022_MINNE_FOLDER_WEB.\"><\/object><a id=\"wp-block-file--media-af9b50e2-8a9a-4342-b677-2e25db97e5fd\" href=\"https:\/\/www.landskronafoto.org\/wp-content\/uploads\/2025\/05\/LFF_2022_MINNE_FOLDER_WEB.pdf\">LFF_2022_MINNE_FOLDER_WEB<\/a><a href=\"https:\/\/www.landskronafoto.org\/wp-content\/uploads\/2025\/05\/LFF_2022_MINNE_FOLDER_WEB.pdf\" class=\"wp-block-file__button wp-element-button\" download aria-describedby=\"wp-block-file--media-af9b50e2-8a9a-4342-b677-2e25db97e5fd\">Ladda ner<\/a><\/div>\n\n\n\n<figure class=\"wp-block-embed is-type-rich is-provider-issuu wp-block-embed-issuu\"><div class=\"wp-block-embed__wrapper\">\n<div data-url=\"https:\/\/issuu.com\/landskronastad\/docs\/lff_hd-bilaga_2022_landskrona_web\" style=\"width: 500px; height: 354px;\" class=\"issuuembed\"><\/div><script type=\"text\/javascript\" src=\"\/\/e.issuu.com\/embed.js\" async=\"true\"><\/script>\n<\/div><\/figure>\n","protected":false},"excerpt":{"rendered":"<p>CONSTANZA VALDERRAMAS, SOFIA KARIM, HODA AFSHAR, IMANE DJAMIL, ANITA KHEMKA &amp; IMRAN KOKILOO, TARRAH KRAJNAK, ZORA J MURFF, HALEY MORRIS CAFIERO, RIVER CLAURE, LINA GEOUSHY, [&#8230;]<\/p>\n","protected":false},"author":19,"featured_media":0,"parent":0,"menu_order":0,"comment_status":"closed","ping_status":"closed","template":"","meta":{"_acf_changed":false,"footnotes":""},"class_list":["post-24243","page","type-page","status-publish","hentry","excerpt","full-without-featured","even","excerpt-0"],"acf":[],"_links":{"self":[{"href":"https:\/\/www.landskronafoto.org\/en\/wp-json\/wp\/v2\/pages\/24243","targetHints":{"allow":["GET"]}}],"collection":[{"href":"https:\/\/www.landskronafoto.org\/en\/wp-json\/wp\/v2\/pages"}],"about":[{"href":"https:\/\/www.landskronafoto.org\/en\/wp-json\/wp\/v2\/types\/page"}],"author":[{"embeddable":true,"href":"https:\/\/www.landskronafoto.org\/en\/wp-json\/wp\/v2\/users\/19"}],"replies":[{"embeddable":true,"href":"https:\/\/www.landskronafoto.org\/en\/wp-json\/wp\/v2\/comments?post=24243"}],"version-history":[{"count":5,"href":"https:\/\/www.landskronafoto.org\/en\/wp-json\/wp\/v2\/pages\/24243\/revisions"}],"predecessor-version":[{"id":28258,"href":"https:\/\/www.landskronafoto.org\/en\/wp-json\/wp\/v2\/pages\/24243\/revisions\/28258"}],"wp:attachment":[{"href":"https:\/\/www.landskronafoto.org\/en\/wp-json\/wp\/v2\/media?parent=24243"}],"curies":[{"name":"wp","href":"https:\/\/api.w.org\/{rel}","templated":true}]}}