{"id":26159,"date":"2024-07-05T14:02:06","date_gmt":"2024-07-05T12:02:06","guid":{"rendered":"https:\/\/www.landskronafoto.org\/?page_id=26159"},"modified":"2026-03-24T13:54:47","modified_gmt":"2026-03-24T12:54:47","slug":"global-photographies","status":"publish","type":"page","link":"https:\/\/www.landskronafoto.org\/en\/global-photographies\/","title":{"rendered":"11.30-13.00 Book release of\u00a0Global Photographies\u00a0Duncan Wooldridge and Lucy Soutter in conversation with Nina Mangalanayagam, Tanvi Mishra and \u00c0gnes B\u00e0shty at Exercishallen"},"content":{"rendered":"<div class=\"wp-block-image\">\n<figure class=\"aligncenter size-full is-resized\"><img loading=\"lazy\" decoding=\"async\" width=\"703\" height=\"1000\" src=\"https:\/\/www.landskronafoto.org\/wp-content\/uploads\/2024\/06\/Global-Photographies-Book-Cover-3.jpg\" alt=\"\" class=\"wp-image-26011\" style=\"width:356px;height:auto\"\/><\/figure><\/div>\n\n\n<p><br>The panel conversation on Decolonial Photographies, is hosted by HDK-Valand, Gothenburg University, one of the partners in the network Global Photographies. This international network of academics, artists, photographers, writers, curators and publishers is rooted in exchange and a concern to de-center and decolonise photographic practice. It aims to share knowledge and tools, organise talks, workshops and academic seminars, and give space to expansive contextual and conceptually adventurous approaches to the photographic.<\/p>\n\n\n\n<p>The talk coincides with the launch of the publication&nbsp;<strong><em><strong><em>The Routledge Companion to Global Photographies,&nbsp;<\/em><\/strong><\/em><\/strong>whichprovides a transnational discussion, grounded in dialogue between authors and editors from many locations and contexts.&nbsp;The section&nbsp;<em>Decolonial Practices: Speaking Back to the Canon<\/em>, edited by&nbsp;Nina Mangalanayagam and Emese Mucsi, reflects the variety and complexity of postcolonial legacies, with a set of contributions that frame photography\u2019s potential to be used within decolonial practices in contexts as diverse as South Asia, Greenland, Hungary and South Africa. In this panel discussion the editors of the book, Duncan Wooldridge and Lucy Soutter, will be in conversation with the contributors of the book Nina Mangalanayagam, Tanvi Mishra and \u00c0gnes B\u00e0shty to discuss key terminology and unpack the ways contemporary photographic projects speak back to colonial pasts through processes including the strategic reframing of archival materials, engagement with indigenous practices, and the construction of auto-narratives.<\/p>\n\n\n\n<p><strong>Editor Biographies<\/strong><\/p>\n\n\n<div class=\"wp-block-image\">\n<figure class=\"alignleft is-resized\"><img loading=\"lazy\" decoding=\"async\" width=\"450\" height=\"600\" src=\"https:\/\/www.landskronafoto.org\/wp-content\/uploads\/2024\/06\/IMG_4641-3.jpeg\" alt=\"\" class=\"wp-image-26027\" style=\"width:157px;height:auto\"\/><figcaption class=\"wp-element-caption\"><strong>\u00a9<\/strong>Eugenie Shinkle<\/figcaption><\/figure><\/div>\n\n\n<p><strong>Lucy Soutter<\/strong>&nbsp;is an artist and writer based in London. She is Reader in Photography at the University of Westminster. Her work focuses on questions of value and meaning in the expanded field of photography and contemporary art. She is the author of&nbsp;<em>Why Art Photography?&nbsp;<\/em>(2<sup>nd<\/sup>&nbsp;ed. 2018), co-editor of<em>&nbsp;Writer Conversations<\/em>&nbsp;(2023) and writes for publications including&nbsp;<em>1000 Words, Photoworks&nbsp;<\/em>and&nbsp;<em>Source<\/em>.<\/p>\n\n\n\n<p><br><br><\/p>\n\n\n<div class=\"wp-block-image\">\n<figure class=\"alignright size-full is-resized\"><img loading=\"lazy\" decoding=\"async\" width=\"1000\" height=\"1000\" src=\"https:\/\/www.landskronafoto.org\/wp-content\/uploads\/2024\/06\/Duncan-Wooldridge.jpg\" alt=\"\" class=\"wp-image-26100\" style=\"width:201px;height:auto\" srcset=\"https:\/\/www.landskronafoto.org\/wp-content\/uploads\/2024\/06\/Duncan-Wooldridge.jpg 1000w, https:\/\/www.landskronafoto.org\/wp-content\/uploads\/2024\/06\/Duncan-Wooldridge-150x150.jpg 150w\" sizes=\"auto, (max-width: 1000px) 100vw, 1000px\" \/><\/figure><\/div>\n\n\n<p><strong>Duncan Wooldridge<\/strong>\u00a0is an artist and writer and is Reader in Photography at the School of Digital Arts, Manchester School of Art, Manchester Metropolitan University. His research explores experimentation, materialities and photography\u2019s future tenses. He is the editor of\u00a0<em>John Hilliard: Not Black and White<\/em>\u00a0(2014), the author of\u00a0<em>To Be Determined: Photography and the Future<\/em>\u00a0(2021) and the co-editor of\u00a0<em>Writer Conversations<\/em>\u00a0(2023).<\/p>\n\n\n\n<p><\/p>\n\n\n\n<p><strong>Contributor Biographies<\/strong><\/p>\n\n\n<div class=\"wp-block-image\">\n<figure class=\"alignleft is-resized\"><img loading=\"lazy\" decoding=\"async\" width=\"600\" height=\"600\" src=\"https:\/\/www.landskronafoto.org\/wp-content\/uploads\/2024\/06\/portrait_-Agnes_Basthy-2.jpg\" alt=\"\" class=\"wp-image-26029\" style=\"width:197px;height:auto\" srcset=\"https:\/\/www.landskronafoto.org\/wp-content\/uploads\/2024\/06\/portrait_-Agnes_Basthy-2.jpg 600w, https:\/\/www.landskronafoto.org\/wp-content\/uploads\/2024\/06\/portrait_-Agnes_Basthy-2-150x150.jpg 150w\" sizes=\"auto, (max-width: 600px) 100vw, 600px\" \/><\/figure><\/div>\n\n\n<p><strong>\u00c1gnes B\u00e1sthy<\/strong>&nbsp;is PhD student in the Doctoral School of Sociology at E\u00f6tv\u00f6s Lor\u00e1nd University&nbsp;(ELTE) Budapest.&nbsp;Her current research focuses on contemporary art in Hungary since the regime change. She&nbsp;completed an MA in Sociology at the University of Szeged and her thesis analyzed the field of fine art photography in&nbsp;state socialist Hungary. She has been working at the intersection of culture, sociology and art for more than a decade as a researcher, critic and organizer.&nbsp;<\/p>\n\n\n<div class=\"wp-block-image\">\n<figure class=\"alignright is-resized\"><img loading=\"lazy\" decoding=\"async\" width=\"480\" height=\"720\" src=\"https:\/\/www.landskronafoto.org\/wp-content\/uploads\/2024\/06\/Nina-Mangalanayagam-Credit-Hendrik-Zeitler-1.jpg\" alt=\"\" class=\"wp-image-26031\" style=\"width:161px;height:auto\"\/><figcaption class=\"wp-element-caption\">Nina Mangalanayagam<br>HDK Valand Fotografi<br><strong>\u00a9<\/strong>Hendrik Zeitler<\/figcaption><\/figure><\/div>\n\n\n<p><br><strong>Nina Mangalanayagam&nbsp;<\/strong>is a Senior Lecturer at HDK-Valand, Sweden. She researches hybridity and decolonial image making through photography and video and completed her PhD at Westminster University, UK, in 2015. Her current research includes&nbsp;<em>Glitch and Photography<\/em>&nbsp;in collaboration with the Hasselblad Foundation, and&nbsp;<em>Colouring-in-Sweden<\/em>, funded by the Swedish Research Council.<\/p>\n\n\n<div class=\"wp-block-image\">\n<figure class=\"alignleft is-resized\"><img loading=\"lazy\" decoding=\"async\" width=\"525\" height=\"700\" src=\"https:\/\/www.landskronafoto.org\/wp-content\/uploads\/2024\/06\/Tanvi_Portrait-by-Akshay-Mahajan_300DPI_1500px-1.jpg\" alt=\"\" class=\"wp-image-26033\" style=\"width:168px;height:auto\"\/><figcaption class=\"wp-element-caption\"><strong>\u00a9<\/strong>Akshay Mahajan<\/figcaption><\/figure><\/div>\n\n\n<p><strong>Tanvi Mishra&nbsp;<\/strong>is a curator, photo editor and writer based in New Delhi. She is part of the photo-editorial team of&nbsp;<em>PIX<\/em>, has been Creative Director of&nbsp;<em>The Caravan<\/em>, and has contributed as a curator to events including Photo Kathmandu, Delhi Photo Festival, BredaPhoto Biennial and Rencontres D\u2019 Arles.<\/p>\n","protected":false},"excerpt":{"rendered":"<p>The panel conversation on Decolonial Photographies, is hosted by HDK-Valand, Gothenburg University, one of the partners in the network Global Photographies. This international network of [&#8230;]<\/p>\n","protected":false},"author":19,"featured_media":0,"parent":0,"menu_order":13,"comment_status":"closed","ping_status":"closed","template":"","meta":{"_acf_changed":false,"footnotes":""},"class_list":["post-26159","page","type-page","status-publish","hentry","excerpt","full-without-featured","even","excerpt-0"],"acf":[],"_links":{"self":[{"href":"https:\/\/www.landskronafoto.org\/en\/wp-json\/wp\/v2\/pages\/26159","targetHints":{"allow":["GET"]}}],"collection":[{"href":"https:\/\/www.landskronafoto.org\/en\/wp-json\/wp\/v2\/pages"}],"about":[{"href":"https:\/\/www.landskronafoto.org\/en\/wp-json\/wp\/v2\/types\/page"}],"author":[{"embeddable":true,"href":"https:\/\/www.landskronafoto.org\/en\/wp-json\/wp\/v2\/users\/19"}],"replies":[{"embeddable":true,"href":"https:\/\/www.landskronafoto.org\/en\/wp-json\/wp\/v2\/comments?post=26159"}],"version-history":[{"count":4,"href":"https:\/\/www.landskronafoto.org\/en\/wp-json\/wp\/v2\/pages\/26159\/revisions"}],"predecessor-version":[{"id":26492,"href":"https:\/\/www.landskronafoto.org\/en\/wp-json\/wp\/v2\/pages\/26159\/revisions\/26492"}],"wp:attachment":[{"href":"https:\/\/www.landskronafoto.org\/en\/wp-json\/wp\/v2\/media?parent=26159"}],"curies":[{"name":"wp","href":"https:\/\/api.w.org\/{rel}","templated":true}]}}