{"id":26643,"date":"2024-08-12T11:06:29","date_gmt":"2024-08-12T09:06:29","guid":{"rendered":"https:\/\/www.landskronafoto.org\/cff-peripheral-vision-images-from-the-fringe-of-europe-amp-periferi\/"},"modified":"2024-08-12T13:47:42","modified_gmt":"2024-08-12T11:47:42","slug":"cff-peripheral-vision-images-from-the-fringe-of-europe-amp-periferi","status":"publish","type":"page","link":"https:\/\/www.landskronafoto.org\/en\/cff-peripheral-vision-images-from-the-fringe-of-europe-amp-periferi\/","title":{"rendered":"CFF &#8211; PERIPHERAL VISION: IMAGES FROM THE FRINGE OF EUROPE &amp; PERIFERI AT EXERCISHALLEN"},"content":{"rendered":"<div class=\"wp-block-image\">\n<figure class=\"aligncenter size-full is-resized\"><img loading=\"lazy\" decoding=\"async\" width=\"800\" height=\"533\" src=\"https:\/\/www.landskronafoto.org\/wp-content\/uploads\/2024\/08\/DSF0715-kopiera.jpg\" alt=\"\" class=\"wp-image-26586\" style=\"width:620px;height:auto\"\/><figcaption class=\"wp-element-caption\"><strong>\u00a9<\/strong>Albert Sten<\/figcaption><\/figure><\/div>\n\n\n<p><strong>Peripheral Vision: Images from the Fringe of Europe<\/strong><\/p>\n\n\n\n<p>Editors: Kristyna M\u00fcller, Magnus af Petersens<br>Texts: Magnus Bons, Onkar Kular, Olga Krzeszowiec Malmsten, Elisa Medde, Kristyna M\u00fcller, Magnus af Petersens, Ieva Ruadsepa, Dragana Vujanovi\u0107 \u00d6stlind<br>Design: Lundgren+Lindqvist<br>2023, English, softcover<br>352 pages, 21,6 x 27,6 cm<\/p>\n\n\n\n<p>Peripheral vision is the ability to see things outside of your direct line of sight. To notice and pay attention to what isn\u2019t necessarily most obvious is a gift that the photographers in this book share. They represent different views and approaches to a changing Sweden and shows a selection of contemporary photography that oscillates between the documentary and the poetic.<strong>&nbsp;<\/strong>This book collects twenty Swedish photographic practices, most of which have emerged during the last decade. It is produced by The Center for Photography (CFF-Centrum f\u00f6r fotografi) in Sweden, with the ambition of deepening knowledge about Swedish photography and helping it to reach a wider audience in Sweden and abroad.<\/p>\n\n\n\n<p>Participating artists: Ikram Abdulkadir, Karin Alfredsson, Elin Berge, Maja Daniels, Charlotta Hammar, Erik Holmstedt, Martina Hoogland Ivanow, Cia Kanthi, Heikki Kaski, Klara K\u00e4llstr\u00f6m &amp; Thobias F\u00e4ldt, M\u00e5rten Lange, Inka &amp; Niclas Linderg\u00e5rd, Eric Magassa, Martin Magntorn, Chris Maluszynski, Katarina Pirak Sikku, Mia Rogersdotter Gran, Sofia Runarsdotter, Johannes Samuelsson and M\u00e4rta Thisner.<\/p>\n\n\n\n<p>The book is distributed by Art &amp; Theory Publishing.<\/p>\n\n\n<div class=\"wp-block-image\">\n<figure class=\"aligncenter size-full is-resized\"><img loading=\"lazy\" decoding=\"async\" width=\"800\" height=\"705\" src=\"https:\/\/www.landskronafoto.org\/wp-content\/uploads\/2024\/08\/peoolsson220828_periferi23a-kopiera.jpg\" alt=\"\" class=\"wp-image-26588\" style=\"width:540px;height:auto\"\/><figcaption class=\"wp-element-caption\"><strong>\u00a9<\/strong>Peo Olsson<\/figcaption><\/figure><\/div>\n\n\n<p><strong>Periferi<\/strong><\/p>\n\n\n\n<p><em>Periferi<\/em>\u00a0is a project by Centrum f\u00f6r fotografi that started in 2021 in V\u00e4stra G\u00f6taland. By publishing photo zines from various photographers, we aim to spotlight photography being created across Sweden. The individual photographers&#8217; zines are presented in a collective box set.<\/p>\n\n\n\n<p>So far,&nbsp;<em>Periferi<\/em>&nbsp;has taken place in V\u00e4stra G\u00f6taland (2021), Sk\u00e5ne (2022), and Northern Sweden (2023). The Center for Photography intends to carry out&nbsp;<em>Periferi<\/em>&nbsp;across the entire country, creating four box sets featuring the work of approximately 60 different photographers. The result will be a remarkable documentation of contemporary photography in Sweden. The photographers design their own zines with guidance from the design agency Lundgren+Lindqvist.<\/p>\n\n\n\n<p>In the spring of 2023, the&nbsp;<em>Periferi<\/em>&nbsp;project took place in northern Sweden. This time, the participants were from V\u00e4sternorrland, V\u00e4sterbotten, and Norrbotten. The jury that selected the 14 participants included Mia Bengtsson Plynning from CFF, Lina Aastrup from V\u00e4sternorrland County Museum, Cecilia Andersson from the MAN Museum, and Anna Norrlander and Lejla Porovic from Sundsvall Museum.<\/p>\n","protected":false},"excerpt":{"rendered":"<p>Peripheral Vision: Images from the Fringe of Europe Editors: Kristyna M\u00fcller, Magnus af PetersensTexts: Magnus Bons, Onkar Kular, Olga Krzeszowiec Malmsten, Elisa Medde, Kristyna M\u00fcller, [&#8230;]<\/p>\n","protected":false},"author":19,"featured_media":0,"parent":0,"menu_order":0,"comment_status":"closed","ping_status":"closed","template":"","meta":{"_acf_changed":false,"footnotes":""},"class_list":["post-26643","page","type-page","status-publish","hentry","excerpt","full-without-featured","even","excerpt-0"],"acf":[],"_links":{"self":[{"href":"https:\/\/www.landskronafoto.org\/en\/wp-json\/wp\/v2\/pages\/26643","targetHints":{"allow":["GET"]}}],"collection":[{"href":"https:\/\/www.landskronafoto.org\/en\/wp-json\/wp\/v2\/pages"}],"about":[{"href":"https:\/\/www.landskronafoto.org\/en\/wp-json\/wp\/v2\/types\/page"}],"author":[{"embeddable":true,"href":"https:\/\/www.landskronafoto.org\/en\/wp-json\/wp\/v2\/users\/19"}],"replies":[{"embeddable":true,"href":"https:\/\/www.landskronafoto.org\/en\/wp-json\/wp\/v2\/comments?post=26643"}],"version-history":[{"count":1,"href":"https:\/\/www.landskronafoto.org\/en\/wp-json\/wp\/v2\/pages\/26643\/revisions"}],"predecessor-version":[{"id":26645,"href":"https:\/\/www.landskronafoto.org\/en\/wp-json\/wp\/v2\/pages\/26643\/revisions\/26645"}],"wp:attachment":[{"href":"https:\/\/www.landskronafoto.org\/en\/wp-json\/wp\/v2\/media?parent=26643"}],"curies":[{"name":"wp","href":"https:\/\/api.w.org\/{rel}","templated":true}]}}