{"id":29052,"date":"2026-02-26T09:53:47","date_gmt":"2026-02-26T08:53:47","guid":{"rendered":"https:\/\/www.landskronafoto.org\/?page_id=29052"},"modified":"2026-02-26T09:57:32","modified_gmt":"2026-02-26T08:57:32","slug":"lena-amuat-zoe-meyer","status":"publish","type":"page","link":"https:\/\/www.landskronafoto.org\/en\/lena-amuat-zoe-meyer\/","title":{"rendered":"\u00a01.5-20.9 2026 Outdoor exhibition at Tycho Brahe Museum \/ Lena Amuat &amp; Zo\u00eb Meyer- Mathematical Models 2009\u20132026"},"content":{"rendered":"\n<figure class=\"wp-block-gallery has-nested-images columns-default is-cropped wp-block-gallery-1 is-layout-flex wp-block-gallery-is-layout-flex\">\n<figure class=\"wp-block-image size-large\"><img loading=\"lazy\" decoding=\"async\" width=\"1444\" height=\"2048\" data-id=\"29058\" src=\"https:\/\/www.landskronafoto.org\/wp-content\/uploads\/2026\/02\/LAZM_MM_Nr.132-1444x2048.jpg\" alt=\"\" class=\"wp-image-29058\" srcset=\"https:\/\/www.landskronafoto.org\/wp-content\/uploads\/2026\/02\/LAZM_MM_Nr.132-1444x2048.jpg 1444w, https:\/\/www.landskronafoto.org\/wp-content\/uploads\/2026\/02\/LAZM_MM_Nr.132-722x1024.jpg 722w, https:\/\/www.landskronafoto.org\/wp-content\/uploads\/2026\/02\/LAZM_MM_Nr.132-1083x1536.jpg 1083w, https:\/\/www.landskronafoto.org\/wp-content\/uploads\/2026\/02\/LAZM_MM_Nr.132.jpg 1500w\" sizes=\"auto, (max-width: 1444px) 100vw, 1444px\" \/><\/figure>\n\n\n\n<figure class=\"wp-block-image size-large\"><img loading=\"lazy\" decoding=\"async\" width=\"1439\" height=\"2048\" data-id=\"29055\" src=\"https:\/\/www.landskronafoto.org\/wp-content\/uploads\/2026\/02\/LAZM_MM_Nr.157-1439x2048.jpg\" alt=\"\" class=\"wp-image-29055\" srcset=\"https:\/\/www.landskronafoto.org\/wp-content\/uploads\/2026\/02\/LAZM_MM_Nr.157-1439x2048.jpg 1439w, https:\/\/www.landskronafoto.org\/wp-content\/uploads\/2026\/02\/LAZM_MM_Nr.157-719x1024.jpg 719w, https:\/\/www.landskronafoto.org\/wp-content\/uploads\/2026\/02\/LAZM_MM_Nr.157-1079x1536.jpg 1079w, https:\/\/www.landskronafoto.org\/wp-content\/uploads\/2026\/02\/LAZM_MM_Nr.157.jpg 1500w\" sizes=\"auto, (max-width: 1439px) 100vw, 1439px\" \/><\/figure>\n<\/figure>\n\n\n\n<p class=\"has-small-font-size\"><strong>\u00a9<\/strong> Lena Amuat and Zo\u00eb Meyer<\/p>\n\n\n\n<h4 class=\"wp-block-heading has-black-color has-text-color has-background has-link-color wp-elements-ddd36da9905a37c208cc9b207a4caea1\" style=\"background-color:#e84e0f\"><strong>Location:<\/strong> Renaissance Garden, <a href=\"https:\/\/ilandskrona.se\/en\/visit\/ven\/the-tycho-brahe-museum\/\" data-type=\"link\" data-id=\"https:\/\/ilandskrona.se\/en\/visit\/ven\/the-tycho-brahe-museum\/\">Tycho Brahe Museum<\/a>, Ven. <strong>Opening hours:<\/strong> 1 May \u2013 31 August, 09:30\u201316:00, 19 June (Midsummer\u2019s Eve): Closed. September: Saturdays and Sundays, 09:30\u201314:00 <strong>Admission fees:<\/strong> Children up to 12 years: Free. Youth 13\u201319 years: SEK 60. Adults: SEK 120<br>Students\/Seniors (ID required): SEK 80. The exhibition is part of Landskrona Foto Festival 2026 and is included in the festival ticket from 4\u201320 September.<\/h4>\n\n\n\n<p><\/p>\n\n\n\n<h4 class=\"wp-block-heading\">In the Renaissance garden at the Tycho Brahe Museum, where the Danish astronomer and mathematician in the 16th century devoted himself<br>to measuring celestial bodies in one of history\u2019s first purpose-built observatories, objects once tied to specific systems of knowledge are given new life in the photographic work of Lena Amuat and Zo\u00eb Meyer.<\/h4>\n\n\n\n<p><br>For their ongoing series Mathematical Models, Amuat &amp; Meyer travel to scientific collections, university archives, and museums across Europe to unearth historical mathematical teaching models long retired from use. These objects \u2013 concrete visualisations of abstract formulae and systems of thought \u2013 are often found packed away and forgotten, replaced by digital representations and at risk of disappearing.<\/p>\n\n\n\n<p><br>Working with a mobile analogue studio, the artists photograph each model using 35 mm negative film, staged against vivid or neutral backdrops that strip them of functional context and open new visual readings. Once instruments of knowledge, the objects become enigmatic forms: precise, tactile, and charged with layered histories.<\/p>\n\n\n\n<p><br>Through this process, Amuat &amp; Meyer question how scientific models shape our understanding of the world, revealing both the beauty and the ambiguity embedded in systems of representation.<\/p>\n\n\n<div class=\"wp-block-image\">\n<figure class=\"alignright size-full\"><img loading=\"lazy\" decoding=\"async\" width=\"2560\" height=\"1920\" src=\"https:\/\/www.landskronafoto.org\/wp-content\/uploads\/2026\/02\/Lena-Amuat-Zoe-Meyer-scaled.jpeg\" alt=\"\" class=\"wp-image-29053\" srcset=\"https:\/\/www.landskronafoto.org\/wp-content\/uploads\/2026\/02\/Lena-Amuat-Zoe-Meyer-scaled.jpeg 2560w, https:\/\/www.landskronafoto.org\/wp-content\/uploads\/2026\/02\/Lena-Amuat-Zoe-Meyer-1024x768.jpeg 1024w, https:\/\/www.landskronafoto.org\/wp-content\/uploads\/2026\/02\/Lena-Amuat-Zoe-Meyer-2048x1536.jpeg 2048w, https:\/\/www.landskronafoto.org\/wp-content\/uploads\/2026\/02\/Lena-Amuat-Zoe-Meyer-1536x1152.jpeg 1536w, https:\/\/www.landskronafoto.org\/wp-content\/uploads\/2026\/02\/Lena-Amuat-Zoe-Meyer-800x600.jpeg 800w\" sizes=\"auto, (max-width: 2560px) 100vw, 2560px\" \/><figcaption class=\"wp-element-caption\"><strong>\u00a9<\/strong> Lena Amuat and Zo\u00eb Meyer<\/figcaption><\/figure><\/div>\n\n\n<p><\/p>\n\n\n\n<p>Lena Amuat (b. 1977) and Zo\u00eb Meyer (b. 1975) are a Swiss artist duo working between Zurich and Berlin. Both studied photography at the Z\u00fcrcher Hochschule der K\u00fcnste, where they later completed a joint MA in Fine Arts in 2013. They have collaborated closely since 2008. Through research and analogue photography, Amuat &amp; Meyer ex-plore scientific models, archival systems, and the material culture of knowledge. Their work has been exhibited extensively across Europe and published in six artist books. They are represented by the Robert Morat Gallery.<\/p>\n\n\n\n<p>.<\/p>\n\n\n\n<p><\/p>\n\n\n\n<div class=\"wp-block-columns is-layout-flex wp-container-core-columns-is-layout-9d6595d7 wp-block-columns-is-layout-flex\">\n<div class=\"wp-block-column is-layout-flow wp-block-column-is-layout-flow\"><\/div>\n\n\n\n<div class=\"wp-block-column is-layout-flow wp-block-column-is-layout-flow\"><\/div>\n<\/div>\n","protected":false},"excerpt":{"rendered":"<p>\u00a9 Lena Amuat and Zo\u00eb Meyer Location: Renaissance Garden, Tycho Brahe Museum, Ven. Opening hours: 1 May \u2013 31 August, 09:30\u201316:00, 19 June (Midsummer\u2019s Eve): [&#8230;]<\/p>\n","protected":false},"author":19,"featured_media":0,"parent":0,"menu_order":7,"comment_status":"closed","ping_status":"closed","template":"","meta":{"_acf_changed":false,"footnotes":""},"class_list":["post-29052","page","type-page","status-publish","hentry","excerpt","full-without-featured","even","excerpt-0"],"acf":[],"_links":{"self":[{"href":"https:\/\/www.landskronafoto.org\/en\/wp-json\/wp\/v2\/pages\/29052","targetHints":{"allow":["GET"]}}],"collection":[{"href":"https:\/\/www.landskronafoto.org\/en\/wp-json\/wp\/v2\/pages"}],"about":[{"href":"https:\/\/www.landskronafoto.org\/en\/wp-json\/wp\/v2\/types\/page"}],"author":[{"embeddable":true,"href":"https:\/\/www.landskronafoto.org\/en\/wp-json\/wp\/v2\/users\/19"}],"replies":[{"embeddable":true,"href":"https:\/\/www.landskronafoto.org\/en\/wp-json\/wp\/v2\/comments?post=29052"}],"version-history":[{"count":5,"href":"https:\/\/www.landskronafoto.org\/en\/wp-json\/wp\/v2\/pages\/29052\/revisions"}],"predecessor-version":[{"id":29174,"href":"https:\/\/www.landskronafoto.org\/en\/wp-json\/wp\/v2\/pages\/29052\/revisions\/29174"}],"wp:attachment":[{"href":"https:\/\/www.landskronafoto.org\/en\/wp-json\/wp\/v2\/media?parent=29052"}],"curies":[{"name":"wp","href":"https:\/\/api.w.org\/{rel}","templated":true}]}}