{"id":29359,"date":"2026-04-08T14:55:13","date_gmt":"2026-04-08T12:55:13","guid":{"rendered":"https:\/\/www.landskronafoto.org\/?page_id=29359"},"modified":"2026-04-08T15:30:11","modified_gmt":"2026-04-08T13:30:11","slug":"fotoboksdagarna-4-6-september","status":"publish","type":"page","link":"https:\/\/www.landskronafoto.org\/en\/fotoboksdagarna-4-6-september\/","title":{"rendered":"FOTOBOKSDAGARNA 4-6 SEPTEMBER"},"content":{"rendered":"\n<p><\/p>\n\n\n\n<p class=\"has-background\" style=\"background-color:#d3d6d8\"><strong>PLATS:<\/strong>\u00a0Landskrona teater<\/p>\n\n\n\n<p><\/p>\n\n\n\n<p>Vi v\u00e4lkomnar alla intresserade till Landskrona teater under tre intensiva dagar d\u00e4r fotoboken st\u00e5r i centrum. Marknaden \u00e4ger rum i teaterns \u00f6vre foaj\u00e9, i direkt anslutning till Landskrona Fotos scenprogram. H\u00e4r medverkar f\u00f6rlag samt enskilda fotografer som presenterar och s\u00e4ljer sina publikationer. Bes\u00f6karna ges m\u00f6jlighet att uppt\u00e4cka nya titlar, f\u00f6rdjupa sig i samtida fotobokslitteratur och m\u00f6ta akt\u00f6rerna bakom b\u00f6ckerna.<\/p>\n\n\n\n<p>P\u00e5 restaurang Matscenen kan du under lunchtid lyssna till utvalda fotografer som presenterar sina bokprojekt och ber\u00e4ttar om sina arbetsprocesser och id\u00e9er. I anslutning till marknaden visas \u00e4ven utst\u00e4llningar, d\u00e4ribland Svenska Fotografers F\u00f6rbunds \u00e5rliga fotobokspris.<\/p>\n\n\n\n<p>Fotoboksdagarna syftar till att sprida intresset f\u00f6r fotografi och fotoboken som konstn\u00e4rlig och publicistisk form. Liksom tidigare \u00e5r skapas en m\u00f6tesplats d\u00e4r f\u00f6rlag, fotografer och publik kan m\u00f6tas, samtala och utbyta erfarenheter.<\/p>\n\n\n\n<p>\u00c5rets upplaga har \u00e4ven ett s\u00e4rskilt fokus p\u00e5 l\u00e4supplevelsen. En s\u00e4rskild plats f\u00f6r l\u00e4sning kommer att finnas p\u00e5 caf\u00e9et i Landskrona konsthall och h\u00e4r erbjuds ett urval av f\u00f6rlagens titlar f\u00f6r f\u00f6rdjupning. Caf\u00e9et h\u00e5ller \u00f6ppet under hela festivalen och ger bes\u00f6kare m\u00f6jlighet att i lugn och ro ta del av fotolitteratur inom olika genrer och uttryck.<\/p>\n\n\n\n<p>Ses i september!<\/p>\n\n\n\n<p><\/p>\n\n\n\n<p>\u00c5rets upplaga\u00a0av Fotoboksdagarna arrangeras av Null &amp; Void Books i samarbete med Landskrona Foto.<\/p>\n\n\n\n<p>F\u00f6r mer info kontakta Null &amp; Void Books:<\/p>\n\n\n\n<p>info@nullandvoidbooks.com<\/p>\n","protected":false},"excerpt":{"rendered":"<p>PLATS:\u00a0Landskrona teater Vi v\u00e4lkomnar alla intresserade till Landskrona teater under tre intensiva dagar d\u00e4r fotoboken st\u00e5r i centrum. Marknaden \u00e4ger rum i teaterns \u00f6vre foaj\u00e9, [&#8230;]<\/p>\n","protected":false},"author":19,"featured_media":0,"parent":0,"menu_order":0,"comment_status":"closed","ping_status":"closed","template":"","meta":{"_acf_changed":false,"footnotes":""},"class_list":["post-29359","page","type-page","status-publish","hentry","excerpt","full-without-featured","even","excerpt-0"],"acf":[],"_links":{"self":[{"href":"https:\/\/www.landskronafoto.org\/en\/wp-json\/wp\/v2\/pages\/29359","targetHints":{"allow":["GET"]}}],"collection":[{"href":"https:\/\/www.landskronafoto.org\/en\/wp-json\/wp\/v2\/pages"}],"about":[{"href":"https:\/\/www.landskronafoto.org\/en\/wp-json\/wp\/v2\/types\/page"}],"author":[{"embeddable":true,"href":"https:\/\/www.landskronafoto.org\/en\/wp-json\/wp\/v2\/users\/19"}],"replies":[{"embeddable":true,"href":"https:\/\/www.landskronafoto.org\/en\/wp-json\/wp\/v2\/comments?post=29359"}],"version-history":[{"count":2,"href":"https:\/\/www.landskronafoto.org\/en\/wp-json\/wp\/v2\/pages\/29359\/revisions"}],"predecessor-version":[{"id":29363,"href":"https:\/\/www.landskronafoto.org\/en\/wp-json\/wp\/v2\/pages\/29359\/revisions\/29363"}],"wp:attachment":[{"href":"https:\/\/www.landskronafoto.org\/en\/wp-json\/wp\/v2\/media?parent=29359"}],"curies":[{"name":"wp","href":"https:\/\/api.w.org\/{rel}","templated":true}]}}